{"id":96031,"date":"2025-10-02T11:26:00","date_gmt":"2025-10-02T11:26:00","guid":{"rendered":"https:\/\/ruegg.ping-ag.ch\/produkt\/809018roadrideruniversalmedium-avo\/"},"modified":"2026-03-31T11:15:43","modified_gmt":"2026-03-31T11:15:43","slug":"809018roadrideruniversalmedium-avo","status":"publish","type":"product","link":"https:\/\/ruegg.ping-ag.ch\/it\/produkt\/809018roadrideruniversalmedium-avo\/","title":{"rendered":"<div class='designation1'>Avon Motopneu SSN F+R<\/div><div class='designation2'>80\/90 - 18 TT Roadrider Universale Medio<\/div>"},"content":{"rendered":"<div class='html translation-block'>\n<p><span style=\"font-weight:bold;font-family:Verdana;font-size:19px;color:#666666\">Roadrider Universal Medium<\/span><\/p>\n<p><span style=\"font-family:Verdana;font-size:14px;color:#5a6666\">Il Roadrider Universal \u00e8 stato sviluppato per moto di tutte le et\u00e0 e offre un significativo salto di qualit\u00e0 in termini di prestazioni e affidabilit\u00e0 rispetto al suo predecessore. <\/span><\/p>\n<\/p>\n<\/div>","protected":false},"excerpt":{"rendered":"<p>Avon Motopneu SSN F+R<\/p>","protected":false},"featured_media":96030,"template":"","meta":{"_acf_changed":false,"ep_exclude_from_search":false},"product_brand":[],"product_cat":[18994,18998],"product_tag":[],"class_list":{"0":"post-96031","1":"product","2":"type-product","3":"status-publish","4":"has-post-thumbnail","6":"product_cat-motorrad","7":"product_cat-motorradreifen","9":"first","10":"outofstock","11":"taxable","12":"shipping-taxable","13":"purchasable","14":"product-type-simple"},"acf":[],"_links":{"self":[{"href":"https:\/\/ruegg.ping-ag.ch\/it\/wp-json\/wp\/v2\/product\/96031","targetHints":{"allow":["GET"]}}],"collection":[{"href":"https:\/\/ruegg.ping-ag.ch\/it\/wp-json\/wp\/v2\/product"}],"about":[{"href":"https:\/\/ruegg.ping-ag.ch\/it\/wp-json\/wp\/v2\/types\/product"}],"wp:featuredmedia":[{"embeddable":true,"href":"https:\/\/ruegg.ping-ag.ch\/it\/wp-json\/wp\/v2\/media\/96030"}],"wp:attachment":[{"href":"https:\/\/ruegg.ping-ag.ch\/it\/wp-json\/wp\/v2\/media?parent=96031"}],"wp:term":[{"taxonomy":"product_brand","embeddable":true,"href":"https:\/\/ruegg.ping-ag.ch\/it\/wp-json\/wp\/v2\/product_brand?post=96031"},{"taxonomy":"product_cat","embeddable":true,"href":"https:\/\/ruegg.ping-ag.ch\/it\/wp-json\/wp\/v2\/product_cat?post=96031"},{"taxonomy":"product_tag","embeddable":true,"href":"https:\/\/ruegg.ping-ag.ch\/it\/wp-json\/wp\/v2\/product_tag?post=96031"}],"curies":[{"name":"wp","href":"https:\/\/api.w.org\/{rel}","templated":true}]}}