{"id":95332,"date":"2025-10-02T11:12:31","date_gmt":"2025-10-02T11:12:31","guid":{"rendered":"https:\/\/ruegg.ping-ag.ch\/produkt\/1905517contiroadattack4-con\/"},"modified":"2026-03-31T11:13:23","modified_gmt":"2026-03-31T11:13:23","slug":"1905517contiroadattack4-con","status":"publish","type":"product","link":"https:\/\/ruegg.ping-ag.ch\/it\/produkt\/1905517contiroadattack4-con\/","title":{"rendered":"<div class='designation1'>Conti Motopneu R<\/div><div class='designation2'>190\/55 ZR 17 (75W) TL ContiRoadAtt 4<\/div>"},"content":{"rendered":"<div class='html translation-block'>\n<p><span style=\"font-weight:bold;font-family:Verdana;font-size:19px;color:#666666\">ContiRoadAttack 4<\/span><\/p>\n<p><span style=\"font-family:Verdana;font-size:14px;color:#5a6666\">Uno pneumatico completamente nuovo che supera i suoi concorrenti nelle tradizionali caratteristiche Sport-Touring: chilometraggio, comfort, stabilit\u00e0 e aderenza sul bagnato, ma offre anche un nuovo livello di sportivit\u00e0, neutralit\u00e0 e precisione direzionale, essenziali per le nuove e potenti moto Sport-Touring. <\/span><\/p>\n<\/p>\n<\/div>","protected":false},"excerpt":{"rendered":"<p>Conti Motopneu R<\/p>","protected":false},"featured_media":95328,"template":"","meta":{"_acf_changed":false,"ep_exclude_from_search":false},"product_brand":[],"product_cat":[18994,18998],"product_tag":[],"class_list":{"0":"post-95332","1":"product","2":"type-product","3":"status-publish","4":"has-post-thumbnail","6":"product_cat-motorrad","7":"product_cat-motorradreifen","9":"first","10":"instock","11":"featured","12":"taxable","13":"shipping-taxable","14":"purchasable","15":"product-type-simple"},"acf":[],"_links":{"self":[{"href":"https:\/\/ruegg.ping-ag.ch\/it\/wp-json\/wp\/v2\/product\/95332","targetHints":{"allow":["GET"]}}],"collection":[{"href":"https:\/\/ruegg.ping-ag.ch\/it\/wp-json\/wp\/v2\/product"}],"about":[{"href":"https:\/\/ruegg.ping-ag.ch\/it\/wp-json\/wp\/v2\/types\/product"}],"wp:featuredmedia":[{"embeddable":true,"href":"https:\/\/ruegg.ping-ag.ch\/it\/wp-json\/wp\/v2\/media\/95328"}],"wp:attachment":[{"href":"https:\/\/ruegg.ping-ag.ch\/it\/wp-json\/wp\/v2\/media?parent=95332"}],"wp:term":[{"taxonomy":"product_brand","embeddable":true,"href":"https:\/\/ruegg.ping-ag.ch\/it\/wp-json\/wp\/v2\/product_brand?post=95332"},{"taxonomy":"product_cat","embeddable":true,"href":"https:\/\/ruegg.ping-ag.ch\/it\/wp-json\/wp\/v2\/product_cat?post=95332"},{"taxonomy":"product_tag","embeddable":true,"href":"https:\/\/ruegg.ping-ag.ch\/it\/wp-json\/wp\/v2\/product_tag?post=95332"}],"curies":[{"name":"wp","href":"https:\/\/api.w.org\/{rel}","templated":true}]}}