{"id":95193,"date":"2025-10-02T11:09:28","date_gmt":"2025-10-02T11:09:28","guid":{"rendered":"https:\/\/ruegg.ping-ag.ch\/produkt\/622-57xc13tlr-tuf\/"},"modified":"2026-03-31T11:12:59","modified_gmt":"2026-03-31T11:12:59","slug":"622-57xc13tlr-tuf","status":"publish","type":"product","link":"https:\/\/ruegg.ping-ag.ch\/it\/produkt\/622-57xc13tlr-tuf\/","title":{"rendered":"<div class='designation1'>Pneumatico per bicicletta Tufo 57-622 VPB TLR<\/div><div class='designation2'>29x2,25 XC13 TLR OIL s\/s<\/div>"},"content":{"rendered":"<div class='html translation-block'>\n<p><span style=\"font-weight:bold;font-family:Verdana;font-size:19px;color:#666666\">XC13 TLR<\/span><\/p>\n<p><span style=\"font-family:Verdana;font-size:14px;color:#5a6666\">Il pneumatico Tufo XC13 29\u00d72.25 Tubeless Ready MTB \u00e8 dotato di protezione contro le forature, soprattutto nella zona pi\u00f9 vulnerabile: i fianchi. Il design offre una bassa resistenza al rotolamento e una buona aderenza. Pneumatico veloce e confortevole. Adatto a terreni asciutti e non troppo accidentati.<\/span><\/p>\n<\/p>\n<\/div>","protected":false},"excerpt":{"rendered":"<p>Pneumatico per bicicletta Tufo 57-622 VPB TLR<\/p>","protected":false},"featured_media":0,"template":"","meta":{"_acf_changed":false,"ep_exclude_from_search":false},"product_brand":[],"product_cat":[18995,19002],"product_tag":[],"class_list":{"0":"post-95193","1":"product","2":"type-product","3":"status-publish","5":"product_cat-fahrrad","6":"product_cat-fahrradreifen","8":"first","9":"instock","10":"taxable","11":"shipping-taxable","12":"purchasable","13":"product-type-simple"},"acf":[],"_links":{"self":[{"href":"https:\/\/ruegg.ping-ag.ch\/it\/wp-json\/wp\/v2\/product\/95193","targetHints":{"allow":["GET"]}}],"collection":[{"href":"https:\/\/ruegg.ping-ag.ch\/it\/wp-json\/wp\/v2\/product"}],"about":[{"href":"https:\/\/ruegg.ping-ag.ch\/it\/wp-json\/wp\/v2\/types\/product"}],"wp:attachment":[{"href":"https:\/\/ruegg.ping-ag.ch\/it\/wp-json\/wp\/v2\/media?parent=95193"}],"wp:term":[{"taxonomy":"product_brand","embeddable":true,"href":"https:\/\/ruegg.ping-ag.ch\/it\/wp-json\/wp\/v2\/product_brand?post=95193"},{"taxonomy":"product_cat","embeddable":true,"href":"https:\/\/ruegg.ping-ag.ch\/it\/wp-json\/wp\/v2\/product_cat?post=95193"},{"taxonomy":"product_tag","embeddable":true,"href":"https:\/\/ruegg.ping-ag.ch\/it\/wp-json\/wp\/v2\/product_tag?post=95193"}],"curies":[{"name":"wp","href":"https:\/\/api.w.org\/{rel}","templated":true}]}}