{"id":94884,"date":"2025-10-02T11:03:40","date_gmt":"2025-10-02T11:03:40","guid":{"rendered":"https:\/\/ruegg.ping-ag.ch\/produkt\/305-50billybonkers-sch\/"},"modified":"2026-03-31T11:12:13","modified_gmt":"2026-03-31T11:12:13","slug":"305-50billybonkers-sch","status":"publish","type":"product","link":"https:\/\/ruegg.ping-ag.ch\/it\/produkt\/305-50billybonkers-sch\/","title":{"rendered":"<div class='designation1'>Pneumatico per bicicletta Schwalbe 50-305<\/div><div class='designation2'>16x2.0 BILLY BONKERS AX s\/s<\/div>"},"content":{"rendered":"<div class='html translation-block'>\n<p><span style=\"font-weight:bold;font-family:Verdana;font-size:19px;color:#666666\">BILLY BONKERS<\/span><\/p>\n<p><span style=\"font-family:Verdana;font-size:14px;color:#5a6666\">Il peso leggero di soli 490 g (versione Performance Line) non solo rotola con estrema facilit\u00e0, ma si guida anche in modo molto giocoso e agile. Anche dopo tricks e salti sbagliati, Billy Bonkers \u00e8 estremamente bonario e perdona anche gli errori pi\u00f9 grandi. Il design del profilo \u00e8 stato progettato per ottenere la massima micro-serratura sulla sabbia battuta. I blocchi finemente suddivisi moltiplicano i bordi di aderenza, mentre le piccole rampe al centro favoriscono il rotolamento e rendono il pneumatico ancora pi\u00f9 veloce. Il risultato: pi\u00f9 aria.<\/span><\/p>\n<\/p>\n<\/div>","protected":false},"excerpt":{"rendered":"<p>Pneumatico per bicicletta Schwalbe 50-305<\/p>","protected":false},"featured_media":93392,"template":"","meta":{"_acf_changed":false,"ep_exclude_from_search":false},"product_brand":[],"product_cat":[18995,19002],"product_tag":[],"class_list":{"0":"post-94884","1":"product","2":"type-product","3":"status-publish","4":"has-post-thumbnail","6":"product_cat-fahrrad","7":"product_cat-fahrradreifen","9":"first","10":"outofstock","11":"taxable","12":"shipping-taxable","13":"purchasable","14":"product-type-simple"},"acf":[],"_links":{"self":[{"href":"https:\/\/ruegg.ping-ag.ch\/it\/wp-json\/wp\/v2\/product\/94884","targetHints":{"allow":["GET"]}}],"collection":[{"href":"https:\/\/ruegg.ping-ag.ch\/it\/wp-json\/wp\/v2\/product"}],"about":[{"href":"https:\/\/ruegg.ping-ag.ch\/it\/wp-json\/wp\/v2\/types\/product"}],"wp:featuredmedia":[{"embeddable":true,"href":"https:\/\/ruegg.ping-ag.ch\/it\/wp-json\/wp\/v2\/media\/93392"}],"wp:attachment":[{"href":"https:\/\/ruegg.ping-ag.ch\/it\/wp-json\/wp\/v2\/media?parent=94884"}],"wp:term":[{"taxonomy":"product_brand","embeddable":true,"href":"https:\/\/ruegg.ping-ag.ch\/it\/wp-json\/wp\/v2\/product_brand?post=94884"},{"taxonomy":"product_cat","embeddable":true,"href":"https:\/\/ruegg.ping-ag.ch\/it\/wp-json\/wp\/v2\/product_cat?post=94884"},{"taxonomy":"product_tag","embeddable":true,"href":"https:\/\/ruegg.ping-ag.ch\/it\/wp-json\/wp\/v2\/product_tag?post=94884"}],"curies":[{"name":"wp","href":"https:\/\/api.w.org\/{rel}","templated":true}]}}