{"id":94868,"date":"2025-10-02T11:03:21","date_gmt":"2025-10-02T11:03:21","guid":{"rendered":"https:\/\/ruegg.ping-ag.ch\/produkt\/622-55roadcruiserplus-sch\/"},"modified":"2026-03-31T11:12:08","modified_gmt":"2026-03-31T11:12:08","slug":"622-55roadcruiserplus-sch","status":"publish","type":"product","link":"https:\/\/ruegg.ping-ag.ch\/it\/produkt\/622-55roadcruiserplus-sch\/","title":{"rendered":"<div class='designation1'>Pneumatico per bicicletta Schwalbe 55-622 PunctG TS<\/div><div class='designation2'>28x2.15 ROAD CRUISER PLUS Verde s\/s rif.<\/div>"},"content":{"rendered":"<div class='html translation-block'>\n<p><span style=\"font-weight:bold;font-family:Verdana;font-size:19px;color:#666666\">ROAD CRUISER PLUS<\/span><\/p>\n<p><span style=\"font-family:Verdana;font-size:14px;color:#5a6666\">La sostenibilit\u00e0 \u00e8 rafforzata in modo sostenibile. Per una sicurezza ancora maggiore e una durata pi\u00f9 lunga, il Road Cruiser con mescola verde nella versione Plus \u00e8 protetto dall'efficacissima protezione antiforatura PunctureGuard da 3 mm.<\/span><\/p>\n<\/p>\n<\/div>","protected":false},"excerpt":{"rendered":"<p>Pneumatico per bicicletta Schwalbe 55-622 PunctG TS<\/p>","protected":false},"featured_media":93192,"template":"","meta":{"_acf_changed":false,"ep_exclude_from_search":false},"product_brand":[],"product_cat":[18995,19002],"product_tag":[],"class_list":{"0":"post-94868","1":"product","2":"type-product","3":"status-publish","4":"has-post-thumbnail","6":"product_cat-fahrrad","7":"product_cat-fahrradreifen","9":"first","10":"instock","11":"taxable","12":"shipping-taxable","13":"purchasable","14":"product-type-simple"},"acf":[],"_links":{"self":[{"href":"https:\/\/ruegg.ping-ag.ch\/it\/wp-json\/wp\/v2\/product\/94868","targetHints":{"allow":["GET"]}}],"collection":[{"href":"https:\/\/ruegg.ping-ag.ch\/it\/wp-json\/wp\/v2\/product"}],"about":[{"href":"https:\/\/ruegg.ping-ag.ch\/it\/wp-json\/wp\/v2\/types\/product"}],"wp:featuredmedia":[{"embeddable":true,"href":"https:\/\/ruegg.ping-ag.ch\/it\/wp-json\/wp\/v2\/media\/93192"}],"wp:attachment":[{"href":"https:\/\/ruegg.ping-ag.ch\/it\/wp-json\/wp\/v2\/media?parent=94868"}],"wp:term":[{"taxonomy":"product_brand","embeddable":true,"href":"https:\/\/ruegg.ping-ag.ch\/it\/wp-json\/wp\/v2\/product_brand?post=94868"},{"taxonomy":"product_cat","embeddable":true,"href":"https:\/\/ruegg.ping-ag.ch\/it\/wp-json\/wp\/v2\/product_cat?post=94868"},{"taxonomy":"product_tag","embeddable":true,"href":"https:\/\/ruegg.ping-ag.ch\/it\/wp-json\/wp\/v2\/product_tag?post=94868"}],"curies":[{"name":"wp","href":"https:\/\/api.w.org\/{rel}","templated":true}]}}