{"id":94604,"date":"2025-10-02T10:58:07","date_gmt":"2025-10-02T10:58:07","guid":{"rendered":"https:\/\/ruegg.ping-ag.ch\/produkt\/1308018roadclassic-mic\/"},"modified":"2026-03-31T11:11:10","modified_gmt":"2026-03-31T11:11:10","slug":"1308018-microfonoroadclassic","status":"publish","type":"product","link":"https:\/\/ruegg.ping-ag.ch\/it\/produkt\/1308018roadclassic-mic\/","title":{"rendered":"<div class='designation1'>Michelin Motopneu R<\/div><div class='designation2'>130\/80 B 18 66V TL ROAD CLASSIC<\/div>"},"content":{"rendered":"<div class='html translation-block'>\n<p><span style=\"font-weight:bold;font-family:Verdana;font-size:19px;color:#666666\">ROAD CLASSIC<\/span><\/p>\n<p><span style=\"font-family:Verdana;font-size:14px;color:#5a6666\">Il nuovo MICHELIN Road Classic offre fino al 50% in pi\u00f9 di aderenza sul bagnato rispetto al suo predecessore grazie all'utilizzo della MICHELIN Silica Rain Technology (SRT). L'elevata percentuale di silice nella mescola di gomma aiuta inoltre lo pneumatico a riscaldarsi pi\u00f9 rapidamente, anche a basse temperature esterne. Una tecnologia che Michelin sviluppa costantemente nelle competizioni motociclistiche e adatta alle esigenze dell'uso stradale. La costruzione della carcassa bi-belted aumenta la stabilit\u00e0 in curva e migliora la stabilit\u00e0 di guida anche alle alte velocit\u00e0.<\/span><\/p>\n<\/p>\n<\/div>","protected":false},"excerpt":{"rendered":"<p>Michelin Motopneu R<\/p>","protected":false},"featured_media":94592,"template":"","meta":{"_acf_changed":false,"ep_exclude_from_search":false},"product_brand":[],"product_cat":[18994,18998],"product_tag":[],"class_list":{"0":"post-94604","1":"product","2":"type-product","3":"status-publish","4":"has-post-thumbnail","6":"product_cat-motorrad","7":"product_cat-motorradreifen","9":"first","10":"outofstock","11":"taxable","12":"shipping-taxable","13":"purchasable","14":"product-type-simple"},"acf":[],"_links":{"self":[{"href":"https:\/\/ruegg.ping-ag.ch\/it\/wp-json\/wp\/v2\/product\/94604","targetHints":{"allow":["GET"]}}],"collection":[{"href":"https:\/\/ruegg.ping-ag.ch\/it\/wp-json\/wp\/v2\/product"}],"about":[{"href":"https:\/\/ruegg.ping-ag.ch\/it\/wp-json\/wp\/v2\/types\/product"}],"wp:featuredmedia":[{"embeddable":true,"href":"https:\/\/ruegg.ping-ag.ch\/it\/wp-json\/wp\/v2\/media\/94592"}],"wp:attachment":[{"href":"https:\/\/ruegg.ping-ag.ch\/it\/wp-json\/wp\/v2\/media?parent=94604"}],"wp:term":[{"taxonomy":"product_brand","embeddable":true,"href":"https:\/\/ruegg.ping-ag.ch\/it\/wp-json\/wp\/v2\/product_brand?post=94604"},{"taxonomy":"product_cat","embeddable":true,"href":"https:\/\/ruegg.ping-ag.ch\/it\/wp-json\/wp\/v2\/product_cat?post=94604"},{"taxonomy":"product_tag","embeddable":true,"href":"https:\/\/ruegg.ping-ag.ch\/it\/wp-json\/wp\/v2\/product_tag?post=94604"}],"curies":[{"name":"wp","href":"https:\/\/api.w.org\/{rel}","templated":true}]}}