{"id":93039,"date":"2025-10-02T10:26:24","date_gmt":"2025-10-02T10:26:24","guid":{"rendered":"https:\/\/ruegg.ping-ag.ch\/produkt\/1207021cruisetec-met\/"},"modified":"2026-03-31T11:06:59","modified_gmt":"2026-03-31T11:06:59","slug":"1207021cruisetec-met","status":"publish","type":"product","link":"https:\/\/ruegg.ping-ag.ch\/it\/produkt\/1207021cruisetec-met\/","title":{"rendered":"<div class='designation1'>Metzeler Motopneu F<\/div><div class='designation2'>120\/70 B 21 68H TL CRUISETEC<\/div>"},"content":{"rendered":"<div class='html translation-block'>\n<p><span style=\"font-weight:bold;font-family:Verdana;font-size:20px;color:#666666\">CRUISETEC<\/span><\/p>\n<p><span style=\"font-family:Verdana;font-size:14px;color:#666666\">\u25cfEccellente maneggevolezza e stabilit\u00e0 grazie alla combinazione di un profilo di pneumatico derivato dal segmento sport touring e una carcassa robusta<\/span><\/p>\n<p><span style=\"font-family:Verdana;font-size:14px;color:#666666\">\u25cfLa mescola bimescola degli pneumatici posteriori con un elevato contenuto di silice favorisce una fase di riscaldamento pi\u00f9 rapida e una migliore aderenza chimica sulle superfici bagnate<\/span><\/p>\n<p><span style=\"font-family:Verdana;font-size:14px;color:#666666\">\u25cf Prestazioni costanti grazie a una curvatura pi\u00f9 pronunciata del profilo del pneumatico, che lo rende pi\u00f9 rotondo e quindi pi\u00f9 agile e maneggevole in curva<\/span><\/p>\n<p><span style=\"font-family:Verdana;font-size:14px;color:#666666\">\u25cf Il pneumatico si usura in modo pi\u00f9 uniforme e offre una maneggevolezza costante e prestazioni elevate per tutta la sua durata<\/span><\/p>\n<p><span style=\"font-family:Verdana;font-size:14px;color:#666666\">\u25cfCon il nuovo CRUISETEC, le moto di questa categoria di veicoli possono portare su strada il loro potenziale di agilit\u00e0 e prestazioni nel miglior modo possibile<\/span><\/p>\n<\/p>\n<\/div>","protected":false},"excerpt":{"rendered":"<p>Metzeler Motopneu F<\/p>","protected":false},"featured_media":93042,"template":"","meta":{"_acf_changed":false,"ep_exclude_from_search":false},"product_brand":[],"product_cat":[18994,18998],"product_tag":[],"class_list":{"0":"post-93039","1":"product","2":"type-product","3":"status-publish","4":"has-post-thumbnail","6":"product_cat-motorrad","7":"product_cat-motorradreifen","9":"first","10":"outofstock","11":"taxable","12":"shipping-taxable","13":"purchasable","14":"product-type-simple"},"acf":[],"_links":{"self":[{"href":"https:\/\/ruegg.ping-ag.ch\/it\/wp-json\/wp\/v2\/product\/93039","targetHints":{"allow":["GET"]}}],"collection":[{"href":"https:\/\/ruegg.ping-ag.ch\/it\/wp-json\/wp\/v2\/product"}],"about":[{"href":"https:\/\/ruegg.ping-ag.ch\/it\/wp-json\/wp\/v2\/types\/product"}],"wp:featuredmedia":[{"embeddable":true,"href":"https:\/\/ruegg.ping-ag.ch\/it\/wp-json\/wp\/v2\/media\/93042"}],"wp:attachment":[{"href":"https:\/\/ruegg.ping-ag.ch\/it\/wp-json\/wp\/v2\/media?parent=93039"}],"wp:term":[{"taxonomy":"product_brand","embeddable":true,"href":"https:\/\/ruegg.ping-ag.ch\/it\/wp-json\/wp\/v2\/product_brand?post=93039"},{"taxonomy":"product_cat","embeddable":true,"href":"https:\/\/ruegg.ping-ag.ch\/it\/wp-json\/wp\/v2\/product_cat?post=93039"},{"taxonomy":"product_tag","embeddable":true,"href":"https:\/\/ruegg.ping-ag.ch\/it\/wp-json\/wp\/v2\/product_tag?post=93039"}],"curies":[{"name":"wp","href":"https:\/\/api.w.org\/{rel}","templated":true}]}}