{"id":88913,"date":"2025-10-02T09:05:25","date_gmt":"2025-10-02T09:05:25","guid":{"rendered":"https:\/\/ruegg.ping-ag.ch\/produkt\/1805517bt016rpro-bri\/"},"modified":"2026-03-31T10:55:29","modified_gmt":"2026-03-31T10:55:29","slug":"1805517bt016rpro-bri","status":"publish","type":"product","link":"https:\/\/ruegg.ping-ag.ch\/it\/produkt\/1805517bt016rpro-bri\/","title":{"rendered":"<div class='designation1'>Bridgestone Motopneu R<\/div><div class='designation2'>180\/55 ZR 17 (73W) TL BT 016 R PRO<\/div>"},"content":{"rendered":"<div class='html translation-block'>\n<p><span style=\"font-weight:bold;font-family:Verdana;font-size:19px;color:#666666\">BT 016 R PRO<\/span><\/p>\n<p><span style=\"font-family:Verdana;font-size:14px;color:#5a6666\">\u25cfAlta trazione e resa chilometrica al centro, massima aderenza sulla spalla del pneumatico<\/span><\/p>\n<p><span style=\"font-family:Verdana;font-size:14px;color:#5a6666\">\u25cfMiglioramento dell'aderenza sul bagnato, aumento del chilometraggio allo stesso tempo<\/span><\/p>\n<p><span style=\"font-family:Verdana;font-size:14px;color:#5a6666\">\u25cf Buon assorbimento degli urti<\/span><\/p>\n<p><span style=\"font-family:Verdana;font-size:14px;color:#5a6666\">\u25cfMaggiore rigidit\u00e0 e area di contatto costante per la stabilit\u00e0 alle alte velocit\u00e0<\/span><\/p>\n<p><span style=\"font-family:Verdana;font-size:14px;color:#5a6666\">\u25cf Il controllo delle guide e la precisione delle linee in curva sono stati ottimizzati<\/span><\/p>\n<\/p>\n<\/div>","protected":false},"excerpt":{"rendered":"<p>Bridgestone Motopneu R<\/p>","protected":false},"featured_media":88916,"template":"","meta":{"_acf_changed":false,"ep_exclude_from_search":false},"product_brand":[],"product_cat":[18994,18998],"product_tag":[],"class_list":{"0":"post-88913","1":"product","2":"type-product","3":"status-publish","4":"has-post-thumbnail","6":"product_cat-motorrad","7":"product_cat-motorradreifen","9":"first","10":"instock","11":"featured","12":"taxable","13":"shipping-taxable","14":"purchasable","15":"product-type-simple"},"acf":[],"_links":{"self":[{"href":"https:\/\/ruegg.ping-ag.ch\/it\/wp-json\/wp\/v2\/product\/88913","targetHints":{"allow":["GET"]}}],"collection":[{"href":"https:\/\/ruegg.ping-ag.ch\/it\/wp-json\/wp\/v2\/product"}],"about":[{"href":"https:\/\/ruegg.ping-ag.ch\/it\/wp-json\/wp\/v2\/types\/product"}],"wp:featuredmedia":[{"embeddable":true,"href":"https:\/\/ruegg.ping-ag.ch\/it\/wp-json\/wp\/v2\/media\/88916"}],"wp:attachment":[{"href":"https:\/\/ruegg.ping-ag.ch\/it\/wp-json\/wp\/v2\/media?parent=88913"}],"wp:term":[{"taxonomy":"product_brand","embeddable":true,"href":"https:\/\/ruegg.ping-ag.ch\/it\/wp-json\/wp\/v2\/product_brand?post=88913"},{"taxonomy":"product_cat","embeddable":true,"href":"https:\/\/ruegg.ping-ag.ch\/it\/wp-json\/wp\/v2\/product_cat?post=88913"},{"taxonomy":"product_tag","embeddable":true,"href":"https:\/\/ruegg.ping-ag.ch\/it\/wp-json\/wp\/v2\/product_tag?post=88913"}],"curies":[{"name":"wp","href":"https:\/\/api.w.org\/{rel}","templated":true}]}}