{"id":106453,"date":"2026-01-27T11:46:09","date_gmt":"2026-01-27T11:46:09","guid":{"rendered":"https:\/\/ruegg.ping-ag.ch\/produkt\/584-55marathonefficiency-sch\/"},"modified":"2026-03-31T11:14:57","modified_gmt":"2026-03-31T11:14:57","slug":"584-55marathonefficiency-sch","status":"publish","type":"product","link":"https:\/\/ruegg.ping-ag.ch\/it\/produkt\/584-55marathonefficiency-sch\/","title":{"rendered":"<div class='designation1'>Pneumatico Schwalbe per bicicletta 55-584 Evo SuRa VG<\/div><div class='designation2'>27,5x2,15 36B MARA EFF AXRa s\/s pieghevole rif.<\/div>"},"content":{"rendered":"<div class='html translation-block'>\n<p><span style=\"font-weight:bold;font-family:Verdana;font-size:19px;color:#666666\">EFFICIENZA DA MARATONA<\/span><\/p>\n<p><span style=\"font-family:Verdana;font-size:14px;color:#5a6666\">Pneumatico touring altamente moderno che stabilisce nuovi standard. Design sportivo ed elevata versatilit\u00e0. Tecnologia di alta qualit\u00e0, provata e testata da atleti professionisti in Coppa del Mondo. Lo pneumatico da turismo pi\u00f9 veloce di Schwalbe, con la pi\u00f9 bassa resistenza al rotolamento, maggiore autonomia per le e-bike grazie alla mescola ADDIX Race e alla carcassa Super Race. Ottima protezione contro le forature grazie a V-Guard e alla costruzione della carcassa a tre strati sul fianco.<\/span><\/p>\n<\/p>\n<\/div>","protected":false},"excerpt":{"rendered":"<p>Pneumatico Schwalbe per bicicletta 55-584 Evo SuRa VG<\/p>","protected":false},"featured_media":95803,"template":"","meta":{"_acf_changed":false,"ep_exclude_from_search":false},"product_brand":[],"product_cat":[18995,19002],"product_tag":[],"class_list":{"0":"post-106453","1":"product","2":"type-product","3":"status-publish","4":"has-post-thumbnail","6":"product_cat-fahrrad","7":"product_cat-fahrradreifen","9":"first","10":"outofstock","11":"taxable","12":"shipping-taxable","13":"purchasable","14":"product-type-simple"},"acf":[],"_links":{"self":[{"href":"https:\/\/ruegg.ping-ag.ch\/it\/wp-json\/wp\/v2\/product\/106453","targetHints":{"allow":["GET"]}}],"collection":[{"href":"https:\/\/ruegg.ping-ag.ch\/it\/wp-json\/wp\/v2\/product"}],"about":[{"href":"https:\/\/ruegg.ping-ag.ch\/it\/wp-json\/wp\/v2\/types\/product"}],"wp:featuredmedia":[{"embeddable":true,"href":"https:\/\/ruegg.ping-ag.ch\/it\/wp-json\/wp\/v2\/media\/95803"}],"wp:attachment":[{"href":"https:\/\/ruegg.ping-ag.ch\/it\/wp-json\/wp\/v2\/media?parent=106453"}],"wp:term":[{"taxonomy":"product_brand","embeddable":true,"href":"https:\/\/ruegg.ping-ag.ch\/it\/wp-json\/wp\/v2\/product_brand?post=106453"},{"taxonomy":"product_cat","embeddable":true,"href":"https:\/\/ruegg.ping-ag.ch\/it\/wp-json\/wp\/v2\/product_cat?post=106453"},{"taxonomy":"product_tag","embeddable":true,"href":"https:\/\/ruegg.ping-ag.ch\/it\/wp-json\/wp\/v2\/product_tag?post=106453"}],"curies":[{"name":"wp","href":"https:\/\/api.w.org\/{rel}","templated":true}]}}