{"id":106379,"date":"2026-01-27T11:45:21","date_gmt":"2026-01-27T11:45:21","guid":{"rendered":"https:\/\/ruegg.ping-ag.ch\/produkt\/622-57xc12tlr-tuf-2\/"},"modified":"2026-03-31T11:13:05","modified_gmt":"2026-03-31T11:13:05","slug":"622-57xc12tlr-tuf-2","status":"publish","type":"product","link":"https:\/\/ruegg.ping-ag.ch\/it\/produkt\/622-57xc12tlr-tuf-2\/","title":{"rendered":"<div class='designation1'>Pneumatico per bicicletta Tufo 57-622 VPB TLR<\/div><div class='designation2'>29x2,25 XC12 TLR OIL s\/marrone<\/div>"},"content":{"rendered":"<div class='html translation-block'>\n<p><span style=\"font-weight:bold;font-family:Verdana;font-size:19px;color:#666666\">XC12 TLR<\/span><\/p>\n<p><span style=\"font-family:Verdana;font-size:14px;color:#5a6666\">Grazie al VECTRAN TM PUNCTURE BARRIER, il pneumatico ha un'eccellente protezione contro le forature, soprattutto nelle aree pi\u00f9 sensibili: i fianchi. Il disegno del battistrada \u00e8 progettato per la velocit\u00e0 e l'ottima tenuta in curva in condizioni miste, ad eccezione del fango profondo e appiccicoso. L'ottimo assorbimento degli urti di questo pneumatico lo rende ideale per l'uso su terreni accidentati. Il design \u00e8 basato sui pneumatici tubolari da MTB.<\/span><\/p>\n<\/p>\n<\/div>","protected":false},"excerpt":{"rendered":"<p>Pneumatico per bicicletta Tufo 57-622 VPB TLR<\/p>","protected":false},"featured_media":0,"template":"","meta":{"_acf_changed":false,"ep_exclude_from_search":false},"product_brand":[],"product_cat":[18995,19002],"product_tag":[],"class_list":{"0":"post-106379","1":"product","2":"type-product","3":"status-publish","5":"product_cat-fahrrad","6":"product_cat-fahrradreifen","8":"first","9":"instock","10":"taxable","11":"shipping-taxable","12":"purchasable","13":"product-type-simple"},"acf":[],"_links":{"self":[{"href":"https:\/\/ruegg.ping-ag.ch\/it\/wp-json\/wp\/v2\/product\/106379","targetHints":{"allow":["GET"]}}],"collection":[{"href":"https:\/\/ruegg.ping-ag.ch\/it\/wp-json\/wp\/v2\/product"}],"about":[{"href":"https:\/\/ruegg.ping-ag.ch\/it\/wp-json\/wp\/v2\/types\/product"}],"wp:attachment":[{"href":"https:\/\/ruegg.ping-ag.ch\/it\/wp-json\/wp\/v2\/media?parent=106379"}],"wp:term":[{"taxonomy":"product_brand","embeddable":true,"href":"https:\/\/ruegg.ping-ag.ch\/it\/wp-json\/wp\/v2\/product_brand?post=106379"},{"taxonomy":"product_cat","embeddable":true,"href":"https:\/\/ruegg.ping-ag.ch\/it\/wp-json\/wp\/v2\/product_cat?post=106379"},{"taxonomy":"product_tag","embeddable":true,"href":"https:\/\/ruegg.ping-ag.ch\/it\/wp-json\/wp\/v2\/product_tag?post=106379"}],"curies":[{"name":"wp","href":"https:\/\/api.w.org\/{rel}","templated":true}]}}