{"id":106284,"date":"2026-01-27T11:44:37","date_gmt":"2026-01-27T11:44:37","guid":{"rendered":"https:\/\/ruegg.ping-ag.ch\/produkt\/622-28grandprix5000-con-3\/"},"modified":"2026-03-31T11:12:29","modified_gmt":"2026-03-31T11:12:29","slug":"622-28grandprix5000-con-3","status":"publish","type":"product","link":"https:\/\/ruegg.ping-ag.ch\/it\/produkt\/622-28grandprix5000-con-3\/","title":{"rendered":"<div class='designation1'>Pneumatico Conti per bicicletta 28-622 VecBr ACT BC<\/div><div class='designation2'>700x28C GP 5000 s\/crema pieghevole<\/div>"},"content":{"rendered":"<div class='html translation-block'>\n<p><span style=\"font-weight:bold;font-family:Verdana;font-size:19px;color:#666666\">Grand Prix 5000<\/span><\/p>\n<p><span style=\"font-family:Verdana;font-size:14px;color:#5a6666\">\u25cfLa nuova era del ciclismo su strada<\/span><\/p>\n<p><span style=\"font-family:Verdana;font-size:14px;color:#5a6666\">\u25cf Sidewall in crema<\/span><\/p>\n<p><span style=\"font-family:Verdana;font-size:14px;color:#5a6666\">\u25cf Il miglior tuttofare in campo con un livello di prestazioni completamente nuovo<\/span><\/p>\n<p><span style=\"font-family:Verdana;font-size:14px;color:#5a6666\">\u25cf Pedala pi\u00f9 velocemente, pi\u00f9 comodamente e ancora pi\u00f9 a prova di foratura<\/span><\/p>\n<p><span style=\"font-family:Verdana;font-size:14px;color:#5a6666\">\u25cf Fatti per migliorare<\/span><\/p>\n<\/p>\n<\/div>","protected":false},"excerpt":{"rendered":"<p>Pneumatico Conti per bicicletta 28-622 VecBr ACT BC<\/p>","protected":false},"featured_media":95003,"template":"","meta":{"_acf_changed":false,"ep_exclude_from_search":false},"product_brand":[],"product_cat":[18995,19002],"product_tag":[],"class_list":{"0":"post-106284","1":"product","2":"type-product","3":"status-publish","4":"has-post-thumbnail","6":"product_cat-fahrrad","7":"product_cat-fahrradreifen","9":"first","10":"outofstock","11":"taxable","12":"shipping-taxable","13":"purchasable","14":"product-type-simple"},"acf":[],"_links":{"self":[{"href":"https:\/\/ruegg.ping-ag.ch\/it\/wp-json\/wp\/v2\/product\/106284","targetHints":{"allow":["GET"]}}],"collection":[{"href":"https:\/\/ruegg.ping-ag.ch\/it\/wp-json\/wp\/v2\/product"}],"about":[{"href":"https:\/\/ruegg.ping-ag.ch\/it\/wp-json\/wp\/v2\/types\/product"}],"wp:featuredmedia":[{"embeddable":true,"href":"https:\/\/ruegg.ping-ag.ch\/it\/wp-json\/wp\/v2\/media\/95003"}],"wp:attachment":[{"href":"https:\/\/ruegg.ping-ag.ch\/it\/wp-json\/wp\/v2\/media?parent=106284"}],"wp:term":[{"taxonomy":"product_brand","embeddable":true,"href":"https:\/\/ruegg.ping-ag.ch\/it\/wp-json\/wp\/v2\/product_brand?post=106284"},{"taxonomy":"product_cat","embeddable":true,"href":"https:\/\/ruegg.ping-ag.ch\/it\/wp-json\/wp\/v2\/product_cat?post=106284"},{"taxonomy":"product_tag","embeddable":true,"href":"https:\/\/ruegg.ping-ag.ch\/it\/wp-json\/wp\/v2\/product_tag?post=106284"}],"curies":[{"name":"wp","href":"https:\/\/api.w.org\/{rel}","templated":true}]}}