{"id":106183,"date":"2026-01-27T11:43:51","date_gmt":"2026-01-27T11:43:51","guid":{"rendered":"https:\/\/ruegg.ping-ag.ch\/produkt\/584-66k1214regolith-ken\/"},"modified":"2026-03-31T11:11:28","modified_gmt":"2026-03-31T11:11:28","slug":"584-66k1214regolith-ken","status":"publish","type":"product","link":"https:\/\/ruegg.ping-ag.ch\/it\/produkt\/584-66k1214regolith-ken\/","title":{"rendered":"<div class='designation1'>Pneumatico per bicicletta Kenda 66-584 DTC<\/div><div class='designation2'>27,5x2,6 K1214 Regolith s\/s<\/div>"},"content":{"rendered":"<div class='html translation-block'>\n<p><span style=\"font-weight:bold;font-family:Verdana;font-size:19px;color:#666666\">K1214 Regolith<\/span><\/p>\n<p><span style=\"font-family:Verdana;font-size:14px;color:#5a6666\">Il Kenda Regolith \u00e8 uno pneumatico per mountain bike a tutto tondo per cross country, marathon e trail ed \u00e8 stato sviluppato per stabilire gli standard di versatilit\u00e0 off-road. Design versatile del battistrada - estremamente prevedibile e maneggevole in tutte le condizioni. Pronto per le e-bike con certificazione ECE-R75.<\/span><\/p>\n<\/p>\n<\/div>","protected":false},"excerpt":{"rendered":"<p>Pneumatico per bicicletta Kenda 66-584 DTC<\/p>","protected":false},"featured_media":0,"template":"","meta":{"_acf_changed":false,"ep_exclude_from_search":false},"product_brand":[],"product_cat":[18995,19002],"product_tag":[],"class_list":{"0":"post-106183","1":"product","2":"type-product","3":"status-publish","5":"product_cat-fahrrad","6":"product_cat-fahrradreifen","8":"first","9":"instock","10":"taxable","11":"shipping-taxable","12":"purchasable","13":"product-type-simple"},"acf":[],"_links":{"self":[{"href":"https:\/\/ruegg.ping-ag.ch\/it\/wp-json\/wp\/v2\/product\/106183","targetHints":{"allow":["GET"]}}],"collection":[{"href":"https:\/\/ruegg.ping-ag.ch\/it\/wp-json\/wp\/v2\/product"}],"about":[{"href":"https:\/\/ruegg.ping-ag.ch\/it\/wp-json\/wp\/v2\/types\/product"}],"wp:attachment":[{"href":"https:\/\/ruegg.ping-ag.ch\/it\/wp-json\/wp\/v2\/media?parent=106183"}],"wp:term":[{"taxonomy":"product_brand","embeddable":true,"href":"https:\/\/ruegg.ping-ag.ch\/it\/wp-json\/wp\/v2\/product_brand?post=106183"},{"taxonomy":"product_cat","embeddable":true,"href":"https:\/\/ruegg.ping-ag.ch\/it\/wp-json\/wp\/v2\/product_cat?post=106183"},{"taxonomy":"product_tag","embeddable":true,"href":"https:\/\/ruegg.ping-ag.ch\/it\/wp-json\/wp\/v2\/product_tag?post=106183"}],"curies":[{"name":"wp","href":"https:\/\/api.w.org\/{rel}","templated":true}]}}