{"id":105961,"date":"2026-01-27T11:38:56","date_gmt":"2026-01-27T11:38:56","guid":{"rendered":"https:\/\/ruegg.ping-ag.ch\/produkt\/622-50supermoto-sch\/"},"modified":"2026-03-31T11:10:11","modified_gmt":"2026-03-31T11:10:11","slug":"622-50supermoto-sch","status":"publish","type":"product","link":"https:\/\/ruegg.ping-ag.ch\/it\/produkt\/622-50supermoto-sch\/","title":{"rendered":"<div class='designation1'>Pneumatico Schwalbe 50-622 DD RaceG<\/div><div class='designation2'>28x2.0 B SUPER MOTO AX s\/s ref<\/div>"},"content":{"rendered":"<div class='html translation-block'>\n<p><span style=\"font-weight:bold;font-family:Verdana;font-size:19px;color:#666666\">SUPER MOTO<\/span><\/p>\n<p><span style=\"font-family:Verdana;font-size:14px;color:#5a6666\">Ampio, comodo, sicuro! Sia su asfalto che su terreni facili, il robusto Super Moto-X offre le migliori caratteristiche di guida e tanto comfort. Per garantire che ogni destinazione sia raggiunta in sicurezza, la stabile struttura DoubleDefense \u00e8 in grado di resistere anche alle condizioni pi\u00f9 difficili. Con una larghezza fino a 70 mm, un volume enorme e un elevato comfort, Super Moto-X \u00e8 l'equipaggiamento ideale per le e-bike di tutti i tipi. Naturalmente con marchio di prova ECE-R75 per le e-bike veloci.<\/span><\/p>\n<\/p>\n<\/div>","protected":false},"excerpt":{"rendered":"<p>Pneumatico Schwalbe 50-622 DD RaceG<\/p>","protected":false},"featured_media":94146,"template":"","meta":{"_acf_changed":false,"ep_exclude_from_search":false},"product_brand":[],"product_cat":[18995,19002],"product_tag":[],"class_list":{"0":"post-105961","1":"product","2":"type-product","3":"status-publish","4":"has-post-thumbnail","6":"product_cat-fahrrad","7":"product_cat-fahrradreifen","9":"first","10":"instock","11":"taxable","12":"shipping-taxable","13":"purchasable","14":"product-type-simple"},"acf":[],"_links":{"self":[{"href":"https:\/\/ruegg.ping-ag.ch\/it\/wp-json\/wp\/v2\/product\/105961","targetHints":{"allow":["GET"]}}],"collection":[{"href":"https:\/\/ruegg.ping-ag.ch\/it\/wp-json\/wp\/v2\/product"}],"about":[{"href":"https:\/\/ruegg.ping-ag.ch\/it\/wp-json\/wp\/v2\/types\/product"}],"wp:featuredmedia":[{"embeddable":true,"href":"https:\/\/ruegg.ping-ag.ch\/it\/wp-json\/wp\/v2\/media\/94146"}],"wp:attachment":[{"href":"https:\/\/ruegg.ping-ag.ch\/it\/wp-json\/wp\/v2\/media?parent=105961"}],"wp:term":[{"taxonomy":"product_brand","embeddable":true,"href":"https:\/\/ruegg.ping-ag.ch\/it\/wp-json\/wp\/v2\/product_brand?post=105961"},{"taxonomy":"product_cat","embeddable":true,"href":"https:\/\/ruegg.ping-ag.ch\/it\/wp-json\/wp\/v2\/product_cat?post=105961"},{"taxonomy":"product_tag","embeddable":true,"href":"https:\/\/ruegg.ping-ag.ch\/it\/wp-json\/wp\/v2\/product_tag?post=105961"}],"curies":[{"name":"wp","href":"https:\/\/api.w.org\/{rel}","templated":true}]}}