{"id":105949,"date":"2026-01-27T11:38:48","date_gmt":"2026-01-27T11:38:48","guid":{"rendered":"https:\/\/ruegg.ping-ag.ch\/produkt\/622-37marathoneplus-sch\/"},"modified":"2026-03-31T11:10:05","modified_gmt":"2026-03-31T11:10:05","slug":"622-37marathoneplus-sch","status":"publish","type":"product","link":"https:\/\/ruegg.ping-ag.ch\/it\/produkt\/622-37marathoneplus-sch\/","title":{"rendered":"<div class='designation1'>Pneumatico per bicicletta Schwalbe 37-622 SmartDualG TS<\/div><div class='designation2'>700x35C 28B MARA E-PLUS AXE s\/s rif.<\/div>"},"content":{"rendered":"<div class='html translation-block'>\n<p><span style=\"font-weight:bold;font-family:Verdana;font-size:19px;color:#666666\">MARATHON E-PLUS<\/span><\/p>\n<p><span style=\"font-family:Verdana;font-size:14px;color:#5a6666\">Lo pneumatico Marathon E-Plus \u00e8 l'ultima innovazione di Schwalbe ed \u00e8 stato sviluppato appositamente per le biciclette elettriche<\/span><\/p>.\n<p><span style=\"font-family:Verdana;font-size:14px;color:#5a6666\">Il pneumatico \u00e8, come gli altri modelli della serie Schwalbe Marathon, non piatto. Il nuovo Marathon E-Plus \u00e8 certificato ECE-R75 e pu\u00f2 essere utilizzato su e-bike fino a 25 km\/h e su S-pedelec.<\/span><\/p>\n<\/p>\n<\/div>","protected":false},"excerpt":{"rendered":"<p>Pneumatico per bicicletta Schwalbe 37-622 SmartDualG TS<\/p>","protected":false},"featured_media":94140,"template":"","meta":{"_acf_changed":false,"ep_exclude_from_search":false},"product_brand":[],"product_cat":[18995,19002],"product_tag":[],"class_list":{"0":"post-105949","1":"product","2":"type-product","3":"status-publish","4":"has-post-thumbnail","6":"product_cat-fahrrad","7":"product_cat-fahrradreifen","9":"first","10":"instock","11":"taxable","12":"shipping-taxable","13":"purchasable","14":"product-type-simple"},"acf":[],"_links":{"self":[{"href":"https:\/\/ruegg.ping-ag.ch\/it\/wp-json\/wp\/v2\/product\/105949","targetHints":{"allow":["GET"]}}],"collection":[{"href":"https:\/\/ruegg.ping-ag.ch\/it\/wp-json\/wp\/v2\/product"}],"about":[{"href":"https:\/\/ruegg.ping-ag.ch\/it\/wp-json\/wp\/v2\/types\/product"}],"wp:featuredmedia":[{"embeddable":true,"href":"https:\/\/ruegg.ping-ag.ch\/it\/wp-json\/wp\/v2\/media\/94140"}],"wp:attachment":[{"href":"https:\/\/ruegg.ping-ag.ch\/it\/wp-json\/wp\/v2\/media?parent=105949"}],"wp:term":[{"taxonomy":"product_brand","embeddable":true,"href":"https:\/\/ruegg.ping-ag.ch\/it\/wp-json\/wp\/v2\/product_brand?post=105949"},{"taxonomy":"product_cat","embeddable":true,"href":"https:\/\/ruegg.ping-ag.ch\/it\/wp-json\/wp\/v2\/product_cat?post=105949"},{"taxonomy":"product_tag","embeddable":true,"href":"https:\/\/ruegg.ping-ag.ch\/it\/wp-json\/wp\/v2\/product_tag?post=105949"}],"curies":[{"name":"wp","href":"https:\/\/api.w.org\/{rel}","templated":true}]}}