{"id":105896,"date":"2026-01-27T11:38:26","date_gmt":"2026-01-27T11:38:26","guid":{"rendered":"https:\/\/ruegg.ping-ag.ch\/produkt\/622-65eddycurrentfront-sch\/"},"modified":"2026-03-31T11:09:53","modified_gmt":"2026-03-31T11:09:53","slug":"622-65corrente-di-foucault-anteriore-sch","status":"publish","type":"product","link":"https:\/\/ruegg.ping-ag.ch\/it\/produkt\/622-65eddycurrentfront-sch\/","title":{"rendered":"<div class='designation1'>Pneumatico Schwalbe per bicicletta 65-622 Evo SupTrai TLE<\/div><div class='designation2'>29x2.6 B EDDY CURR F AXSoft s\/s pieghevole<\/div>"},"content":{"rendered":"<div class='html translation-block'>\n<p><span style=\"font-weight:bold;font-family:Verdana;font-size:19px;color:#666666\">EDDY CURRENT FRONT<\/span><\/p>\n<p><span style=\"font-family:Verdana;font-size:14px;color:#5a6666\">La rivoluzione per le E-MTB. La nostra prima vera E-MTB specializzata per All Mountain ed Enduro. Permette una guida senza compromessi, anche in salita, ed \u00e8 in grado di affrontare forti accelerazioni cos\u00ec come una guida tecnica sul sentiero. Deve il suo aspetto solido ai tasselli stabili, alla maggiore quantit\u00e0 di gomma e alle ampie larghezze. Con pneumatici da 29\u201c sulla ruota anteriore e da 27,5\u201c su quella posteriore, si ottengono le massime prestazioni.<\/span><\/p>\n<\/p>\n<p><span style=\"font-family:Verdana;font-size:14px;color:#5a6666\">Versione Super Gravity: per EDDY CURRENT ANTERIORE e POSTERIORE con ADDIX Soft (arancione). Estremamente stabile lateralmente e a prova di foratura, ma molto dinamico nel comportamento di guida.<\/span><\/p>\n<\/p>\n<\/div>","protected":false},"excerpt":{"rendered":"<p>Pneumatico Schwalbe per bicicletta 65-622 Evo SupTrai TLE<\/p>","protected":false},"featured_media":94046,"template":"","meta":{"_acf_changed":false,"ep_exclude_from_search":false},"product_brand":[],"product_cat":[18995,19002],"product_tag":[],"class_list":{"0":"post-105896","1":"product","2":"type-product","3":"status-publish","4":"has-post-thumbnail","6":"product_cat-fahrrad","7":"product_cat-fahrradreifen","9":"first","10":"outofstock","11":"taxable","12":"shipping-taxable","13":"purchasable","14":"product-type-simple"},"acf":[],"_links":{"self":[{"href":"https:\/\/ruegg.ping-ag.ch\/it\/wp-json\/wp\/v2\/product\/105896","targetHints":{"allow":["GET"]}}],"collection":[{"href":"https:\/\/ruegg.ping-ag.ch\/it\/wp-json\/wp\/v2\/product"}],"about":[{"href":"https:\/\/ruegg.ping-ag.ch\/it\/wp-json\/wp\/v2\/types\/product"}],"wp:featuredmedia":[{"embeddable":true,"href":"https:\/\/ruegg.ping-ag.ch\/it\/wp-json\/wp\/v2\/media\/94046"}],"wp:attachment":[{"href":"https:\/\/ruegg.ping-ag.ch\/it\/wp-json\/wp\/v2\/media?parent=105896"}],"wp:term":[{"taxonomy":"product_brand","embeddable":true,"href":"https:\/\/ruegg.ping-ag.ch\/it\/wp-json\/wp\/v2\/product_brand?post=105896"},{"taxonomy":"product_cat","embeddable":true,"href":"https:\/\/ruegg.ping-ag.ch\/it\/wp-json\/wp\/v2\/product_cat?post=105896"},{"taxonomy":"product_tag","embeddable":true,"href":"https:\/\/ruegg.ping-ag.ch\/it\/wp-json\/wp\/v2\/product_tag?post=105896"}],"curies":[{"name":"wp","href":"https:\/\/api.w.org\/{rel}","templated":true}]}}