{"id":105822,"date":"2026-01-27T11:37:52","date_gmt":"2026-01-27T11:37:52","guid":{"rendered":"https:\/\/ruegg.ping-ag.ch\/produkt\/584-57icespikerpro-sch-3\/"},"modified":"2026-03-31T11:09:37","modified_gmt":"2026-03-31T11:09:37","slug":"584-57icespikerpro-sch-3","status":"publish","type":"product","link":"https:\/\/ruegg.ping-ag.ch\/it\/produkt\/584-57icespikerpro-sch-3\/","title":{"rendered":"<div class='designation1'>Pneumatico bici Schwalbe 57-584 DD RaceG TLE<\/div><div class='designation2'>27,5x2,25 ICE SPIKER PRO s\/s pieghevole<\/div>"},"content":{"rendered":"<div class='html translation-block'>\n<p><span style=\"font-weight:bold;font-family:Verdana;font-size:19px;color:#666666\">ICE SPIKER PRO<\/span><\/p>\n<p><span style=\"font-family:Verdana;font-size:14px;color:#666666\">\u25cfPi\u00f9 leggero, pi\u00f9 aderente, pi\u00f9 veloce<\/span><\/p>\n<p><span style=\"font-family:Verdana;font-size:14px;color:#666666\">\u25cf Il turbo tra i pneumatici chiodati<\/span><\/p>\n<p><span style=\"font-family:Verdana;font-size:14px;color:#666666\">\u25cfCon 361 chiodi, morde ogni pista ghiacciata<\/span><\/p>\n<p><span style=\"font-family:Verdana;font-size:14px;color:#666666\">\u25cfIl corpo della punta attorno agli artigli in carburo di tungsteno \u00e8 in alluminio<\/span><\/p>\n<p><span style=\"font-family:Verdana;font-size:14px;color:#666666\">\u25cfLa scala del pneumatico si ferma a 695 g<\/span><\/p>\n<p><span style=\"font-family:Verdana;font-size:14px;color:#666666\">\u25cfLa MTB rimane agile e adatta agli sprint<\/span><\/p>\n<\/p>\n<\/div>","protected":false},"excerpt":{"rendered":"<p>Pneumatico bici Schwalbe 57-584 DD RaceG TLE<\/p>","protected":false},"featured_media":90702,"template":"","meta":{"_acf_changed":false,"ep_exclude_from_search":false},"product_brand":[],"product_cat":[18995,19002],"product_tag":[],"class_list":{"0":"post-105822","1":"product","2":"type-product","3":"status-publish","4":"has-post-thumbnail","6":"product_cat-fahrrad","7":"product_cat-fahrradreifen","9":"first","10":"outofstock","11":"taxable","12":"shipping-taxable","13":"purchasable","14":"product-type-simple"},"acf":[],"_links":{"self":[{"href":"https:\/\/ruegg.ping-ag.ch\/it\/wp-json\/wp\/v2\/product\/105822","targetHints":{"allow":["GET"]}}],"collection":[{"href":"https:\/\/ruegg.ping-ag.ch\/it\/wp-json\/wp\/v2\/product"}],"about":[{"href":"https:\/\/ruegg.ping-ag.ch\/it\/wp-json\/wp\/v2\/types\/product"}],"wp:featuredmedia":[{"embeddable":true,"href":"https:\/\/ruegg.ping-ag.ch\/it\/wp-json\/wp\/v2\/media\/90702"}],"wp:attachment":[{"href":"https:\/\/ruegg.ping-ag.ch\/it\/wp-json\/wp\/v2\/media?parent=105822"}],"wp:term":[{"taxonomy":"product_brand","embeddable":true,"href":"https:\/\/ruegg.ping-ag.ch\/it\/wp-json\/wp\/v2\/product_brand?post=105822"},{"taxonomy":"product_cat","embeddable":true,"href":"https:\/\/ruegg.ping-ag.ch\/it\/wp-json\/wp\/v2\/product_cat?post=105822"},{"taxonomy":"product_tag","embeddable":true,"href":"https:\/\/ruegg.ping-ag.ch\/it\/wp-json\/wp\/v2\/product_tag?post=105822"}],"curies":[{"name":"wp","href":"https:\/\/api.w.org\/{rel}","templated":true}]}}