{"id":105738,"date":"2026-01-27T11:37:05","date_gmt":"2026-01-27T11:37:05","guid":{"rendered":"https:\/\/ruegg.ping-ag.ch\/produkt\/622-60rekonrace-max-2\/"},"modified":"2026-03-31T11:07:52","modified_gmt":"2026-03-31T11:07:52","slug":"622-60rekonrace-max-2","status":"publish","type":"product","link":"https:\/\/ruegg.ping-ag.ch\/it\/produkt\/622-60rekonrace-max-2\/","title":{"rendered":"<div class='designation1'>Maxxis Pneumatico da Bici 60-622 EXO TLR<\/div><div class='designation2'>29x2.35 REKON RACE Dual s\/skin falt<\/div>"},"content":{"rendered":"<div class='html translation-block'>\n<p><span style=\"font-weight:bold;font-family:Verdana;font-size:19px;color:#666666\">REKON RACE<\/span><\/p>\n<p><span style=\"font-family:Verdana;font-size:14px;color:#5a6666\">L'ultimo pneumatico della nostra lunga serie di pneumatici da cross che hanno gi\u00e0 vinto una gara di Coppa del Mondo. Il RekonRace ha ottenuto questo risultato come prototipo quasi un anno prima dell'inizio della serie con Nino Schurter a Mont Saint-Anne. Questo veloce pneumatico semi-slick ha un disegno del battistrada simile a quello del Rekon allround XC, ma con tasselli pi\u00f9 piccoli e pi\u00f9 bassi. Utilizzatelo come pneumatico posteriore insieme a uno pneumatico pi\u00f9 profilato come il Rekon o l'Ikon sulla ruota anteriore. Oppure come anteriore e posteriore per le gare di short track e per i percorsi veloci e leggeri.<\/span><\/p>\n<\/p>\n<\/div>","protected":false},"excerpt":{"rendered":"<p>Maxxis Pneumatico da Bici 60-622 EXO TLR<\/p>","protected":false},"featured_media":87660,"template":"","meta":{"_acf_changed":false,"ep_exclude_from_search":false},"product_brand":[],"product_cat":[18995,19002],"product_tag":[],"class_list":{"0":"post-105738","1":"product","2":"type-product","3":"status-publish","4":"has-post-thumbnail","6":"product_cat-fahrrad","7":"product_cat-fahrradreifen","9":"first","10":"outofstock","11":"taxable","12":"shipping-taxable","13":"purchasable","14":"product-type-simple"},"acf":[],"_links":{"self":[{"href":"https:\/\/ruegg.ping-ag.ch\/it\/wp-json\/wp\/v2\/product\/105738","targetHints":{"allow":["GET"]}}],"collection":[{"href":"https:\/\/ruegg.ping-ag.ch\/it\/wp-json\/wp\/v2\/product"}],"about":[{"href":"https:\/\/ruegg.ping-ag.ch\/it\/wp-json\/wp\/v2\/types\/product"}],"wp:featuredmedia":[{"embeddable":true,"href":"https:\/\/ruegg.ping-ag.ch\/it\/wp-json\/wp\/v2\/media\/87660"}],"wp:attachment":[{"href":"https:\/\/ruegg.ping-ag.ch\/it\/wp-json\/wp\/v2\/media?parent=105738"}],"wp:term":[{"taxonomy":"product_brand","embeddable":true,"href":"https:\/\/ruegg.ping-ag.ch\/it\/wp-json\/wp\/v2\/product_brand?post=105738"},{"taxonomy":"product_cat","embeddable":true,"href":"https:\/\/ruegg.ping-ag.ch\/it\/wp-json\/wp\/v2\/product_cat?post=105738"},{"taxonomy":"product_tag","embeddable":true,"href":"https:\/\/ruegg.ping-ag.ch\/it\/wp-json\/wp\/v2\/product_tag?post=105738"}],"curies":[{"name":"wp","href":"https:\/\/api.w.org\/{rel}","templated":true}]}}