{"id":105683,"date":"2026-01-27T11:32:06","date_gmt":"2026-01-27T11:32:06","guid":{"rendered":"https:\/\/ruegg.ping-ag.ch\/produkt\/622-35contacturban-con\/"},"modified":"2026-03-31T11:07:40","modified_gmt":"2026-03-31T11:07:40","slug":"622-35contacturban-con","status":"publish","type":"product","link":"https:\/\/ruegg.ping-ag.ch\/it\/produkt\/622-35contacturban-con\/","title":{"rendered":"<div class='designation1'>Pneumatico Conti per bicicletta 35-622 SafProBr PG<\/div><div class='designation2'>700x35C CONTACT Urban s\/s ref<\/div>"},"content":{"rendered":"<div class='html translation-block'>\n<p><span style=\"font-weight:bold;font-family:Verdana;font-size:19px;color:#666666\">CONTATTO Urban<\/span><\/p>\n<p><span style=\"font-family:Verdana;font-size:14px;color:#5a6666\">Mobilit\u00e0 di alto livello per gli amanti del design. Profilo urbano con la tecnologia pi\u00f9 avanzata. Il perfetto equilibrio tra facilit\u00e0 di rotolamento e protezione dalle forature in questo pneumatico speciale per la giungla urbana. Pi\u00f9 veloce? Nessun problema, grazie all'omologazione per e-bike fino a 50 km\/h!<\/span><\/p>\n<\/p>\n<\/div>","protected":false},"excerpt":{"rendered":"<p>Pneumatico Conti per bicicletta 35-622 SafProBr PG<\/p>","protected":false},"featured_media":93275,"template":"","meta":{"_acf_changed":false,"ep_exclude_from_search":false},"product_brand":[],"product_cat":[18995,19002],"product_tag":[],"class_list":{"0":"post-105683","1":"product","2":"type-product","3":"status-publish","4":"has-post-thumbnail","6":"product_cat-fahrrad","7":"product_cat-fahrradreifen","9":"first","10":"outofstock","11":"taxable","12":"shipping-taxable","13":"purchasable","14":"product-type-simple"},"acf":[],"_links":{"self":[{"href":"https:\/\/ruegg.ping-ag.ch\/it\/wp-json\/wp\/v2\/product\/105683","targetHints":{"allow":["GET"]}}],"collection":[{"href":"https:\/\/ruegg.ping-ag.ch\/it\/wp-json\/wp\/v2\/product"}],"about":[{"href":"https:\/\/ruegg.ping-ag.ch\/it\/wp-json\/wp\/v2\/types\/product"}],"wp:featuredmedia":[{"embeddable":true,"href":"https:\/\/ruegg.ping-ag.ch\/it\/wp-json\/wp\/v2\/media\/93275"}],"wp:attachment":[{"href":"https:\/\/ruegg.ping-ag.ch\/it\/wp-json\/wp\/v2\/media?parent=105683"}],"wp:term":[{"taxonomy":"product_brand","embeddable":true,"href":"https:\/\/ruegg.ping-ag.ch\/it\/wp-json\/wp\/v2\/product_brand?post=105683"},{"taxonomy":"product_cat","embeddable":true,"href":"https:\/\/ruegg.ping-ag.ch\/it\/wp-json\/wp\/v2\/product_cat?post=105683"},{"taxonomy":"product_tag","embeddable":true,"href":"https:\/\/ruegg.ping-ag.ch\/it\/wp-json\/wp\/v2\/product_tag?post=105683"}],"curies":[{"name":"wp","href":"https:\/\/api.w.org\/{rel}","templated":true}]}}