{"id":105663,"date":"2026-01-27T11:31:57","date_gmt":"2026-01-27T11:31:57","guid":{"rendered":"https:\/\/ruegg.ping-ag.ch\/produkt\/622-65smartsam-sch-2\/"},"modified":"2026-03-31T11:07:37","modified_gmt":"2026-03-31T11:07:37","slug":"622-65smartsam-sch-2","status":"publish","type":"product","link":"https:\/\/ruegg.ping-ag.ch\/it\/produkt\/622-65smartsam-sch-2\/","title":{"rendered":"<div class='designation1'>Pneumatico per bicicletta Schwalbe 65-622 DD RaceG<\/div><div class='designation2'>29x2.6 B SMART SAM AX s\/s falt<\/div>"},"content":{"rendered":"<div class='html translation-block'>\n<p><span style=\"font-weight:bold;font-family:Verdana;font-size:19px;color:#666666\">SMART SAM<\/span><\/p>\n<p><span style=\"font-family:Verdana;font-size:14px;color:#5a6666\">Come si fa a rendere ancora migliore un tuttofare quasi perfetto? Non \u00e8 stato un compito facile per i capi sviluppatori di Schwalbe. Ma il risultato \u00e8 eccezionale. Il profilo dello Smart Sam \u00e8 moderno e robusto allo stesso tempo. La barra centrale compatta assicura un rotolamento confortevole, mentre i tasselli esterni angolari garantiscono un'aderenza ottimale in fuoristrada. Ci\u00f2 significa che lo Smart Sam \u00e8 a suo agio su qualsiasi terreno e rotola facilmente anche su strada. <\/span><\/p>\n<\/p>\n<p><span>Smart Sam DD. Con tecnologia a doppia difesa (RaceGuard e SnakeSkin da tallone a tallone), perfettamente predisposto per l'utilizzo su E-MTB.<\/span><\/p>\n<\/p>\n<\/div>","protected":false},"excerpt":{"rendered":"<p>Pneumatico per bicicletta Schwalbe 65-622 DD RaceG<\/p>","protected":false},"featured_media":91724,"template":"","meta":{"_acf_changed":false,"ep_exclude_from_search":false},"product_brand":[],"product_cat":[18995,19002],"product_tag":[],"class_list":{"0":"post-105663","1":"product","2":"type-product","3":"status-publish","4":"has-post-thumbnail","6":"product_cat-fahrrad","7":"product_cat-fahrradreifen","9":"first","10":"instock","11":"taxable","12":"shipping-taxable","13":"purchasable","14":"product-type-simple"},"acf":[],"_links":{"self":[{"href":"https:\/\/ruegg.ping-ag.ch\/it\/wp-json\/wp\/v2\/product\/105663","targetHints":{"allow":["GET"]}}],"collection":[{"href":"https:\/\/ruegg.ping-ag.ch\/it\/wp-json\/wp\/v2\/product"}],"about":[{"href":"https:\/\/ruegg.ping-ag.ch\/it\/wp-json\/wp\/v2\/types\/product"}],"wp:featuredmedia":[{"embeddable":true,"href":"https:\/\/ruegg.ping-ag.ch\/it\/wp-json\/wp\/v2\/media\/91724"}],"wp:attachment":[{"href":"https:\/\/ruegg.ping-ag.ch\/it\/wp-json\/wp\/v2\/media?parent=105663"}],"wp:term":[{"taxonomy":"product_brand","embeddable":true,"href":"https:\/\/ruegg.ping-ag.ch\/it\/wp-json\/wp\/v2\/product_brand?post=105663"},{"taxonomy":"product_cat","embeddable":true,"href":"https:\/\/ruegg.ping-ag.ch\/it\/wp-json\/wp\/v2\/product_cat?post=105663"},{"taxonomy":"product_tag","embeddable":true,"href":"https:\/\/ruegg.ping-ag.ch\/it\/wp-json\/wp\/v2\/product_tag?post=105663"}],"curies":[{"name":"wp","href":"https:\/\/api.w.org\/{rel}","templated":true}]}}