{"id":105552,"date":"2026-01-27T11:31:00","date_gmt":"2026-01-27T11:31:00","guid":{"rendered":"https:\/\/ruegg.ping-ag.ch\/produkt\/584-60k1174saber-ken\/"},"modified":"2026-03-31T11:06:33","modified_gmt":"2026-03-31T11:06:33","slug":"584-60k1174saber-ken","status":"publish","type":"product","link":"https:\/\/ruegg.ping-ag.ch\/it\/produkt\/584-60k1174saber-ken\/","title":{"rendered":"<div class='designation1'>Pneumatico per bicicletta Kenda 60-584 SCT R3C TLR<\/div><div class='designation2'>27,5x2,4 K1174 Saber s\/s pieghevole<\/div>"},"content":{"rendered":"<div class='html translation-block'>\n<p><span style=\"font-weight:bold;font-family:Verdana;font-size:19px;color:#666666\">K1174 Saber<\/span><\/p>\n<p><span style=\"font-family:Verdana;font-size:14px;color:#5a6666\">Il Saber \u00e8 uno degli pneumatici da corsa XC pi\u00f9 veloci e leggeri sul mercato. Questo pneumatico \u00e8 stato sviluppato in collaborazione con gli atleti della Coppa del Mondo e combina una bassa resistenza al rotolamento, un peso ridotto e un'incredibile aderenza su percorsi di gara veloci e asciutti.<\/span><\/p>\n<\/p>\n<\/div>","protected":false},"excerpt":{"rendered":"<p>Pneumatico per bicicletta Kenda 60-584 SCT R3C TLR<\/p>","protected":false},"featured_media":0,"template":"","meta":{"_acf_changed":false,"ep_exclude_from_search":false},"product_brand":[],"product_cat":[18995,19002],"product_tag":[],"class_list":{"0":"post-105552","1":"product","2":"type-product","3":"status-publish","5":"product_cat-fahrrad","6":"product_cat-fahrradreifen","8":"first","9":"instock","10":"taxable","11":"shipping-taxable","12":"purchasable","13":"product-type-simple"},"acf":[],"_links":{"self":[{"href":"https:\/\/ruegg.ping-ag.ch\/it\/wp-json\/wp\/v2\/product\/105552","targetHints":{"allow":["GET"]}}],"collection":[{"href":"https:\/\/ruegg.ping-ag.ch\/it\/wp-json\/wp\/v2\/product"}],"about":[{"href":"https:\/\/ruegg.ping-ag.ch\/it\/wp-json\/wp\/v2\/types\/product"}],"wp:attachment":[{"href":"https:\/\/ruegg.ping-ag.ch\/it\/wp-json\/wp\/v2\/media?parent=105552"}],"wp:term":[{"taxonomy":"product_brand","embeddable":true,"href":"https:\/\/ruegg.ping-ag.ch\/it\/wp-json\/wp\/v2\/product_brand?post=105552"},{"taxonomy":"product_cat","embeddable":true,"href":"https:\/\/ruegg.ping-ag.ch\/it\/wp-json\/wp\/v2\/product_cat?post=105552"},{"taxonomy":"product_tag","embeddable":true,"href":"https:\/\/ruegg.ping-ag.ch\/it\/wp-json\/wp\/v2\/product_tag?post=105552"}],"curies":[{"name":"wp","href":"https:\/\/api.w.org\/{rel}","templated":true}]}}