{"id":105497,"date":"2026-01-27T11:30:31","date_gmt":"2026-01-27T11:30:31","guid":{"rendered":"https:\/\/ruegg.ping-ag.ch\/produkt\/584-28grandprix5000-con\/"},"modified":"2026-03-31T11:05:15","modified_gmt":"2026-03-31T11:05:15","slug":"584-28grandprix5000-con","status":"publish","type":"product","link":"https:\/\/ruegg.ping-ag.ch\/it\/produkt\/584-28grandprix5000-con\/","title":{"rendered":"<div class='designation1'>Conti Velopneu 28-584 VecBr ACT BC<\/div><div class='designation2'>650x28B GP 5000 s\/s pieghevole<\/div>"},"content":{"rendered":"<div class='html translation-block'>\n<p>\n      <b><font face=\"Verdana,sans-serif\" size=\"7\">TEST HTML en<\/font><\/b>\n    <\/p>\n<p>\n      <b><font face=\"Verdana,sans-serif\" size=\"4\">Grand Prix 5000<\/font><\/b>\n    <\/p>\n<p style=\"margin-left:0cm;text-indent:0cm;line-height:12pt\">.\n      <font face=\"Verdana,sans-serif\">\u25cf<\/font><span style=\"font-variant:normal;line-height:normal\"><font face=\"Times New Roman\" size=\"7.0pt\"><br \/>\n      <\/font><\/span><font face=\"Verdana,sans-serif\">La nuova era del<br \/> ciclismo su strada<\/font>.\n      ciclismo su strada<\/font>\n    <\/p>\n<p style=\"margin-left:0cm;text-indent:0cm;line-height:12pt\">.\n      <font face=\"Verdana,sans-serif\">\u25cf<\/font><span style=\"font-variant:normal;line-height:normal\"><font face=\"Times New Roman\" size=\"7.0pt\"><br \/>\n      <\/font><\/span><font face=\"Verdana,sans-serif\">Il miglior tuttofare in<br \/> campo con un livello di prestazioni completamente nuovo<br \/>.\n      campo su un livello di prestazioni completamente nuovo<\/font>\n    <\/p>\n<p style=\"margin-left:0cm;text-indent:0cm;line-height:12pt\">.\n      <font face=\"Verdana,sans-serif\">\u25cf<\/font><span style=\"font-variant:normal;line-height:normal\"><font face=\"Times New Roman\" size=\"7.0pt\"><br \/>\n      <\/font><\/span><font face=\"Verdana,sans-serif\">Guidare pi\u00f9 velocemente,<br \/>\n      pi\u00f9 confortevole e ancora pi\u00f9 a prova di foratura<\/font>\n    <\/p>\n<p style=\"margin-left:0cm;text-indent:0cm;line-height:12pt\">.\n      <font face=\"Verdana,sans-serif\">\u25cf<\/font><span style=\"font-variant:normal;line-height:normal\"><font face=\"Times New Roman\" size=\"7.0pt\"><br \/>\n      <\/font><\/span><font face=\"Verdana,sans-serif\">Fatto per renderti migliore<br \/>.\n      fare<\/font>\n    <\/p>\n<p style=\"margin-left:0cm;text-indent:0cm;line-height:12pt\">.\n       \n    <\/p>\n<p style=\"margin-left:0cm;text-indent:0cm;line-height:12pt\">\n       \n    <\/p>\n<p style=\"margin-left:0cm;text-indent:0cm;line-height:12pt\">\n      -----------------------------------------\n    <\/p>\n<p style=\"margin-left:0cm;text-indent:0cm;line-height:12pt\">\n       \n    <\/p>\n<p style=\"margin-left:0cm;text-indent:0cm;line-height:12pt\">\n<p> <\/p>\n<p style=\"margin-left:0cm;text-indent:0cm;line-height:12pt\">\n      <img width=\"154\" height=\"28\" \/><\/p>\n<p style=\"margin-left:0cm;text-indent:0cm;line-height:12pt\">\n       \n    <\/p>\n<p style=\"margin-left:0cm;text-indent:0cm;line-height:12pt\">\n      <b><font size=\"4\">Grand Prix 5000<\/font><\/b>\n    <\/p>\n<p style=\"margin-left:0cm;text-indent:0cm;line-height:12pt\">\n      La migliore moto tuttofare del settore con un livello di prestazioni completamente nuovo.\n      Pedalate pi\u00f9 veloci, pi\u00f9 comode e ancora pi\u00f9 a prova di foratura. Realizzato per rendervi<br \/>\n      per migliorarvi.\n    <\/p>\n<p style=\"margin-left:0cm;text-indent:0cm;line-height:12pt\">.\n       \n    <\/p>\n<p style=\"margin-left:0cm;text-indent:0cm;line-height:12pt\">.\n       \n    <\/p>\n<p style=\"margin-left:0cm;text-indent:0cm;line-height:12pt\">\n      <b><font size=\"4\">Grand Prix 5000<\/font><\/b>\n    <\/p>\n<ul>\n<li>\n        La nuova era del ciclismo su strada\n      <\/li>\n<li>\n        Il miglior tuttofare in campo su un livello di prestazioni completamente nuovo\n      <\/li>\n<li>\n        Guida pi\u00f9 veloce, pi\u00f9 confortevole e ancora pi\u00f9 a prova di foratura\n      <\/li>\n<li>\n        Realizzato per rendervi migliori\n      <\/li>\n<\/ul>\n<p>\n       \n    <\/p>\n<p>\n       \n    <\/p>\n<p style=\"margin-left:0cm;text-indent:0cm;line-height:12pt\">\n      <b><font size=\"4\">Grand Prix 5000<\/font><\/b>\n    <\/p>\n<p>\n      La nuova era del ciclismo su strada\n    <\/p>\n<p>\n      Il miglior tuttofare del settore su un livello di prestazioni completamente nuovo\n    <\/p>\n<p>\n      Guida pi\u00f9 veloce, pi\u00f9 confortevole e ancora pi\u00f9 a prova di foratura\n    <\/p>\n<p>\n      Realizzato per rendervi migliori\n    <\/p>\n<p>\n       \n    <\/p>\n<p style=\"margin-left:0cm;text-indent:0cm;line-height:12pt\">.\n       \n    <\/p>\n<p style=\"margin-left:0cm;text-indent:0cm;line-height:12pt\">\n       \n    <\/p>\n<\/p>\n<\/div>","protected":false},"excerpt":{"rendered":"<p>Conti Velopneu 28-584 VecBr ACT BC<\/p>","protected":false},"featured_media":92570,"template":"","meta":{"_acf_changed":false,"ep_exclude_from_search":false},"product_brand":[],"product_cat":[18995,19002],"product_tag":[],"class_list":{"0":"post-105497","1":"product","2":"type-product","3":"status-publish","4":"has-post-thumbnail","6":"product_cat-fahrrad","7":"product_cat-fahrradreifen","9":"first","10":"instock","11":"taxable","12":"shipping-taxable","13":"purchasable","14":"product-type-simple"},"acf":[],"_links":{"self":[{"href":"https:\/\/ruegg.ping-ag.ch\/it\/wp-json\/wp\/v2\/product\/105497","targetHints":{"allow":["GET"]}}],"collection":[{"href":"https:\/\/ruegg.ping-ag.ch\/it\/wp-json\/wp\/v2\/product"}],"about":[{"href":"https:\/\/ruegg.ping-ag.ch\/it\/wp-json\/wp\/v2\/types\/product"}],"wp:featuredmedia":[{"embeddable":true,"href":"https:\/\/ruegg.ping-ag.ch\/it\/wp-json\/wp\/v2\/media\/92570"}],"wp:attachment":[{"href":"https:\/\/ruegg.ping-ag.ch\/it\/wp-json\/wp\/v2\/media?parent=105497"}],"wp:term":[{"taxonomy":"product_brand","embeddable":true,"href":"https:\/\/ruegg.ping-ag.ch\/it\/wp-json\/wp\/v2\/product_brand?post=105497"},{"taxonomy":"product_cat","embeddable":true,"href":"https:\/\/ruegg.ping-ag.ch\/it\/wp-json\/wp\/v2\/product_cat?post=105497"},{"taxonomy":"product_tag","embeddable":true,"href":"https:\/\/ruegg.ping-ag.ch\/it\/wp-json\/wp\/v2\/product_tag?post=105497"}],"curies":[{"name":"wp","href":"https:\/\/api.w.org\/{rel}","templated":true}]}}