{"id":105465,"date":"2026-01-27T11:30:18","date_gmt":"2026-01-27T11:30:18","guid":{"rendered":"https:\/\/ruegg.ping-ag.ch\/produkt\/584-66forekaster-max\/"},"modified":"2026-03-31T11:05:10","modified_gmt":"2026-03-31T11:05:10","slug":"584-66forekaster-max","status":"publish","type":"product","link":"https:\/\/ruegg.ping-ag.ch\/it\/produkt\/584-66forekaster-max\/","title":{"rendered":"<div class='designation1'>Pneumatico per bicicletta Maxxis 66-584 EXO TLR<\/div><div class='designation2'>27,5x2,6 FOREKASTER Doppia piegatura s\/s<\/div>"},"content":{"rendered":"<div class='html translation-block'>\n<p><span style=\"font-weight:bold;font-family:Verdana;font-size:19px;color:#666666\">FOREKASTER<\/span><\/p>\n<p><span style=\"font-family:Verdana;font-size:14px;color:#5a6666\">Quando il terreno \u00e8 pi\u00f9 profondo o il tempo \u00e8 pi\u00f9 umido, la scelta ricade sul Forekaster. I tasselli a media altezza sono uniformemente distanziati per una perfetta aderenza sui sentieri con uno strato sciolto su un terreno solido. Il battistrada \u00e8 pi\u00f9 aperto rispetto agli altri pneumatici da corsa per una migliore autopulizia sulle superfici bagnate. I larghi tasselli centrali frenano in modo convincente sui single trail scivolosi. Con il Forekaster, sarete perfettamente equipaggiati per i sentieri, qualunque sia il tempo.<\/span><\/p>\n<\/p>\n<\/div>","protected":false},"excerpt":{"rendered":"<p>Pneumatico per bicicletta Maxxis 66-584 EXO TLR<\/p>","protected":false},"featured_media":91132,"template":"","meta":{"_acf_changed":false,"ep_exclude_from_search":false},"product_brand":[],"product_cat":[18995,19002],"product_tag":[],"class_list":{"0":"post-105465","1":"product","2":"type-product","3":"status-publish","4":"has-post-thumbnail","6":"product_cat-fahrrad","7":"product_cat-fahrradreifen","9":"first","10":"outofstock","11":"taxable","12":"shipping-taxable","13":"purchasable","14":"product-type-simple"},"acf":[],"_links":{"self":[{"href":"https:\/\/ruegg.ping-ag.ch\/it\/wp-json\/wp\/v2\/product\/105465","targetHints":{"allow":["GET"]}}],"collection":[{"href":"https:\/\/ruegg.ping-ag.ch\/it\/wp-json\/wp\/v2\/product"}],"about":[{"href":"https:\/\/ruegg.ping-ag.ch\/it\/wp-json\/wp\/v2\/types\/product"}],"wp:featuredmedia":[{"embeddable":true,"href":"https:\/\/ruegg.ping-ag.ch\/it\/wp-json\/wp\/v2\/media\/91132"}],"wp:attachment":[{"href":"https:\/\/ruegg.ping-ag.ch\/it\/wp-json\/wp\/v2\/media?parent=105465"}],"wp:term":[{"taxonomy":"product_brand","embeddable":true,"href":"https:\/\/ruegg.ping-ag.ch\/it\/wp-json\/wp\/v2\/product_brand?post=105465"},{"taxonomy":"product_cat","embeddable":true,"href":"https:\/\/ruegg.ping-ag.ch\/it\/wp-json\/wp\/v2\/product_cat?post=105465"},{"taxonomy":"product_tag","embeddable":true,"href":"https:\/\/ruegg.ping-ag.ch\/it\/wp-json\/wp\/v2\/product_tag?post=105465"}],"curies":[{"name":"wp","href":"https:\/\/api.w.org\/{rel}","templated":true}]}}