{"id":105460,"date":"2026-01-27T11:30:16","date_gmt":"2026-01-27T11:30:16","guid":{"rendered":"https:\/\/ruegg.ping-ag.ch\/produkt\/584-50beaver-max\/"},"modified":"2026-03-31T11:05:09","modified_gmt":"2026-03-31T11:05:09","slug":"584-50beaver-max","status":"publish","type":"product","link":"https:\/\/ruegg.ping-ag.ch\/it\/produkt\/584-50beaver-max\/","title":{"rendered":"<div class='designation1'>Pneumatico Maxxis Velo 50-584 EXO TLR<\/div><div class='designation2'>27,5x2,0 BEAVER Doppia piegatura s\/s<\/div>"},"content":{"rendered":"<div class='html translation-block'>\n<p><span style=\"font-weight:bold;font-family:Verdana;font-size:19px;color:#666666\">BEAVER<\/span><\/p>\n<p><span style=\"font-family:Verdana;font-size:14px;color:#5a6666\">Il battistrada del Beaver \u00e8 ideale per i percorsi bagnati e fangosi. Il battistrada a doppia mescola \u00e8 composto da una mescola di base pi\u00f9 dura per ridurre la resistenza al rotolamento e stabilizzare i tasselli, mentre lo strato esterno pi\u00f9 morbido ed estremamente aderente garantisce una migliore presa su rocce e radici bagnate. Beaver \u00e8 ora disponibile in nuove misure e larghezze, che lo rendono IL pneumatico resistente alle intemperie, dai leggeri pneumatici da corsa XC a quelli da enduro con protezione del fianco.<\/span><\/p>\n<\/p>\n<\/div>","protected":false},"excerpt":{"rendered":"<p>Pneumatico Maxxis Velo 50-584 EXO TLR<\/p>","protected":false},"featured_media":88987,"template":"","meta":{"_acf_changed":false,"ep_exclude_from_search":false},"product_brand":[],"product_cat":[18995,19002],"product_tag":[],"class_list":{"0":"post-105460","1":"product","2":"type-product","3":"status-publish","4":"has-post-thumbnail","6":"product_cat-fahrrad","7":"product_cat-fahrradreifen","9":"first","10":"instock","11":"taxable","12":"shipping-taxable","13":"purchasable","14":"product-type-simple"},"acf":[],"_links":{"self":[{"href":"https:\/\/ruegg.ping-ag.ch\/it\/wp-json\/wp\/v2\/product\/105460","targetHints":{"allow":["GET"]}}],"collection":[{"href":"https:\/\/ruegg.ping-ag.ch\/it\/wp-json\/wp\/v2\/product"}],"about":[{"href":"https:\/\/ruegg.ping-ag.ch\/it\/wp-json\/wp\/v2\/types\/product"}],"wp:featuredmedia":[{"embeddable":true,"href":"https:\/\/ruegg.ping-ag.ch\/it\/wp-json\/wp\/v2\/media\/88987"}],"wp:attachment":[{"href":"https:\/\/ruegg.ping-ag.ch\/it\/wp-json\/wp\/v2\/media?parent=105460"}],"wp:term":[{"taxonomy":"product_brand","embeddable":true,"href":"https:\/\/ruegg.ping-ag.ch\/it\/wp-json\/wp\/v2\/product_brand?post=105460"},{"taxonomy":"product_cat","embeddable":true,"href":"https:\/\/ruegg.ping-ag.ch\/it\/wp-json\/wp\/v2\/product_cat?post=105460"},{"taxonomy":"product_tag","embeddable":true,"href":"https:\/\/ruegg.ping-ag.ch\/it\/wp-json\/wp\/v2\/product_tag?post=105460"}],"curies":[{"name":"wp","href":"https:\/\/api.w.org\/{rel}","templated":true}]}}