{"id":105370,"date":"2026-01-27T11:29:34","date_gmt":"2026-01-27T11:29:34","guid":{"rendered":"https:\/\/ruegg.ping-ag.ch\/produkt\/622-37energizerplus-sch\/"},"modified":"2026-03-31T11:04:47","modified_gmt":"2026-03-31T11:04:47","slug":"622-37energiserplus-sh","status":"publish","type":"product","link":"https:\/\/ruegg.ping-ag.ch\/it\/produkt\/622-37energizerplus-sch\/","title":{"rendered":"<div class='designation1'>Pneumatico per bicicletta Schwalbe 37-622 GreenG TS<\/div><div class='designation2'>700x35C 26B ENERGIZ PLUS AXE s\/s rif.<\/div>"},"content":{"rendered":"<div class='html translation-block'>\n<p><span style=\"font-weight:bold;font-family:Verdana;font-size:19px;color:#666666\">ENERGIZER PLUS<\/span><\/p>\n<p><span style=\"font-family:Verdana;font-size:14px;color:#5a6666\">Sviluppato appositamente per le biciclette elettriche. Il nuovo Energizer Plus ha un disegno del battistrada ultramoderno e dinamico, con una sezione centrale liscia e lati fortemente diamantati. Si muove facilmente su strada e ha una buona aderenza anche su superfici non asfaltate. Mescola Addix e studiata appositamente per l'uso elettronico, per la massima durata, una bassa resistenza al rotolamento e un'aderenza eccezionale anche alle alte velocit\u00e0. L'affidabile protezione dalle forature per il turismo quotidiano \u00e8 garantita dal collaudato GreenGuard, spesso 3 mm. Va da s\u00e9 che il nuovo Energizer Plus \u00e8 anche certificato ECE-R75.<\/span><\/p>\n<\/p>\n<\/div>","protected":false},"excerpt":{"rendered":"<p>Pneumatico per bicicletta Schwalbe 37-622 GreenG TS<\/p>","protected":false},"featured_media":92392,"template":"","meta":{"_acf_changed":false,"ep_exclude_from_search":false},"product_brand":[],"product_cat":[18995,19002],"product_tag":[],"class_list":{"0":"post-105370","1":"product","2":"type-product","3":"status-publish","4":"has-post-thumbnail","6":"product_cat-fahrrad","7":"product_cat-fahrradreifen","9":"first","10":"instock","11":"taxable","12":"shipping-taxable","13":"purchasable","14":"product-type-simple"},"acf":[],"_links":{"self":[{"href":"https:\/\/ruegg.ping-ag.ch\/it\/wp-json\/wp\/v2\/product\/105370","targetHints":{"allow":["GET"]}}],"collection":[{"href":"https:\/\/ruegg.ping-ag.ch\/it\/wp-json\/wp\/v2\/product"}],"about":[{"href":"https:\/\/ruegg.ping-ag.ch\/it\/wp-json\/wp\/v2\/types\/product"}],"wp:featuredmedia":[{"embeddable":true,"href":"https:\/\/ruegg.ping-ag.ch\/it\/wp-json\/wp\/v2\/media\/92392"}],"wp:attachment":[{"href":"https:\/\/ruegg.ping-ag.ch\/it\/wp-json\/wp\/v2\/media?parent=105370"}],"wp:term":[{"taxonomy":"product_brand","embeddable":true,"href":"https:\/\/ruegg.ping-ag.ch\/it\/wp-json\/wp\/v2\/product_brand?post=105370"},{"taxonomy":"product_cat","embeddable":true,"href":"https:\/\/ruegg.ping-ag.ch\/it\/wp-json\/wp\/v2\/product_cat?post=105370"},{"taxonomy":"product_tag","embeddable":true,"href":"https:\/\/ruegg.ping-ag.ch\/it\/wp-json\/wp\/v2\/product_tag?post=105370"}],"curies":[{"name":"wp","href":"https:\/\/api.w.org\/{rel}","templated":true}]}}