{"id":104510,"date":"2026-01-27T11:19:41","date_gmt":"2026-01-27T11:19:41","guid":{"rendered":"https:\/\/ruegg.ping-ag.ch\/produkt\/559-61highroller2-max\/"},"modified":"2026-03-31T10:56:08","modified_gmt":"2026-03-31T10:56:08","slug":"559-61highroller2-max","status":"publish","type":"product","link":"https:\/\/ruegg.ping-ag.ch\/it\/produkt\/559-61highroller2-max\/","title":{"rendered":"<div class='designation1'>Pneumatico per bicicletta Maxxis 61-559 EXO<\/div><div class='designation2'>26x2.4 HIGH ROLLER 2 Singolo s\/s pieghevole<\/div>"},"content":{"rendered":"<div class='html translation-block'>\n<p><span style=\"font-weight:bold;font-family:Verdana;font-size:19px;color:#6666\">HIGH ROLLER II<\/span><\/p>\n<p><span style=\"font-family:Verdana;font-size:14px;color:#5a6666\">L'HighRoller II \u00e8 la logica evoluzione di una leggenda: l'HighRoller. \u00c8 pi\u00f9 moderno e aggressivo, il disegno aperto del battistrada scava pi\u00f9 a fondo nel terreno, ma la resistenza al rotolamento \u00e8 inferiore. L'autopulizia \u00e8 ancora migliore. La regolazione precisa delle posizioni dei tasselli si traduce in un comportamento di guida molto prevedibile, con transizioni fluide in curva e un'enorme aderenza. Anche la trazione in frenata beneficia del nuovo design.<\/span><\/p>\n<\/p>\n<\/div>","protected":false},"excerpt":{"rendered":"<p>Pneumatico per bicicletta Maxxis 61-559 EXO<\/p>","protected":false},"featured_media":89221,"template":"","meta":{"_acf_changed":false,"ep_exclude_from_search":false},"product_brand":[],"product_cat":[18995,19002],"product_tag":[],"class_list":{"0":"post-104510","1":"product","2":"type-product","3":"status-publish","4":"has-post-thumbnail","6":"product_cat-fahrrad","7":"product_cat-fahrradreifen","9":"first","10":"outofstock","11":"taxable","12":"shipping-taxable","13":"purchasable","14":"product-type-simple"},"acf":[],"_links":{"self":[{"href":"https:\/\/ruegg.ping-ag.ch\/it\/wp-json\/wp\/v2\/product\/104510","targetHints":{"allow":["GET"]}}],"collection":[{"href":"https:\/\/ruegg.ping-ag.ch\/it\/wp-json\/wp\/v2\/product"}],"about":[{"href":"https:\/\/ruegg.ping-ag.ch\/it\/wp-json\/wp\/v2\/types\/product"}],"wp:featuredmedia":[{"embeddable":true,"href":"https:\/\/ruegg.ping-ag.ch\/it\/wp-json\/wp\/v2\/media\/89221"}],"wp:attachment":[{"href":"https:\/\/ruegg.ping-ag.ch\/it\/wp-json\/wp\/v2\/media?parent=104510"}],"wp:term":[{"taxonomy":"product_brand","embeddable":true,"href":"https:\/\/ruegg.ping-ag.ch\/it\/wp-json\/wp\/v2\/product_brand?post=104510"},{"taxonomy":"product_cat","embeddable":true,"href":"https:\/\/ruegg.ping-ag.ch\/it\/wp-json\/wp\/v2\/product_cat?post=104510"},{"taxonomy":"product_tag","embeddable":true,"href":"https:\/\/ruegg.ping-ag.ch\/it\/wp-json\/wp\/v2\/product_tag?post=104510"}],"curies":[{"name":"wp","href":"https:\/\/api.w.org\/{rel}","templated":true}]}}