{"id":96717,"date":"2025-11-06T12:45:40","date_gmt":"2025-11-06T12:45:40","guid":{"rendered":"https:\/\/ruegg.ping-ag.ch\/?page_id=96717"},"modified":"2026-03-19T08:08:58","modified_gmt":"2026-03-19T08:08:58","slug":"consegna_b2c","status":"publish","type":"page","link":"https:\/\/ruegg.ping-ag.ch\/it\/lieferung_b2c\/","title":{"rendered":"Lieferung_b2c"},"content":{"rendered":"<div class=\"wp-block-group headerbild\"><div class=\"wp-block-group__inner-container is-layout-constrained wp-block-group-is-layout-constrained\">\n<figure class=\"wp-block-image size-full\"><img loading=\"lazy\" decoding=\"async\" width=\"1640\" height=\"600\" src=\"https:\/\/ruegg.ping-ag.ch\/wp-content\/uploads\/2025\/11\/Lieferung_und_Abholung.jpg\" alt=\"\" class=\"wp-image-97308\"\/><\/figure>\n\n\n\n<p>Consegna.<br><\/p>\n<\/div><\/div>\n\n\n\n<h5 class=\"wp-block-heading\"><strong>Gamma di prodotti e ambito di fornitura. <\/strong><\/h5>\n\n\n\n<p class=\"has-normal-font-size\">La nostra offerta si rivolge esclusivamente a clienti con residenza o sede aziendale in Svizzera o nel Principato del Liechtenstein. Tutti i prodotti vengono consegnati dal Centro Logistico di R\u00fcegg Svizzera a indirizzi in Svizzera e nel Principato del Liechtenstein dalla societ\u00e0 di trasporti DHL Logistics Schweiz AG.<\/p>\n\n\n\n<p class=\"has-normal-font-size\">Non siamo responsabili per i ritardi nella consegna causati dai produttori o da altre terze parti.<\/p>\n\n\n\n<h5 class=\"wp-block-heading\"><strong>Costi e supplementi di spedizione.<\/strong><\/h5>\n\n\n\n<figure class=\"wp-block-table is-style-stripes\"><table style=\"border-style:none;border-width:0px\"><tbody><tr><td>Spedizione gratuita<\/td><td>CHF 0.00<\/td><td>Ordini a partire da CHF 50.00 (IVA esclusa)<\/td><\/tr><tr><td>Costi di spedizione <\/td><td>CHF 4,90<\/td><td>Ordini inferiori a CHF 50.00 (IVA esclusa)<\/td><\/tr><tr><td>Supplemento per ordine tardivo<\/td><td>CHF 2.00<\/td><td>Ordini 90 minuti prima della scadenza dell'ordine con spedizione in giornata<\/td><\/tr><\/tbody><\/table><\/figure>\n\n\n\n<p class=\"has-normal-font-size\">Tutti gli ordini ricevuti entro le 17:30 dei giorni lavorativi vengono spediti il giorno stesso e di solito arrivano all'indirizzo di consegna il giorno lavorativo successivo (\u224898 %).<\/p>\n\n\n\n<h5 class=\"wp-block-heading\"><strong>Contratto di consegna DHL.<\/strong><\/h5>\n\n\n\n<p class=\"has-normal-font-size\">Ricevere i pacchi anche se non siete sul posto: basta indicare il luogo desiderato nella vostra propriet\u00e0. Se il fattorino non vi raggiunge sul posto, i pacchi saranno lasciati in un luogo sicuro e asciutto da voi definito e, se necessario, ritirati da l\u00ec.<\/p>\n\n\n\n<p class=\"has-normal-font-size\">\u00c8 sufficiente un contratto di consegna con DHL.<br>Scarica: <a href=\"https:\/\/ruegg.ping-ag.ch\/wp-content\/uploads\/2025\/11\/DHL_Auslieferungs-Vereinbarung_D.docx\">Tedesco<\/a>, <a href=\"https:\/\/ruegg.ping-ag.ch\/wp-content\/uploads\/2025\/11\/DHL_Auslieferungs-Vereinbarung_F.docx\">Francese<\/a>, <a href=\"https:\/\/ruegg.ping-ag.ch\/wp-content\/uploads\/2025\/11\/DHL_Auslieferungs-Vereinbarung_I.docx\">Italiano<\/a>. Oppure registrarsi con <a href=\"https:\/\/ondemand.dhl.com\/prg\/on-demand-delivery.xhtml?ctrycode=CH\">Consegna DHL su richiesta<\/a>.<\/p>\n\n\n\n<h5 class=\"wp-block-heading\"><strong>Obbligo di controllo.<\/strong><\/h5>\n\n\n\n<p class=\"has-normal-font-size\">Siete tenuti a controllare i prodotti immediatamente dopo il ricevimento per verificarne la correttezza, la completezza e gli eventuali danni alla consegna. Eventuali discrepanze devono essere segnalate entro 5 giorni lavorativi dal ricevimento.<\/p>\n\n\n\n<div class=\"wp-block-buttons is-content-justification-right is-layout-flex wp-container-core-buttons-is-layout-d445cf74 wp-block-buttons-is-layout-flex\">\n<div class=\"wp-block-button\"><a class=\"wp-block-button__link wp-element-button\" href=\"https:\/\/ruegg.ping-ag.ch\/it\/agb\/\" target=\"_blank\" rel=\"noreferrer noopener\">GTC<\/a><\/div>\n<\/div>\n\n\n\n<div style=\"height:75px\" aria-hidden=\"true\" class=\"wp-block-spacer\"><\/div>","protected":false},"excerpt":{"rendered":"<p>Lieferung. Sortiments- und Lieferumfang. Unser Angebot richtet sich ausschliesslich an eine Kundschaft mit Wohn- oder Firmensitz in der Schweiz oder im F\u00fcrstentum Liechtenstein. Alle Produkte werden ab dem R\u00fcegg-Logistikcenter Schweiz mit dem Transportunternehmen DHL Logistics Schweiz AG an Adressen in der Schweiz und in das F\u00fcrstentum Liechtenstein geliefert. Wir haften nicht f\u00fcr Lieferverz\u00f6gerungen, die von [&hellip;]<\/p>\n","protected":false},"author":12325,"featured_media":0,"parent":0,"menu_order":0,"comment_status":"closed","ping_status":"closed","template":"","meta":{"_acf_changed":false,"ep_exclude_from_search":false,"footnotes":""},"class_list":["post-96717","page","type-page","status-publish","hentry"],"acf":[],"_links":{"self":[{"href":"https:\/\/ruegg.ping-ag.ch\/it\/wp-json\/wp\/v2\/pages\/96717","targetHints":{"allow":["GET"]}}],"collection":[{"href":"https:\/\/ruegg.ping-ag.ch\/it\/wp-json\/wp\/v2\/pages"}],"about":[{"href":"https:\/\/ruegg.ping-ag.ch\/it\/wp-json\/wp\/v2\/types\/page"}],"author":[{"embeddable":true,"href":"https:\/\/ruegg.ping-ag.ch\/it\/wp-json\/wp\/v2\/users\/12325"}],"replies":[{"embeddable":true,"href":"https:\/\/ruegg.ping-ag.ch\/it\/wp-json\/wp\/v2\/comments?post=96717"}],"version-history":[{"count":226,"href":"https:\/\/ruegg.ping-ag.ch\/it\/wp-json\/wp\/v2\/pages\/96717\/revisions"}],"predecessor-version":[{"id":107850,"href":"https:\/\/ruegg.ping-ag.ch\/it\/wp-json\/wp\/v2\/pages\/96717\/revisions\/107850"}],"wp:attachment":[{"href":"https:\/\/ruegg.ping-ag.ch\/it\/wp-json\/wp\/v2\/media?parent=96717"}],"curies":[{"name":"wp","href":"https:\/\/api.w.org\/{rel}","templated":true}]}}