{"id":55468,"date":"2025-11-10T15:24:30","date_gmt":"2025-11-10T15:24:30","guid":{"rendered":"https:\/\/ruegg.ping-ag.ch\/?page_id=55468"},"modified":"2026-03-10T07:55:44","modified_gmt":"2026-03-10T07:55:44","slug":"impronta","status":"publish","type":"page","link":"https:\/\/ruegg.ping-ag.ch\/it\/impressum\/","title":{"rendered":"Impronta"},"content":{"rendered":"<div class=\"wp-block-group headerbild\"><div class=\"wp-block-group__inner-container is-layout-constrained wp-block-group-is-layout-constrained\">\n<figure class=\"wp-block-image size-full\"><img loading=\"lazy\" decoding=\"async\" width=\"1640\" height=\"600\" src=\"https:\/\/ruegg.ping-ag.ch\/wp-content\/uploads\/2025\/11\/retourengarantien.jpg\" alt=\"\" class=\"wp-image-96981\"\/><\/figure>\n\n\n\n<p>Impronta.<\/p>\n<\/div><\/div>\n\n\n\n<h5 class=\"wp-block-heading\"><strong>Autorit\u00e0 responsabile.<\/strong><\/h5>\n\n\n\n<p class=\"has-normal-font-size\">Arthur R\u00fcegg Fahrzeug-Zubeh\u00f6r AG<br>Lerzenstrasse 21<br>CH-8953 Dietikon<\/p>\n\n\n\n<p class=\"has-normal-font-size\">Telefono: +41 43 322 43 43<br>Email: info@rueggag.ch<\/p>\n\n\n\n<p class=\"has-normal-font-size\">Rappresentante autorizzato: J\u00fcrg R\u00fcegg<\/p>\n\n\n\n<p class=\"has-normal-font-size\">Numero di partita IVA: CHE-107.822.446 IVA<\/p>\n\n\n\n<p class=\"has-normal-font-size\">Iscrizione nel registro di commercio: CH-020.3.005.516-5, Ufficio del registro di commercio del Cantone di Zurigo.<\/p>\n\n\n\n<h5 class=\"wp-block-heading\"><strong>Esclusione di responsabilit\u00e0.<\/strong><\/h5>\n\n\n\n<p class=\"has-normal-font-size\">L'autore non si assume alcuna responsabilit\u00e0 per la correttezza, l'accuratezza, l'attualit\u00e0, l'affidabilit\u00e0 e la completezza delle informazioni. Sono escluse richieste di responsabilit\u00e0 nei confronti dell'autore per danni di natura materiale o immateriale derivanti dall'accesso, dall'uso o dal mancato uso delle informazioni pubblicate, dall'uso improprio della connessione o da guasti tecnici.<\/p>\n\n\n\n<p class=\"has-normal-font-size\">Tutte le offerte non sono vincolanti. L'autore si riserva espressamente il diritto di modificare, integrare o cancellare parti delle pagine o l'intera offerta senza preavviso o di interrompere temporaneamente o definitivamente la pubblicazione.<\/p>\n\n\n\n<h5 class=\"wp-block-heading\"><strong>Esclusione di responsabilit\u00e0 per i contenuti e i link.<\/strong><\/h5>\n\n\n\n<p class=\"has-normal-font-size\">I riferimenti e i link a siti web di terzi non rientrano nella nostra sfera di responsabilit\u00e0. Si declina ogni responsabilit\u00e0 per tali siti web. L'accesso e l'utilizzo di tali siti web \u00e8 a rischio e pericolo dell'utente.<\/p>\n\n\n\n<h5 class=\"wp-block-heading\"><strong>Dichiarazione di copyright.<\/strong><\/h5>\n\n\n\n<p class=\"has-normal-font-size\">I diritti d'autore e tutti gli altri diritti su contenuti, immagini, foto o altri file presenti sul sito web appartengono esclusivamente a Arthur R\u00fcegg Fahrzeug-Zubeh\u00f6r AG o ai titolari dei diritti specificamente indicati. Per la riproduzione di qualsiasi elemento \u00e8 necessario ottenere preventivamente il consenso scritto dei titolari dei diritti d'autore.<\/p>\n\n\n\n<div style=\"height:75px\" aria-hidden=\"true\" class=\"wp-block-spacer\"><\/div>","protected":false},"excerpt":{"rendered":"<p>Impressum. Verantwortliche Instanz. Arthur R\u00fcegg Fahrzeug-Zubeh\u00f6r AGLerzenstrasse 21CH-8953 Dietikon Telefon: +41 43 322 43 43Email: info@rueggag.ch Vertretungsberechtigte Person: J\u00fcrg R\u00fcegg MWST-Nummer: CHE-107.822.446 MWST Handelsregistereintrag: CH-020.3.005.516-5, Handelsregisteramt des Kanton Z\u00fcrich Disclaimer \/ Haftungsausschluss. Der Autor \u00fcbernimmt keinerlei Gew\u00e4hr hinsichtlich der inhaltlichen Richtigkeit, Genauigkeit, Aktualit\u00e4t, Zuverl\u00e4ssigkeit und Vollst\u00e4ndigkeit der Informationen. Haftungsanspr\u00fcche gegen den Autor wegen Sch\u00e4den materieller [&hellip;]<\/p>\n","protected":false},"author":12325,"featured_media":0,"parent":0,"menu_order":0,"comment_status":"closed","ping_status":"closed","template":"","meta":{"_acf_changed":false,"ep_exclude_from_search":false,"footnotes":""},"class_list":["post-55468","page","type-page","status-publish","hentry"],"acf":[],"_links":{"self":[{"href":"https:\/\/ruegg.ping-ag.ch\/it\/wp-json\/wp\/v2\/pages\/55468","targetHints":{"allow":["GET"]}}],"collection":[{"href":"https:\/\/ruegg.ping-ag.ch\/it\/wp-json\/wp\/v2\/pages"}],"about":[{"href":"https:\/\/ruegg.ping-ag.ch\/it\/wp-json\/wp\/v2\/types\/page"}],"author":[{"embeddable":true,"href":"https:\/\/ruegg.ping-ag.ch\/it\/wp-json\/wp\/v2\/users\/12325"}],"replies":[{"embeddable":true,"href":"https:\/\/ruegg.ping-ag.ch\/it\/wp-json\/wp\/v2\/comments?post=55468"}],"version-history":[{"count":62,"href":"https:\/\/ruegg.ping-ag.ch\/it\/wp-json\/wp\/v2\/pages\/55468\/revisions"}],"predecessor-version":[{"id":107655,"href":"https:\/\/ruegg.ping-ag.ch\/it\/wp-json\/wp\/v2\/pages\/55468\/revisions\/107655"}],"wp:attachment":[{"href":"https:\/\/ruegg.ping-ag.ch\/it\/wp-json\/wp\/v2\/media?parent=55468"}],"curies":[{"name":"wp","href":"https:\/\/api.w.org\/{rel}","templated":true}]}}