{"id":48142,"date":"2024-12-06T12:21:20","date_gmt":"2024-12-06T12:21:20","guid":{"rendered":"https:\/\/ruegg.ping-ag.ch\/?page_id=48142"},"modified":"2026-03-10T08:34:57","modified_gmt":"2026-03-10T08:34:57","slug":"diventare-un-rivenditore","status":"publish","type":"page","link":"https:\/\/ruegg.ping-ag.ch\/it\/haendler-werden\/","title":{"rendered":"Diventa rivenditore"},"content":{"rendered":"<div class=\"wp-block-group headerbild\"><div class=\"wp-block-group__inner-container is-layout-constrained wp-block-group-is-layout-constrained\">\n<figure class=\"wp-block-image size-full\"><img loading=\"lazy\" decoding=\"async\" width=\"1640\" height=\"600\" src=\"https:\/\/ruegg.ping-ag.ch\/wp-content\/uploads\/2025\/11\/AdobeStock_1174907991.jpeg\" alt=\"\" class=\"wp-image-96635\"\/><\/figure>\n\n\n\n<p>Insieme<br>decollare!<\/p>\n<\/div><\/div>\n\n\n\n<h2 class=\"wp-block-heading\"><strong>Volete diventare un nostro partner autorizzato?<\/strong><\/h2>\n\n\n\n<p class=\"has-medium-font-size\">Gestite un negozio di biciclette e siete alla ricerca di un partner affidabile per gli pneumatici? Allora siete nel posto giusto. Offriamo la gamma pi\u00f9 completa e rapidamente disponibile di pneumatici e camere d'aria per biciclette, con tempi di consegna imbattibili.<\/p>\n\n\n\n<p class=\"has-medium-font-size\">La strada verso il vostro nuovo partner di pneumatici \u00e8 molto semplice: solo pochi passi vi separano dal nostro servizio completo.<\/p>\n\n\n\n<div class=\"wpcf7 no-js\" id=\"wpcf7-f96555-o1\" lang=\"en-US\" dir=\"ltr\" data-wpcf7-id=\"96555\">\n<div class=\"screen-reader-response\"><p role=\"status\" aria-live=\"polite\" aria-atomic=\"true\"><\/p> <ul><\/ul><\/div>\n<form action=\"\/it\/wp-json\/wp\/v2\/pages\/48142#wpcf7-f96555-o1\" method=\"post\" class=\"wpcf7-form init\" aria-label=\"Contact form\" enctype=\"multipart\/form-data\" novalidate=\"novalidate\" data-status=\"init\" data-trp-original-action=\"\/it\/wp-json\/wp\/v2\/pages\/48142#wpcf7-f96555-o1\">\n<fieldset class=\"hidden-fields-container\"><input type=\"hidden\" name=\"_wpcf7\" value=\"96555\" \/><input type=\"hidden\" name=\"_wpcf7_version\" value=\"6.1.5\" \/><input type=\"hidden\" name=\"_wpcf7_locale\" value=\"en_US\" \/><input type=\"hidden\" name=\"_wpcf7_unit_tag\" value=\"wpcf7-f96555-o1\" \/><input type=\"hidden\" name=\"_wpcf7_container_post\" value=\"0\" \/><input type=\"hidden\" name=\"_wpcf7_posted_data_hash\" value=\"\" \/>\n<\/fieldset>\n<div class=\"wpcf7-turnstile cf-turnstile\" data-sitekey=\"0x4AAAAAACd3GJ2Nu8mGtFgD\" data-response-field-name=\"_wpcf7_turnstile_response\"><\/div>\n\n<h2>Modulo di richiesta\n<\/h2>\n<p class=\"infotxt\">Si prega di caricare l'estratto attuale del registro delle imprese o di confermare che non \u00e8 disponibile. Compilate tutti i campi obbligatori contrassegnati da un asterisco (*) per consentirci di elaborare la vostra richiesta in modo rapido e affidabile.\n<\/p>\n<div class=\"col2\">\n\t<div>\n\t\t<p><label>Nome*<\/label><br \/>\n<span class=\"wpcf7-form-control-wrap\" data-name=\"vorname\"><input size=\"40\" maxlength=\"400\" class=\"wpcf7-form-control wpcf7-text wpcf7-validates-as-required\" aria-required=\"true\" aria-invalid=\"false\" value=\"\" type=\"text\" name=\"vorname\" \/><\/span>\n\t\t<\/p>\n\t<\/div>\n\t<div>\n\t\t<p><label>Cognome*<\/label><br \/>\n<span class=\"wpcf7-form-control-wrap\" data-name=\"nachname\"><input size=\"40\" maxlength=\"400\" class=\"wpcf7-form-control wpcf7-text wpcf7-validates-as-required\" aria-required=\"true\" aria-invalid=\"false\" value=\"\" type=\"text\" name=\"nachname\" \/><\/span>\n\t\t<\/p>\n\t<\/div>\n<\/div>\n<div class=\"col2\">\n\t<div>\n\t\t<p><label>Azienda*<\/label><br \/>\n<span class=\"wpcf7-form-control-wrap\" data-name=\"unternehmen\"><input size=\"40\" maxlength=\"400\" class=\"wpcf7-form-control wpcf7-text wpcf7-validates-as-required\" aria-required=\"true\" aria-invalid=\"false\" value=\"\" type=\"text\" name=\"unternehmen\" \/><\/span>\n\t\t<\/p>\n\t<\/div>\n\t<div>\n\t\t<p><label>Aggiunta<\/label><br \/>\n<span class=\"wpcf7-form-control-wrap\" data-name=\"zusatz\"><input size=\"40\" maxlength=\"400\" class=\"wpcf7-form-control wpcf7-text\" aria-invalid=\"false\" value=\"\" type=\"text\" name=\"zusatz\" \/><\/span>\n\t\t<\/p>\n\t<\/div>\n<\/div>\n<div class=\"col2\">\n\t<div>\n\t\t<p><label>Via*<\/label><br \/>\n<span class=\"wpcf7-form-control-wrap\" data-name=\"strasse\"><input size=\"40\" maxlength=\"400\" class=\"wpcf7-form-control wpcf7-text wpcf7-validates-as-required\" id=\"billing_address_1\" aria-required=\"true\" aria-invalid=\"false\" value=\"\" type=\"text\" name=\"strasse\" \/><\/span>\n\t\t<\/p>\n\t<\/div>\n\t<div>\n\t\t<p><label>Numero*<\/label><br \/>\n<span class=\"wpcf7-form-control-wrap\" data-name=\"nummer\"><input size=\"40\" maxlength=\"400\" class=\"wpcf7-form-control wpcf7-text wpcf7-validates-as-required\" id=\"billing_address_2\" aria-required=\"true\" aria-invalid=\"false\" value=\"\" type=\"text\" name=\"nummer\" \/><\/span>\n\t\t<\/p>\n\t<\/div>\n<\/div>\n<div class=\"col2\">\n\t<div>\n\t\t<p><label>Codice postale*<\/label><br \/>\n<span class=\"wpcf7-form-control-wrap\" data-name=\"postleitzahl\"><input size=\"40\" maxlength=\"400\" class=\"wpcf7-form-control wpcf7-text wpcf7-validates-as-required\" id=\"billing_postcode\" aria-required=\"true\" aria-invalid=\"false\" value=\"\" type=\"text\" name=\"postleitzahl\" \/><\/span>\n\t\t<\/p>\n\t<\/div>\n\t<div>\n\t\t<p><label>Luogo*<\/label><br \/>\n<span class=\"wpcf7-form-control-wrap\" data-name=\"ort\"><input size=\"40\" maxlength=\"400\" class=\"wpcf7-form-control wpcf7-text wpcf7-validates-as-required\" id=\"billing_city\" aria-required=\"true\" aria-invalid=\"false\" value=\"\" type=\"text\" name=\"ort\" \/><\/span>\n\t\t<\/p>\n\t<\/div>\n<\/div>\n<div class=\"col2\">\n\t<div>\n\t\t<p><label>E-mail*<\/label><br \/>\n<span class=\"wpcf7-form-control-wrap\" data-name=\"your-email\"><input size=\"40\" maxlength=\"400\" class=\"wpcf7-form-control wpcf7-email wpcf7-validates-as-required wpcf7-text wpcf7-validates-as-email\" aria-required=\"true\" aria-invalid=\"false\" value=\"\" type=\"email\" name=\"your-email\" \/><\/span>\n\t\t<\/p>\n\t<\/div>\n\t<div>\n\t\t<p><label>Sito web<\/label><br \/>\n<span class=\"wpcf7-form-control-wrap\" data-name=\"webseite\"><input size=\"40\" maxlength=\"400\" class=\"wpcf7-form-control wpcf7-text\" aria-invalid=\"false\" value=\"\" type=\"text\" name=\"webseite\" \/><\/span>\n\t\t<\/p>\n\t<\/div>\n<\/div>\n<div class=\"col2\">\n\t<div>\n\t\t<p><label>Telefono*<\/label><br \/>\n<span class=\"wpcf7-form-control-wrap\" data-name=\"telefon\"><input size=\"40\" maxlength=\"400\" class=\"wpcf7-form-control wpcf7-tel wpcf7-validates-as-required wpcf7-text wpcf7-validates-as-tel\" aria-required=\"true\" aria-invalid=\"false\" value=\"\" type=\"tel\" name=\"telefon\" \/><\/span>\n\t\t<\/p>\n\t<\/div>\n\t<div class=\"upload-section\">\n\t\t<p><label>Estratto del registro delle imprese*<\/label><br \/>\n<label for=\"handelsregisterauszug\" class=\"custom-file-label\">Caricare l'estratto del registro commerciale<\/label><br \/>\n<span class=\"wpcf7-form-control-wrap\" data-name=\"handelsregisterauszug\"><input size=\"40\" class=\"wpcf7-form-control wpcf7-file wpcf7-validates-as-required custom-file-input\" id=\"handelsregisterauszug\" accept=\".pdf,.jpg,.jpeg,.png\" aria-required=\"true\" aria-invalid=\"false\" type=\"file\" name=\"handelsregisterauszug\" \/><\/span>\n\t\t<\/p>\n\t\t<p><span class=\"file-name\"><\/span>\n\t\t<\/p>\n\t\t<div class=\"checkbox-field\">\n\t\t\t<p><span class=\"wpcf7-form-control-wrap\" data-name=\"kein_handelsregisterauszug\"><span class=\"wpcf7-form-control wpcf7-checkbox\"><span class=\"wpcf7-list-item first last\"><label><input type=\"checkbox\" name=\"kein_handelsregisterauszug[]\" value=\"nicht vorhanden\" \/><span class=\"wpcf7-list-item-label\">non disponibile<\/span><\/label><\/span><\/span><\/span>\n\t\t\t<\/p>\n\t\t<\/div>\n\t<\/div>\n<\/div>\n<p><label>Comunicazione<\/label><br \/>\n<span class=\"wpcf7-form-control-wrap\" data-name=\"mitteilung\"><textarea cols=\"40\" rows=\"10\" maxlength=\"2000\" class=\"wpcf7-form-control wpcf7-textarea\" aria-invalid=\"false\" name=\"mitteilung\"><\/textarea><\/span>\n<\/p>\n<p><input class=\"wpcf7-form-control wpcf7-submit has-spinner\" type=\"submit\" value=\"Invia una richiesta\" \/>\n<\/p><div class=\"wpcf7-response-output\" aria-hidden=\"true\"><\/div>\n<input type=\"hidden\" name=\"trp-form-language\" value=\"it\"\/><\/form>\n<\/div>","protected":false},"excerpt":{"rendered":"<p>Lass uns gemeinsamdurchstarten! M\u00f6chtest du ein autorisierter Partner von uns werden? Du f\u00fchrst ein Zweiradgesch\u00e4ft und suchst einen zuverl\u00e4ssigen Partner f\u00fcr Reifen? Dann bist du bei uns genau richtig. Wir bieten das umfangreichste und am schnellsten verf\u00fcgbare Sortiment an Zweiradreifen und -schl\u00e4uchen zu unschlagbaren Lieferzeiten. Der Weg zu deinem neuen Reifenpartner ist ganz einfach \u2013 [&hellip;]<\/p>\n","protected":false},"author":12325,"featured_media":0,"parent":0,"menu_order":0,"comment_status":"closed","ping_status":"closed","template":"","meta":{"_acf_changed":false,"ep_exclude_from_search":false,"footnotes":""},"class_list":["post-48142","page","type-page","status-publish","hentry"],"acf":[],"_links":{"self":[{"href":"https:\/\/ruegg.ping-ag.ch\/it\/wp-json\/wp\/v2\/pages\/48142","targetHints":{"allow":["GET"]}}],"collection":[{"href":"https:\/\/ruegg.ping-ag.ch\/it\/wp-json\/wp\/v2\/pages"}],"about":[{"href":"https:\/\/ruegg.ping-ag.ch\/it\/wp-json\/wp\/v2\/types\/page"}],"author":[{"embeddable":true,"href":"https:\/\/ruegg.ping-ag.ch\/it\/wp-json\/wp\/v2\/users\/12325"}],"replies":[{"embeddable":true,"href":"https:\/\/ruegg.ping-ag.ch\/it\/wp-json\/wp\/v2\/comments?post=48142"}],"version-history":[{"count":12,"href":"https:\/\/ruegg.ping-ag.ch\/it\/wp-json\/wp\/v2\/pages\/48142\/revisions"}],"predecessor-version":[{"id":107698,"href":"https:\/\/ruegg.ping-ag.ch\/it\/wp-json\/wp\/v2\/pages\/48142\/revisions\/107698"}],"wp:attachment":[{"href":"https:\/\/ruegg.ping-ag.ch\/it\/wp-json\/wp\/v2\/media?parent=48142"}],"curies":[{"name":"wp","href":"https:\/\/api.w.org\/{rel}","templated":true}]}}