{"id":48138,"date":"2024-12-06T12:21:07","date_gmt":"2024-12-06T12:21:07","guid":{"rendered":"https:\/\/ruegg.ping-ag.ch\/?page_id=48138"},"modified":"2026-03-10T08:33:35","modified_gmt":"2026-03-10T08:33:35","slug":"ricerca-del-rivenditore","status":"publish","type":"page","link":"https:\/\/ruegg.ping-ag.ch\/it\/haendlersuche\/","title":{"rendered":"Ricerca rivenditori"},"content":{"rendered":"<div class=\"wp-block-group headerbild\"><div class=\"wp-block-group__inner-container is-layout-constrained wp-block-group-is-layout-constrained\">\n<figure class=\"wp-block-image size-full\"><img loading=\"lazy\" decoding=\"async\" width=\"1640\" height=\"600\" src=\"https:\/\/ruegg.ping-ag.ch\/wp-content\/uploads\/2025\/11\/haendlerantrag.jpeg\" alt=\"\" class=\"wp-image-96622\"\/><\/figure>\n\n\n\n<p>I professionisti<br>nel vostro quartiere.<\/p>\n<\/div><\/div>\n\n\n\n<h2 class=\"wp-block-heading\"><strong>Trovate il professionista delle due ruote pi\u00f9 adatto a voi.<\/strong><\/h2>\n\n\n\n<p class=\"has-medium-font-size\">Cercate il vostro meccanico di fiducia? L'officina giusta per le vostre due ruote? E nel vostro quartiere? La nostra rete di esperti professionisti delle due ruote vi aiuter\u00e0 a trovare il meccanico giusto o l'officina ideale.<\/p>\n\n\n\n<div style=\"height:31px\" aria-hidden=\"true\" class=\"wp-block-spacer\"><\/div>\n\n\n<style>\r\n\t#wpsl-stores .wpsl-store-thumb {height:45px !important; width:45px !important;}\r\n\t#wpsl-stores, #wpsl-direction-details, #wpsl-gmap {height:800px !important;}\r\n\t#wpsl-gmap .wpsl-info-window {max-width:225px !important;}\r\n\t.wpsl-input label, #wpsl-radius label, #wpsl-category label {width:95px;}\r\n\t#wpsl-search-input  {width:179px;}\r\n<\/style>\r\n<div id=\"wpsl-wrap\">\r\n\t<div class=\"wpsl-search wpsl-clearfix wpsl-no-filters\">\r\n\t\t<div id=\"wpsl-search-wrap\">\r\n\t\t\t<form autocomplete=\"off\" action=\"\">\r\n\t\t\t<div class=\"wpsl-input\">\r\n\t\t\t\t<div class=\"search-label\"><label for=\"wpsl-search-input\">Indirizzo, codice postale<\/label>\r\n\t\t\t\t<input id=\"wpsl-search-input\" type=\"text\" value=\"\" name=\"wpsl-search-input\" placeholder=\"\" aria-required=\"true\" \/><\/div>\r\n\t\t\t<\/div>\r\n\t\t\t\t<div class=\"wpsl-search-btn-wrap\"><input id=\"wpsl-search-btn\" type=\"submit\" value=\"Ricerca\"><\/div>\r\n\t\t<input type=\"hidden\" name=\"trp-form-language\" value=\"it\"\/><\/form>\r\n\t\t<\/div>\r\n\t<\/div>\r\n\t<div class=\"maps-results\"><div id=\"wpsl-gmap\" class=\"wpsl-gmap-canvas\"><\/div>\r\n\t<div id=\"wpsl-result-list\">\r\n\t\t<div id=\"wpsl-stores\" >\r\n\t\t\t<ul><\/ul>\r\n\t\t<\/div>\r\n\t\t<div id=\"wpsl-direction-details\">\r\n\t\t\t<ul><\/ul>\r\n\t\t<\/div>\r\n\t<\/div><\/div>\r\n<\/div>\r\n\n\n\n\n<div class=\"wp-block-group news-teaser\"><div class=\"wp-block-group__inner-container is-layout-constrained wp-block-group-is-layout-constrained\"><ul class=\"wp-block-latest-posts__list wp-block-latest-posts\"><li><div class=\"wp-block-latest-posts__featured-image\"><img loading=\"lazy\" decoding=\"async\" width=\"980\" height=\"652\" src=\"https:\/\/ruegg.ping-ag.ch\/wp-content\/uploads\/2025\/11\/header_biker.jpeg\" class=\"attachment-large size-large wp-post-image\" alt=\"Passione per l&#039;avventura dei pneumatici\" style=\"\" \/><\/div><a class=\"wp-block-latest-posts__post-title\" href=\"https:\/\/ruegg.ping-ag.ch\/it\/hezrlich-willkomen-in-unserem-neuen-shop\/\">Qui \u00e8 possibile spostare facilmente l'account utente esistente dal vecchio negozio al nuovo.<\/a><\/li>\n<li><div class=\"wp-block-latest-posts__featured-image\"><img loading=\"lazy\" decoding=\"async\" width=\"980\" height=\"700\" src=\"https:\/\/ruegg.ping-ag.ch\/wp-content\/uploads\/2026\/02\/Continental_Grand-Prix-5000-S-TR_ChristopherLanaway_Lifestyle_3-1024x731.jpg\" class=\"attachment-large size-large wp-post-image\" alt=\"\" style=\"\" srcset=\"https:\/\/ruegg.ping-ag.ch\/wp-content\/uploads\/2026\/02\/Continental_Grand-Prix-5000-S-TR_ChristopherLanaway_Lifestyle_3-1024x731.jpg 1024w, https:\/\/ruegg.ping-ag.ch\/wp-content\/uploads\/2026\/02\/Continental_Grand-Prix-5000-S-TR_ChristopherLanaway_Lifestyle_3-300x214.jpg 300w, https:\/\/ruegg.ping-ag.ch\/wp-content\/uploads\/2026\/02\/Continental_Grand-Prix-5000-S-TR_ChristopherLanaway_Lifestyle_3-768x549.jpg 768w, https:\/\/ruegg.ping-ag.ch\/wp-content\/uploads\/2026\/02\/Continental_Grand-Prix-5000-S-TR_ChristopherLanaway_Lifestyle_3-1536x1097.jpg 1536w, https:\/\/ruegg.ping-ag.ch\/wp-content\/uploads\/2026\/02\/Continental_Grand-Prix-5000-S-TR_ChristopherLanaway_Lifestyle_3-18x12.jpg 18w, https:\/\/ruegg.ping-ag.ch\/wp-content\/uploads\/2026\/02\/Continental_Grand-Prix-5000-S-TR_ChristopherLanaway_Lifestyle_3-416x297.jpg 416w, https:\/\/ruegg.ping-ag.ch\/wp-content\/uploads\/2026\/02\/Continental_Grand-Prix-5000-S-TR_ChristopherLanaway_Lifestyle_3.jpg 1540w\" sizes=\"auto, (max-width: 980px) 100vw, 980px\" \/><\/div><a class=\"wp-block-latest-posts__post-title\" href=\"https:\/\/ruegg.ping-ag.ch\/it\/continental-%e2%80%92-die-neuen-rennradreifen-grand-prix-5000-s-tr-und-grand-prix-5000-tt-tr\/\">Continental \u2012 I nuovi copertoni da corsa Grand Prix 5000 S TR e Grand Prix 5000 TT TR.<\/a><\/li>\n<\/ul><\/div><\/div>","protected":false},"excerpt":{"rendered":"<p>Die Profisin deiner N\u00e4he. Finde deinen passenden Zweiradprofi. Du suchst den Mech deines Vertrauens? Die passende Werkstatt f\u00fcr dein Zweirad? Und das ganz in deiner N\u00e4he? Unser Netzwerk aus erfahrenen Zweiradprofis hilft dir dabei, den richtigen Mechaniker oder die ideale Werkstatt zu finden.<\/p>","protected":false},"author":12325,"featured_media":0,"parent":0,"menu_order":0,"comment_status":"closed","ping_status":"closed","template":"","meta":{"_acf_changed":false,"ep_exclude_from_search":false,"footnotes":""},"class_list":["post-48138","page","type-page","status-publish","hentry"],"acf":[],"_links":{"self":[{"href":"https:\/\/ruegg.ping-ag.ch\/it\/wp-json\/wp\/v2\/pages\/48138","targetHints":{"allow":["GET"]}}],"collection":[{"href":"https:\/\/ruegg.ping-ag.ch\/it\/wp-json\/wp\/v2\/pages"}],"about":[{"href":"https:\/\/ruegg.ping-ag.ch\/it\/wp-json\/wp\/v2\/types\/page"}],"author":[{"embeddable":true,"href":"https:\/\/ruegg.ping-ag.ch\/it\/wp-json\/wp\/v2\/users\/12325"}],"replies":[{"embeddable":true,"href":"https:\/\/ruegg.ping-ag.ch\/it\/wp-json\/wp\/v2\/comments?post=48138"}],"version-history":[{"count":20,"href":"https:\/\/ruegg.ping-ag.ch\/it\/wp-json\/wp\/v2\/pages\/48138\/revisions"}],"predecessor-version":[{"id":107697,"href":"https:\/\/ruegg.ping-ag.ch\/it\/wp-json\/wp\/v2\/pages\/48138\/revisions\/107697"}],"wp:attachment":[{"href":"https:\/\/ruegg.ping-ag.ch\/it\/wp-json\/wp\/v2\/media?parent=48138"}],"curies":[{"name":"wp","href":"https:\/\/api.w.org\/{rel}","templated":true}]}}