{"id":96742,"date":"2025-11-06T13:21:07","date_gmt":"2025-11-06T13:21:07","guid":{"rendered":"https:\/\/ruegg.ping-ag.ch\/?page_id=96742"},"modified":"2026-03-23T10:28:09","modified_gmt":"2026-03-23T10:28:09","slug":"politique-de-retour-et-de-garantie_b2c","status":"publish","type":"page","link":"https:\/\/ruegg.ping-ag.ch\/fr\/rueckgabe-und-garantierichtlinien_b2c\/","title":{"rendered":"R\u00fcckgabe- und Garantierichtlinien_b2c"},"content":{"rendered":"<div class=\"wp-block-group headerbild\"><div class=\"wp-block-group__inner-container is-layout-constrained wp-block-group-is-layout-constrained\">\n<figure class=\"wp-block-image size-full\"><img loading=\"lazy\" decoding=\"async\" width=\"1640\" height=\"600\" src=\"https:\/\/ruegg.ping-ag.ch\/wp-content\/uploads\/2025\/11\/retourengarantien.jpg\" alt=\"\" class=\"wp-image-96981\"\/><\/figure>\n\n\n\n<p>Conditions de retour et <br>Politique de garantie.<\/p>\n<\/div><\/div>\n\n\n\n<h5 class=\"wp-block-heading\"><strong>Retour.<\/strong><\/h5>\n\n\n\n<p class=\"has-normal-font-size\">Tu as le droit de renvoyer la marchandise livr\u00e9e dans un d\u00e9lai de 10 jours ouvrables. Le droit de retour commence \u00e0 la r\u00e9ception de la marchandise par le client.<\/p>\n\n\n\n<p class=\"has-normal-font-size\">Les articles retourn\u00e9s doivent \u00eatre intacts, \u00e0 l'\u00e9tat neuf et dans leur emballage d'origine impeccable. Les retours doivent \u00eatre accompagn\u00e9s sans exception de notre <a href=\"https:\/\/ruegg.ping-ag.ch\/wp-content\/uploads\/2025\/11\/Retourenantrag_D_F__05.2019.pdf\"><\/a><a href=\"https:\/\/ruegg.ping-ag.ch\/wp-content\/uploads\/2026\/01\/Retourenantrag_D_F__01.2026.pdf\">Demande de retour<\/a> pour le retour. Apr\u00e8s la transmission de ce dernier, tu recevras de notre part une \u00e9tiquette de retour que tu devras imprimer et d\u00e9poser avec le colis dans un point relais. <a href=\"https:\/\/www.dhlservicepoints.ch\/de\/\">Point de service DHL<\/a> de la commande. Les frais de renvoi sont \u00e0 la charge du client. <\/p>\n\n\n\n<p class=\"has-normal-font-size\">Si les conditions susmentionn\u00e9es ne sont pas remplies, le droit de retour s'\u00e9teint et nous pr\u00e9levons des frais de traitement de CHF 30.00. Sont exclus du droit de retour les articles qui ont \u00e9t\u00e9 achet\u00e9s sp\u00e9cialement \u00e0 la demande du client.<\/p>\n\n\n\n<h5 class=\"wp-block-heading\"><strong>garantie.<\/strong><\/h5>\n\n\n\n<p class=\"has-normal-font-size\">R\u00fcegg AG garantit l'absence de d\u00e9fauts et le bon fonctionnement du produit command\u00e9 pendant 24 mois \u00e0 compter de la livraison ou de l'enl\u00e8vement. Pour faire valoir un cas de garantie, tu dois envoyer le produit ainsi que la facture correspondante via ton compte client personnel dans la boutique en ligne R\u00fcegg en tant que <a href=\"https:\/\/ruegg.ping-ag.ch\/wp-content\/uploads\/2026\/01\/Retourenantrag_D_F__01.2026.pdf\">Demande de subvention<\/a> et la renvoyer en suivant les instructions qui y sont d\u00e9crites. Nous t'informerons par \u00e9crit de la suite donn\u00e9e \u00e0 ta demande de garantie.<\/p>\n\n\n\n<p>Si ta demande de garantie est accept\u00e9e, R\u00fcegg AG peut, \u00e0 son choix, honorer la garantie soit par un avoir au prix du jour (au maximum au prix de vente au moment de ta commande), soit par un produit de remplacement.<\/p>\n\n\n\n<p>La garantie comprend exclusivement le remplacement de la valeur de la marchandise ; les frais annexes sont exclus. Aucune responsabilit\u00e9 n'est assum\u00e9e pour les dommages cons\u00e9cutifs. Sont \u00e9galement exclus de la garantie les dommages caus\u00e9s par des modifications ou des r\u00e9parations que tu as effectu\u00e9es, par l'usure, par un cas de force majeure ou par le non-respect des consignes d'utilisation.<\/p>\n\n\n\n<div style=\"height:75px\" aria-hidden=\"true\" class=\"wp-block-spacer\"><\/div>\n\n\n\n<div class=\"wp-block-buttons is-content-justification-right is-layout-flex wp-container-core-buttons-is-layout-d445cf74 wp-block-buttons-is-layout-flex\">\n<div class=\"wp-block-button\"><a class=\"wp-block-button__link wp-element-button\" href=\"https:\/\/ruegg.ping-ag.ch\/fr\/conditions-generales\/\" target=\"_blank\" rel=\"noreferrer noopener\">CONDITIONS G\u00c9N\u00c9RALES DE VENTE<\/a><\/div>\n<\/div>","protected":false},"excerpt":{"rendered":"<p>R\u00fcckgabe- und Garantierichtlinien. R\u00fcckgabe. Du hast das Recht, die gelieferte Ware innerhalb einer Frist von 10 Arbeitstagen zur\u00fcckzusenden. Das R\u00fcckgaberecht beginnt mit Eingang der Ware beim Kunden. Die retournierten Artikel m\u00fcssen unbesch\u00e4digt, in neuwertigem Zustand und in einwandfreier Originalverpackung sein. Retouren sind ausnahmslos mit unserem Retourenantrag abzuwickeln. Nach dessen \u00dcbermittlung erh\u00e4ltst du von uns ein [&hellip;]<\/p>\n","protected":false},"author":12325,"featured_media":0,"parent":0,"menu_order":0,"comment_status":"closed","ping_status":"closed","template":"","meta":{"_acf_changed":false,"ep_exclude_from_search":false,"footnotes":""},"class_list":["post-96742","page","type-page","status-publish","hentry"],"acf":[],"_links":{"self":[{"href":"https:\/\/ruegg.ping-ag.ch\/fr\/wp-json\/wp\/v2\/pages\/96742","targetHints":{"allow":["GET"]}}],"collection":[{"href":"https:\/\/ruegg.ping-ag.ch\/fr\/wp-json\/wp\/v2\/pages"}],"about":[{"href":"https:\/\/ruegg.ping-ag.ch\/fr\/wp-json\/wp\/v2\/types\/page"}],"author":[{"embeddable":true,"href":"https:\/\/ruegg.ping-ag.ch\/fr\/wp-json\/wp\/v2\/users\/12325"}],"replies":[{"embeddable":true,"href":"https:\/\/ruegg.ping-ag.ch\/fr\/wp-json\/wp\/v2\/comments?post=96742"}],"version-history":[{"count":87,"href":"https:\/\/ruegg.ping-ag.ch\/fr\/wp-json\/wp\/v2\/pages\/96742\/revisions"}],"predecessor-version":[{"id":107884,"href":"https:\/\/ruegg.ping-ag.ch\/fr\/wp-json\/wp\/v2\/pages\/96742\/revisions\/107884"}],"wp:attachment":[{"href":"https:\/\/ruegg.ping-ag.ch\/fr\/wp-json\/wp\/v2\/media?parent=96742"}],"curies":[{"name":"wp","href":"https:\/\/api.w.org\/{rel}","templated":true}]}}