{"id":96717,"date":"2025-11-06T12:45:40","date_gmt":"2025-11-06T12:45:40","guid":{"rendered":"https:\/\/ruegg.ping-ag.ch\/?page_id=96717"},"modified":"2026-03-19T08:08:58","modified_gmt":"2026-03-19T08:08:58","slug":"livraison_b2c","status":"publish","type":"page","link":"https:\/\/ruegg.ping-ag.ch\/fr\/lieferung_b2c\/","title":{"rendered":"Lieferung_b2c"},"content":{"rendered":"<div class=\"wp-block-group headerbild\"><div class=\"wp-block-group__inner-container is-layout-constrained wp-block-group-is-layout-constrained\">\n<figure class=\"wp-block-image size-full\"><img loading=\"lazy\" decoding=\"async\" width=\"1640\" height=\"600\" src=\"https:\/\/ruegg.ping-ag.ch\/wp-content\/uploads\/2025\/11\/Lieferung_und_Abholung.jpg\" alt=\"\" class=\"wp-image-97308\"\/><\/figure>\n\n\n\n<p>Livraison.<br><\/p>\n<\/div><\/div>\n\n\n\n<h5 class=\"wp-block-heading\"><strong>\u00c9tendue de l'assortiment et de la livraison. <\/strong><\/h5>\n\n\n\n<p class=\"has-normal-font-size\">Notre offre s'adresse exclusivement \u00e0 une client\u00e8le dont le domicile ou le si\u00e8ge social se trouve en Suisse ou dans la Principaut\u00e9 de Liechtenstein. Tous les produits sont livr\u00e9s \u00e0 partir du centre logistique R\u00fcegg Suisse par l'entreprise de transport DHL Logistics Schweiz AG \u00e0 des adresses en Suisse et dans la Principaut\u00e9 de Liechtenstein.<\/p>\n\n\n\n<p class=\"has-normal-font-size\">Nous ne sommes pas responsables des retards de livraison caus\u00e9s par des soci\u00e9t\u00e9s de fabrication ou d'autres tiers.<\/p>\n\n\n\n<h5 class=\"wp-block-heading\"><strong>Frais d'exp\u00e9dition et suppl\u00e9ments.<\/strong><\/h5>\n\n\n\n<figure class=\"wp-block-table is-style-stripes\"><table style=\"border-style:none;border-width:0px\"><tbody><tr><td>Livraison gratuite<\/td><td>CHF 0.00<\/td><td>Commandes \u00e0 partir de CHF 50.00 (hors TVA)<\/td><\/tr><tr><td>Frais d'envoi <\/td><td>CHF 4.90<\/td><td>Commandes inf\u00e9rieures \u00e0 CHF 50.00 (hors TVA)<\/td><\/tr><tr><td>Suppl. commande tardive<\/td><td>CHF 2.00<\/td><td>Commandes 90 minutes avant l'heure limite avec exp\u00e9dition le jour m\u00eame<\/td><\/tr><\/tbody><\/table><\/figure>\n\n\n\n<p class=\"has-normal-font-size\">Toutes les commandes pass\u00e9es avant 17h30 les jours ouvrables sont exp\u00e9di\u00e9es le jour m\u00eame et arrivent g\u00e9n\u00e9ralement (\u224898 %) \u00e0 l'adresse de livraison le jour ouvrable suivant.<\/p>\n\n\n\n<h5 class=\"wp-block-heading\"><strong>Accord de livraison DHL.<\/strong><\/h5>\n\n\n\n<p class=\"has-normal-font-size\">Recevoir des colis m\u00eame si tu n'es pas sur place : il te suffit de d\u00e9finir un lieu souhait\u00e9 sur ton terrain. Si le livreur ne te trouve pas \u00e0 cet endroit, les envois seront d\u00e9pos\u00e9s \u00e0 un endroit s\u00fbr et sec que tu auras d\u00e9fini et, si n\u00e9cessaire, seront \u00e9galement r\u00e9cup\u00e9r\u00e9s \u00e0 cet endroit.<\/p>\n\n\n\n<p class=\"has-normal-font-size\">Pour cela, il te suffit de conclure un accord de livraison avec DHL.<br>T\u00e9l\u00e9charger : <a href=\"https:\/\/ruegg.ping-ag.ch\/wp-content\/uploads\/2025\/11\/DHL_Auslieferungs-Vereinbarung_D.docx\">Deutsch<\/a>, <a href=\"https:\/\/ruegg.ping-ag.ch\/wp-content\/uploads\/2025\/11\/DHL_Auslieferungs-Vereinbarung_F.docx\">Fran\u00e7ais<\/a>, <a href=\"https:\/\/ruegg.ping-ag.ch\/wp-content\/uploads\/2025\/11\/DHL_Auslieferungs-Vereinbarung_I.docx\">Italien<\/a>. Ou enregistre-toi sur <a href=\"https:\/\/ondemand.dhl.com\/prg\/on-demand-delivery.xhtml?ctrycode=CH\">DHL On Demand Delivery<\/a>.<\/p>\n\n\n\n<h5 class=\"wp-block-heading\"><strong>Obligation de contr\u00f4le.<\/strong><\/h5>\n\n\n\n<p class=\"has-normal-font-size\">Tu es tenu(e) de v\u00e9rifier l'exactitude, l'int\u00e9gralit\u00e9 et les \u00e9ventuels dommages de livraison des produits imm\u00e9diatement apr\u00e8s leur r\u00e9ception. Les \u00e9ventuelles anomalies doivent \u00eatre signal\u00e9es dans les 5 jours ouvrables suivant la r\u00e9ception.<\/p>\n\n\n\n<div class=\"wp-block-buttons is-content-justification-right is-layout-flex wp-container-core-buttons-is-layout-d445cf74 wp-block-buttons-is-layout-flex\">\n<div class=\"wp-block-button\"><a class=\"wp-block-button__link wp-element-button\" href=\"https:\/\/ruegg.ping-ag.ch\/fr\/conditions-generales\/\" target=\"_blank\" rel=\"noreferrer noopener\">CONDITIONS G\u00c9N\u00c9RALES DE VENTE<\/a><\/div>\n<\/div>\n\n\n\n<div style=\"height:75px\" aria-hidden=\"true\" class=\"wp-block-spacer\"><\/div>","protected":false},"excerpt":{"rendered":"<p>Lieferung. Sortiments- und Lieferumfang. Unser Angebot richtet sich ausschliesslich an eine Kundschaft mit Wohn- oder Firmensitz in der Schweiz oder im F\u00fcrstentum Liechtenstein. Alle Produkte werden ab dem R\u00fcegg-Logistikcenter Schweiz mit dem Transportunternehmen DHL Logistics Schweiz AG an Adressen in der Schweiz und in das F\u00fcrstentum Liechtenstein geliefert. Wir haften nicht f\u00fcr Lieferverz\u00f6gerungen, die von [&hellip;]<\/p>\n","protected":false},"author":12325,"featured_media":0,"parent":0,"menu_order":0,"comment_status":"closed","ping_status":"closed","template":"","meta":{"_acf_changed":false,"ep_exclude_from_search":false,"footnotes":""},"class_list":["post-96717","page","type-page","status-publish","hentry"],"acf":[],"_links":{"self":[{"href":"https:\/\/ruegg.ping-ag.ch\/fr\/wp-json\/wp\/v2\/pages\/96717","targetHints":{"allow":["GET"]}}],"collection":[{"href":"https:\/\/ruegg.ping-ag.ch\/fr\/wp-json\/wp\/v2\/pages"}],"about":[{"href":"https:\/\/ruegg.ping-ag.ch\/fr\/wp-json\/wp\/v2\/types\/page"}],"author":[{"embeddable":true,"href":"https:\/\/ruegg.ping-ag.ch\/fr\/wp-json\/wp\/v2\/users\/12325"}],"replies":[{"embeddable":true,"href":"https:\/\/ruegg.ping-ag.ch\/fr\/wp-json\/wp\/v2\/comments?post=96717"}],"version-history":[{"count":226,"href":"https:\/\/ruegg.ping-ag.ch\/fr\/wp-json\/wp\/v2\/pages\/96717\/revisions"}],"predecessor-version":[{"id":107850,"href":"https:\/\/ruegg.ping-ag.ch\/fr\/wp-json\/wp\/v2\/pages\/96717\/revisions\/107850"}],"wp:attachment":[{"href":"https:\/\/ruegg.ping-ag.ch\/fr\/wp-json\/wp\/v2\/media?parent=96717"}],"curies":[{"name":"wp","href":"https:\/\/api.w.org\/{rel}","templated":true}]}}