{"id":55468,"date":"2025-11-10T15:24:30","date_gmt":"2025-11-10T15:24:30","guid":{"rendered":"https:\/\/ruegg.ping-ag.ch\/?page_id=55468"},"modified":"2026-03-10T07:55:44","modified_gmt":"2026-03-10T07:55:44","slug":"mentions-legales","status":"publish","type":"page","link":"https:\/\/ruegg.ping-ag.ch\/fr\/impressum\/","title":{"rendered":"Mentions l\u00e9gales"},"content":{"rendered":"<div class=\"wp-block-group headerbild\"><div class=\"wp-block-group__inner-container is-layout-constrained wp-block-group-is-layout-constrained\">\n<figure class=\"wp-block-image size-full\"><img loading=\"lazy\" decoding=\"async\" width=\"1640\" height=\"600\" src=\"https:\/\/ruegg.ping-ag.ch\/wp-content\/uploads\/2025\/11\/retourengarantien.jpg\" alt=\"\" class=\"wp-image-96981\"\/><\/figure>\n\n\n\n<p>Mentions l\u00e9gales.<\/p>\n<\/div><\/div>\n\n\n\n<h5 class=\"wp-block-heading\"><strong>Instance responsable.<\/strong><\/h5>\n\n\n\n<p class=\"has-normal-font-size\">Arthur R\u00fcegg Accessoires pour v\u00e9hicules SA<br>21, rue Lerzen<br>CH-8953 Dietikon<\/p>\n\n\n\n<p class=\"has-normal-font-size\">T\u00e9l\u00e9phone : +41 43 322 43 43<br>Courrier \u00e9lectronique : info@rueggag.ch<\/p>\n\n\n\n<p class=\"has-normal-font-size\">Personne habilit\u00e9e \u00e0 repr\u00e9senter l'association : J\u00fcrg R\u00fcegg<\/p>\n\n\n\n<p class=\"has-normal-font-size\">Num\u00e9ro de TVA : CHE-107.822.446 TVA<\/p>\n\n\n\n<p class=\"has-normal-font-size\">Inscription au registre du commerce : CH-020.3.005.516-5, Office du registre du commerce du canton de Zurich<\/p>\n\n\n\n<h5 class=\"wp-block-heading\"><strong>Disclaimer \/ Clause de non-responsabilit\u00e9.<\/strong><\/h5>\n\n\n\n<p class=\"has-normal-font-size\">L'auteur n'assume aucune responsabilit\u00e9 quant \u00e0 l'exactitude, la pr\u00e9cision, l'actualit\u00e9, la fiabilit\u00e9 et l'exhaustivit\u00e9 du contenu des informations. L'auteur ne saurait \u00eatre tenu pour responsable des dommages mat\u00e9riels ou immat\u00e9riels qui pourraient \u00eatre caus\u00e9s par l'acc\u00e8s aux informations diffus\u00e9es ou par leur utilisation ou non-utilisation, par le mauvais usage de la connexion ou par des probl\u00e8mes techniques.<\/p>\n\n\n\n<p class=\"has-normal-font-size\">Toutes les offres sont sans engagement. L'auteur se r\u00e9serve express\u00e9ment le droit de modifier, de compl\u00e9ter ou de supprimer des parties de pages ou l'ensemble de l'offre sans avis pr\u00e9alable, ou d'en suspendre temporairement ou d\u00e9finitivement la publication.<\/p>\n\n\n\n<h5 class=\"wp-block-heading\"><strong>Exclusion de responsabilit\u00e9 pour les contenus et les liens.<\/strong><\/h5>\n\n\n\n<p class=\"has-normal-font-size\">Les renvois et liens vers des sites web de tiers ne rel\u00e8vent pas de notre responsabilit\u00e9. Nous d\u00e9clinons toute responsabilit\u00e9 pour de tels sites. L'acc\u00e8s \u00e0 de tels sites et leur utilisation se font aux risques et p\u00e9rils de l'utilisateur ou de l'utilisatrice.<\/p>\n\n\n\n<h5 class=\"wp-block-heading\"><strong>D\u00e9claration de droits d'auteur.<\/strong><\/h5>\n\n\n\n<p class=\"has-normal-font-size\">Les droits d'auteur et tous les autres droits li\u00e9s aux contenus, images, photos ou autres fichiers pr\u00e9sents sur le site web appartiennent exclusivement \u00e0 Arthur R\u00fcegg Fahrzeug-Zubeh\u00f6r AG ou aux titulaires de droits sp\u00e9cialement cit\u00e9s. Pour la reproduction de tout \u00e9l\u00e9ment, l'accord \u00e9crit des d\u00e9tenteurs des droits d'auteur doit \u00eatre obtenu au pr\u00e9alable.<\/p>\n\n\n\n<div style=\"height:75px\" aria-hidden=\"true\" class=\"wp-block-spacer\"><\/div>","protected":false},"excerpt":{"rendered":"<p>Impressum. Verantwortliche Instanz. Arthur R\u00fcegg Fahrzeug-Zubeh\u00f6r AGLerzenstrasse 21CH-8953 Dietikon Telefon: +41 43 322 43 43Email: info@rueggag.ch Vertretungsberechtigte Person: J\u00fcrg R\u00fcegg MWST-Nummer: CHE-107.822.446 MWST Handelsregistereintrag: CH-020.3.005.516-5, Handelsregisteramt des Kanton Z\u00fcrich Disclaimer \/ Haftungsausschluss. Der Autor \u00fcbernimmt keinerlei Gew\u00e4hr hinsichtlich der inhaltlichen Richtigkeit, Genauigkeit, Aktualit\u00e4t, Zuverl\u00e4ssigkeit und Vollst\u00e4ndigkeit der Informationen. Haftungsanspr\u00fcche gegen den Autor wegen Sch\u00e4den materieller [&hellip;]<\/p>\n","protected":false},"author":12325,"featured_media":0,"parent":0,"menu_order":0,"comment_status":"closed","ping_status":"closed","template":"","meta":{"_acf_changed":false,"ep_exclude_from_search":false,"footnotes":""},"class_list":["post-55468","page","type-page","status-publish","hentry"],"acf":[],"_links":{"self":[{"href":"https:\/\/ruegg.ping-ag.ch\/fr\/wp-json\/wp\/v2\/pages\/55468","targetHints":{"allow":["GET"]}}],"collection":[{"href":"https:\/\/ruegg.ping-ag.ch\/fr\/wp-json\/wp\/v2\/pages"}],"about":[{"href":"https:\/\/ruegg.ping-ag.ch\/fr\/wp-json\/wp\/v2\/types\/page"}],"author":[{"embeddable":true,"href":"https:\/\/ruegg.ping-ag.ch\/fr\/wp-json\/wp\/v2\/users\/12325"}],"replies":[{"embeddable":true,"href":"https:\/\/ruegg.ping-ag.ch\/fr\/wp-json\/wp\/v2\/comments?post=55468"}],"version-history":[{"count":62,"href":"https:\/\/ruegg.ping-ag.ch\/fr\/wp-json\/wp\/v2\/pages\/55468\/revisions"}],"predecessor-version":[{"id":107655,"href":"https:\/\/ruegg.ping-ag.ch\/fr\/wp-json\/wp\/v2\/pages\/55468\/revisions\/107655"}],"wp:attachment":[{"href":"https:\/\/ruegg.ping-ag.ch\/fr\/wp-json\/wp\/v2\/media?parent=55468"}],"curies":[{"name":"wp","href":"https:\/\/api.w.org\/{rel}","templated":true}]}}