{"id":48142,"date":"2024-12-06T12:21:20","date_gmt":"2024-12-06T12:21:20","guid":{"rendered":"https:\/\/ruegg.ping-ag.ch\/?page_id=48142"},"modified":"2026-03-10T08:34:57","modified_gmt":"2026-03-10T08:34:57","slug":"devenir-revendeur","status":"publish","type":"page","link":"https:\/\/ruegg.ping-ag.ch\/fr\/haendler-werden\/","title":{"rendered":"Devenir revendeur"},"content":{"rendered":"<div class=\"wp-block-group headerbild\"><div class=\"wp-block-group__inner-container is-layout-constrained wp-block-group-is-layout-constrained\">\n<figure class=\"wp-block-image size-full\"><img loading=\"lazy\" decoding=\"async\" width=\"1640\" height=\"600\" src=\"https:\/\/ruegg.ping-ag.ch\/wp-content\/uploads\/2025\/11\/AdobeStock_1174907991.jpeg\" alt=\"\" class=\"wp-image-96635\"\/><\/figure>\n\n\n\n<p>Travaillons ensemble.<br>C'est parti !<\/p>\n<\/div><\/div>\n\n\n\n<h2 class=\"wp-block-heading\"><strong>Tu veux devenir un de nos partenaires autoris\u00e9s ?<\/strong><\/h2>\n\n\n\n<p class=\"has-medium-font-size\">Tu g\u00e8res un magasin de deux-roues et tu cherches un partenaire fiable pour les pneus ? Alors, tu es \u00e0 la bonne adresse. Nous proposons l'assortiment le plus vaste et le plus rapidement disponible de pneus et chambres \u00e0 air pour deux-roues, avec des d\u00e9lais de livraison imbattables.<\/p>\n\n\n\n<p class=\"has-medium-font-size\">Le chemin vers ton nouveau partenaire de pneus est tr\u00e8s simple - quelques \u00e9tapes seulement te s\u00e9parent de notre service complet.<\/p>\n\n\n\n<div class=\"wpcf7 no-js\" id=\"wpcf7-f96555-o1\" lang=\"en-US\" dir=\"ltr\" data-wpcf7-id=\"96555\">\n<div class=\"screen-reader-response\"><p role=\"status\" aria-live=\"polite\" aria-atomic=\"true\"><\/p> <ul><\/ul><\/div>\n<form action=\"\/fr\/wp-json\/wp\/v2\/pages\/48142#wpcf7-f96555-o1\" method=\"post\" class=\"wpcf7-form init\" aria-label=\"Contact form\" enctype=\"multipart\/form-data\" novalidate=\"novalidate\" data-status=\"init\" data-trp-original-action=\"\/fr\/wp-json\/wp\/v2\/pages\/48142#wpcf7-f96555-o1\">\n<fieldset class=\"hidden-fields-container\"><input type=\"hidden\" name=\"_wpcf7\" value=\"96555\" \/><input type=\"hidden\" name=\"_wpcf7_version\" value=\"6.1.5\" \/><input type=\"hidden\" name=\"_wpcf7_locale\" value=\"en_US\" \/><input type=\"hidden\" name=\"_wpcf7_unit_tag\" value=\"wpcf7-f96555-o1\" \/><input type=\"hidden\" name=\"_wpcf7_container_post\" value=\"0\" \/><input type=\"hidden\" name=\"_wpcf7_posted_data_hash\" value=\"\" \/>\n<\/fieldset>\n<div class=\"wpcf7-turnstile cf-turnstile\" data-sitekey=\"0x4AAAAAACd3GJ2Nu8mGtFgD\" data-response-field-name=\"_wpcf7_turnstile_response\"><\/div>\n\n<h2>Formulaire de demande\n<\/h2>\n<p class=\"infotxt\">Veuillez t\u00e9l\u00e9charger votre extrait actuel du registre du commerce ou confirmer que vous n'en avez pas. Remplis compl\u00e8tement tous les champs obligatoires marqu\u00e9s d'un ast\u00e9risque (*) afin que nous puissions traiter ta demande rapidement et de mani\u00e8re fiable.\n<\/p>\n<div class=\"col2\">\n\t<div>\n\t\t<p><label>Pr\u00e9nom*<\/label><br \/>\n<span class=\"wpcf7-form-control-wrap\" data-name=\"vorname\"><input size=\"40\" maxlength=\"400\" class=\"wpcf7-form-control wpcf7-text wpcf7-validates-as-required\" aria-required=\"true\" aria-invalid=\"false\" value=\"\" type=\"text\" name=\"vorname\" \/><\/span>\n\t\t<\/p>\n\t<\/div>\n\t<div>\n\t\t<p><label>Nom*<\/label><br \/>\n<span class=\"wpcf7-form-control-wrap\" data-name=\"nachname\"><input size=\"40\" maxlength=\"400\" class=\"wpcf7-form-control wpcf7-text wpcf7-validates-as-required\" aria-required=\"true\" aria-invalid=\"false\" value=\"\" type=\"text\" name=\"nachname\" \/><\/span>\n\t\t<\/p>\n\t<\/div>\n<\/div>\n<div class=\"col2\">\n\t<div>\n\t\t<p><label>Entreprise*<\/label><br \/>\n<span class=\"wpcf7-form-control-wrap\" data-name=\"unternehmen\"><input size=\"40\" maxlength=\"400\" class=\"wpcf7-form-control wpcf7-text wpcf7-validates-as-required\" aria-required=\"true\" aria-invalid=\"false\" value=\"\" type=\"text\" name=\"unternehmen\" \/><\/span>\n\t\t<\/p>\n\t<\/div>\n\t<div>\n\t\t<p><label>Compl\u00e9mentaire<\/label><br \/>\n<span class=\"wpcf7-form-control-wrap\" data-name=\"zusatz\"><input size=\"40\" maxlength=\"400\" class=\"wpcf7-form-control wpcf7-text\" aria-invalid=\"false\" value=\"\" type=\"text\" name=\"zusatz\" \/><\/span>\n\t\t<\/p>\n\t<\/div>\n<\/div>\n<div class=\"col2\">\n\t<div>\n\t\t<p><label>Rue*<\/label><br \/>\n<span class=\"wpcf7-form-control-wrap\" data-name=\"strasse\"><input size=\"40\" maxlength=\"400\" class=\"wpcf7-form-control wpcf7-text wpcf7-validates-as-required\" id=\"billing_address_1\" aria-required=\"true\" aria-invalid=\"false\" value=\"\" type=\"text\" name=\"strasse\" \/><\/span>\n\t\t<\/p>\n\t<\/div>\n\t<div>\n\t\t<p><label>Num\u00e9ro*<\/label><br \/>\n<span class=\"wpcf7-form-control-wrap\" data-name=\"nummer\"><input size=\"40\" maxlength=\"400\" class=\"wpcf7-form-control wpcf7-text wpcf7-validates-as-required\" id=\"billing_address_2\" aria-required=\"true\" aria-invalid=\"false\" value=\"\" type=\"text\" name=\"nummer\" \/><\/span>\n\t\t<\/p>\n\t<\/div>\n<\/div>\n<div class=\"col2\">\n\t<div>\n\t\t<p><label>Code postal*<\/label><br \/>\n<span class=\"wpcf7-form-control-wrap\" data-name=\"postleitzahl\"><input size=\"40\" maxlength=\"400\" class=\"wpcf7-form-control wpcf7-text wpcf7-validates-as-required\" id=\"billing_postcode\" aria-required=\"true\" aria-invalid=\"false\" value=\"\" type=\"text\" name=\"postleitzahl\" \/><\/span>\n\t\t<\/p>\n\t<\/div>\n\t<div>\n\t\t<p><label>Lieu*<\/label><br \/>\n<span class=\"wpcf7-form-control-wrap\" data-name=\"ort\"><input size=\"40\" maxlength=\"400\" class=\"wpcf7-form-control wpcf7-text wpcf7-validates-as-required\" id=\"billing_city\" aria-required=\"true\" aria-invalid=\"false\" value=\"\" type=\"text\" name=\"ort\" \/><\/span>\n\t\t<\/p>\n\t<\/div>\n<\/div>\n<div class=\"col2\">\n\t<div>\n\t\t<p><label>E-mail*<\/label><br \/>\n<span class=\"wpcf7-form-control-wrap\" data-name=\"your-email\"><input size=\"40\" maxlength=\"400\" class=\"wpcf7-form-control wpcf7-email wpcf7-validates-as-required wpcf7-text wpcf7-validates-as-email\" aria-required=\"true\" aria-invalid=\"false\" value=\"\" type=\"email\" name=\"your-email\" \/><\/span>\n\t\t<\/p>\n\t<\/div>\n\t<div>\n\t\t<p><label>Site web<\/label><br \/>\n<span class=\"wpcf7-form-control-wrap\" data-name=\"webseite\"><input size=\"40\" maxlength=\"400\" class=\"wpcf7-form-control wpcf7-text\" aria-invalid=\"false\" value=\"\" type=\"text\" name=\"webseite\" \/><\/span>\n\t\t<\/p>\n\t<\/div>\n<\/div>\n<div class=\"col2\">\n\t<div>\n\t\t<p><label>T\u00e9l\u00e9phone*<\/label><br \/>\n<span class=\"wpcf7-form-control-wrap\" data-name=\"telefon\"><input size=\"40\" maxlength=\"400\" class=\"wpcf7-form-control wpcf7-tel wpcf7-validates-as-required wpcf7-text wpcf7-validates-as-tel\" aria-required=\"true\" aria-invalid=\"false\" value=\"\" type=\"tel\" name=\"telefon\" \/><\/span>\n\t\t<\/p>\n\t<\/div>\n\t<div class=\"upload-section\">\n\t\t<p><label>Extrait du registre du commerce*.<\/label><br \/>\n<label for=\"handelsregisterauszug\" class=\"custom-file-label\">T\u00e9l\u00e9charger un extrait du registre du commerce<\/label><br \/>\n<span class=\"wpcf7-form-control-wrap\" data-name=\"handelsregisterauszug\"><input size=\"40\" class=\"wpcf7-form-control wpcf7-file wpcf7-validates-as-required custom-file-input\" id=\"handelsregisterauszug\" accept=\".pdf,.jpg,.jpeg,.png\" aria-required=\"true\" aria-invalid=\"false\" type=\"file\" name=\"handelsregisterauszug\" \/><\/span>\n\t\t<\/p>\n\t\t<p><span class=\"file-name\"><\/span>\n\t\t<\/p>\n\t\t<div class=\"checkbox-field\">\n\t\t\t<p><span class=\"wpcf7-form-control-wrap\" data-name=\"kein_handelsregisterauszug\"><span class=\"wpcf7-form-control wpcf7-checkbox\"><span class=\"wpcf7-list-item first last\"><label><input type=\"checkbox\" name=\"kein_handelsregisterauszug[]\" value=\"nicht vorhanden\" \/><span class=\"wpcf7-list-item-label\">non disponible<\/span><\/label><\/span><\/span><\/span>\n\t\t\t<\/p>\n\t\t<\/div>\n\t<\/div>\n<\/div>\n<p><label>Communiqu\u00e9<\/label><br \/>\n<span class=\"wpcf7-form-control-wrap\" data-name=\"mitteilung\"><textarea cols=\"40\" rows=\"10\" maxlength=\"2000\" class=\"wpcf7-form-control wpcf7-textarea\" aria-invalid=\"false\" name=\"mitteilung\"><\/textarea><\/span>\n<\/p>\n<p><input class=\"wpcf7-form-control wpcf7-submit has-spinner\" type=\"submit\" value=\"Envoyer une demande\" \/>\n<\/p><div class=\"wpcf7-response-output\" aria-hidden=\"true\"><\/div>\n<input type=\"hidden\" name=\"trp-form-language\" value=\"fr\"\/><\/form>\n<\/div>","protected":false},"excerpt":{"rendered":"<p>Lass uns gemeinsamdurchstarten! M\u00f6chtest du ein autorisierter Partner von uns werden? Du f\u00fchrst ein Zweiradgesch\u00e4ft und suchst einen zuverl\u00e4ssigen Partner f\u00fcr Reifen? Dann bist du bei uns genau richtig. Wir bieten das umfangreichste und am schnellsten verf\u00fcgbare Sortiment an Zweiradreifen und -schl\u00e4uchen zu unschlagbaren Lieferzeiten. Der Weg zu deinem neuen Reifenpartner ist ganz einfach \u2013 [&hellip;]<\/p>\n","protected":false},"author":12325,"featured_media":0,"parent":0,"menu_order":0,"comment_status":"closed","ping_status":"closed","template":"","meta":{"_acf_changed":false,"ep_exclude_from_search":false,"footnotes":""},"class_list":["post-48142","page","type-page","status-publish","hentry"],"acf":[],"_links":{"self":[{"href":"https:\/\/ruegg.ping-ag.ch\/fr\/wp-json\/wp\/v2\/pages\/48142","targetHints":{"allow":["GET"]}}],"collection":[{"href":"https:\/\/ruegg.ping-ag.ch\/fr\/wp-json\/wp\/v2\/pages"}],"about":[{"href":"https:\/\/ruegg.ping-ag.ch\/fr\/wp-json\/wp\/v2\/types\/page"}],"author":[{"embeddable":true,"href":"https:\/\/ruegg.ping-ag.ch\/fr\/wp-json\/wp\/v2\/users\/12325"}],"replies":[{"embeddable":true,"href":"https:\/\/ruegg.ping-ag.ch\/fr\/wp-json\/wp\/v2\/comments?post=48142"}],"version-history":[{"count":12,"href":"https:\/\/ruegg.ping-ag.ch\/fr\/wp-json\/wp\/v2\/pages\/48142\/revisions"}],"predecessor-version":[{"id":107698,"href":"https:\/\/ruegg.ping-ag.ch\/fr\/wp-json\/wp\/v2\/pages\/48142\/revisions\/107698"}],"wp:attachment":[{"href":"https:\/\/ruegg.ping-ag.ch\/fr\/wp-json\/wp\/v2\/media?parent=48142"}],"curies":[{"name":"wp","href":"https:\/\/api.w.org\/{rel}","templated":true}]}}