{"id":48137,"date":"2024-12-06T12:20:58","date_gmt":"2024-12-06T12:20:58","guid":{"rendered":"https:\/\/ruegg.ping-ag.ch\/?page_id=48137"},"modified":"2026-03-10T08:37:59","modified_gmt":"2026-03-10T08:37:59","slug":"monde-du-pneu-deux-roues","status":"publish","type":"page","link":"https:\/\/ruegg.ping-ag.ch\/fr\/zweiradreifenwelt\/","title":{"rendered":"Monde des pneus deux roues"},"content":{"rendered":"<div class=\"wp-block-group headerbild\"><div class=\"wp-block-group__inner-container is-layout-constrained wp-block-group-is-layout-constrained\">\n<figure class=\"wp-block-image size-full\"><img loading=\"lazy\" decoding=\"async\" width=\"1640\" height=\"600\" src=\"https:\/\/ruegg.ping-ag.ch\/wp-content\/uploads\/2025\/12\/Shift-Continental-20210104-233-c-Olly-Bowman-1.jpg\" alt=\"\" class=\"wp-image-103723\"\/><\/figure>\n\n\n\n<p>Le monde du pneu deux roues.<\/p>\n<\/div><\/div>\n\n\n\n<h2 class=\"wp-block-heading\"><strong>Tout ce que tu dois savoir sur les pneus pour deux roues.<\/strong><\/h2>\n\n\n\n<p class=\"has-medium-font-size\">Tu as des questions sur les pneus de ton v\u00e9lo ou de ta moto ? Ou tu souhaites approfondir tes connaissances en mati\u00e8re de pneus pour deux-roues ? Alors tu es \u00e0 la bonne adresse !<\/p>\n\n\n\n<p class=\"has-medium-font-size\">Des articles passionnants et des informations actuelles sur le monde des pneus deux-roues t'attendent r\u00e9guli\u00e8rement sur notre portail de connaissances.<\/p>\n\n\n<div class=\"blog-teaser-wrapper\"><div class=\"blog-teaser-filter\"><a class=\"filter-link active\" href=\"https:\/\/ruegg.ping-ag.ch\/fr\/zweiradreifenwelt\/\">Tous les<\/a><a class=\"filter-link\" href=\"https:\/\/ruegg.ping-ag.ch\/fr\/zweiradreifenwelt\/?blog_cat=reifenwissen_fahrrad&#038;blog_page=1\">Connaissance des pneus v\u00e9lo<\/a><a class=\"filter-link\" href=\"https:\/\/ruegg.ping-ag.ch\/fr\/zweiradreifenwelt\/?blog_cat=reifenwissen_motorrad&#038;blog_page=1\">Connaissance des pneus moto<\/a><a class=\"filter-link\" href=\"https:\/\/ruegg.ping-ag.ch\/fr\/zweiradreifenwelt\/?blog_cat=rueggag&#038;blog_page=1\">R\u00fcegg AG<\/a><a class=\"filter-link\" href=\"https:\/\/ruegg.ping-ag.ch\/fr\/zweiradreifenwelt\/?blog_cat=tippstricks&#038;blog_page=1\">Conseils et astuces<\/a><\/div><div class=\"blog-teaser-items\"><article class=\"blog-teaser-item\"><div class=\"blog-teaser-image\"><a href=\"https:\/\/ruegg.ping-ag.ch\/fr\/blog-posts\/willkommen_in_unserem_neuen_shop\/\"><img loading=\"lazy\" decoding=\"async\" width=\"300\" height=\"200\" src=\"https:\/\/ruegg.ping-ag.ch\/wp-content\/uploads\/2025\/11\/header_biker.jpeg\" class=\"attachment-medium size-medium wp-post-image\" alt=\"Pneus Aventure Passion\" \/><\/a><\/div><div class=\"blog-teaser-content\"><h3 class=\"blog-teaser-title\"><a href=\"https:\/\/ruegg.ping-ag.ch\/fr\/blog-posts\/willkommen_in_unserem_neuen_shop\/\">Bienvenue dans notre nouvelle boutique !<\/a><\/h3><p class=\"blog-teaser-text\">Avec ce lancement r\u00e9ussi, une nouvelle \u00e9tape a \u00e9t\u00e9 franchie pour notre solution de boutique num\u00e9rique.<\/p><a class=\"blog-teaser-link\" href=\"https:\/\/ruegg.ping-ag.ch\/fr\/blog-posts\/willkommen_in_unserem_neuen_shop\/\">Lire la suite<\/a><\/div><\/article><article class=\"blog-teaser-item\"><div class=\"blog-teaser-image\"><a href=\"https:\/\/ruegg.ping-ag.ch\/fr\/blog-posts\/die-bedeutung-der-etrto-norm-fuer-motorradreifen\/\"><img loading=\"lazy\" decoding=\"async\" width=\"300\" height=\"200\" src=\"https:\/\/ruegg.ping-ag.ch\/wp-content\/uploads\/2025\/12\/Continental__Images__Product-Action__007-Custom_Touring__ContiTour__ContiTour_MJones_FrontTireStatic-FINAL.jpg\" class=\"attachment-medium size-medium wp-post-image\" alt=\"\" \/><\/a><\/div><div class=\"blog-teaser-content\"><h3 class=\"blog-teaser-title\"><a href=\"https:\/\/ruegg.ping-ag.ch\/fr\/blog-posts\/die-bedeutung-der-etrto-norm-fuer-motorradreifen\/\">L'importance de la norme ETRTO pour les pneus moto.<\/a><\/h3><p class=\"blog-teaser-text\">Le choix de pneus adapt\u00e9s \u00e0 ta moto est d\u00e9cisif pour la s\u00e9curit\u00e9, la tenue de route et le plaisir de conduire. Un outil souvent sous-estim\u00e9 \u00e0 cet \u00e9gard est le tableau ETRTO. ...<\/p><a class=\"blog-teaser-link\" href=\"https:\/\/ruegg.ping-ag.ch\/fr\/blog-posts\/die-bedeutung-der-etrto-norm-fuer-motorradreifen\/\">Lire la suite<\/a><\/div><\/article><article class=\"blog-teaser-item\"><div class=\"blog-teaser-image\"><a href=\"https:\/\/ruegg.ping-ag.ch\/fr\/blog-posts\/korrekter-reifendruck-mehr-fahrspass\/\"><img loading=\"lazy\" decoding=\"async\" width=\"300\" height=\"200\" src=\"https:\/\/ruegg.ping-ag.ch\/wp-content\/uploads\/2025\/12\/Continental__ContiSportAttack-5__Image__03.jpg\" class=\"attachment-medium size-medium wp-post-image\" alt=\"\" \/><\/a><\/div><div class=\"blog-teaser-content\"><h3 class=\"blog-teaser-title\"><a href=\"https:\/\/ruegg.ping-ag.ch\/fr\/blog-posts\/korrekter-reifendruck-mehr-fahrspass\/\">Une pression correcte des pneus - plus de plaisir de conduite.<\/a><\/h3><p class=\"blog-teaser-text\">Une pression correcte des pneus augmente le plaisir de conduire, la s\u00e9curit\u00e9 routi\u00e8re et m\u00e9nage les pneus. Tu connais cette situation ? Apr\u00e8s une longue p\u00e9riode d'immobilisation, ton ch\u00e9ri se sent soudain diff\u00e9rent : ...<\/p><a class=\"blog-teaser-link\" href=\"https:\/\/ruegg.ping-ag.ch\/fr\/blog-posts\/korrekter-reifendruck-mehr-fahrspass\/\">Lire la suite<\/a><\/div><\/article><article class=\"blog-teaser-item\"><div class=\"blog-teaser-image\"><a href=\"https:\/\/ruegg.ping-ag.ch\/fr\/blog-posts\/die-bedeutung-der-etrto-norm-fuer-fahrradreifen\/\"><img loading=\"lazy\" decoding=\"async\" width=\"300\" height=\"200\" src=\"https:\/\/ruegg.ping-ag.ch\/wp-content\/uploads\/2025\/12\/etrto2.jpg\" class=\"attachment-medium size-medium wp-post-image\" alt=\"\" \/><\/a><\/div><div class=\"blog-teaser-content\"><h3 class=\"blog-teaser-title\"><a href=\"https:\/\/ruegg.ping-ag.ch\/fr\/blog-posts\/die-bedeutung-der-etrto-norm-fuer-fahrradreifen\/\">L'importance de la norme ETRTO pour les pneus de v\u00e9lo.<\/a><\/h3><p class=\"blog-teaser-text\">Il existe de nombreuses tailles de v\u00e9los diff\u00e9rentes. Les chambres \u00e0 air et les pneus ont donc aussi leurs propres dimensions. Comment trouver la bonne taille pour ton v\u00e9lo avec ...<\/p><a class=\"blog-teaser-link\" href=\"https:\/\/ruegg.ping-ag.ch\/fr\/blog-posts\/die-bedeutung-der-etrto-norm-fuer-fahrradreifen\/\">Lire la suite<\/a><\/div><\/article><article class=\"blog-teaser-item\"><div class=\"blog-teaser-image\"><a href=\"https:\/\/ruegg.ping-ag.ch\/fr\/blog-posts\/fahrradreifen_wechseln\/\"><img loading=\"lazy\" decoding=\"async\" width=\"300\" height=\"200\" src=\"https:\/\/ruegg.ping-ag.ch\/wp-content\/uploads\/2025\/12\/reifen_wechseln-3.jpg\" class=\"attachment-medium size-medium wp-post-image\" alt=\"\" \/><\/a><\/div><div class=\"blog-teaser-content\"><h3 class=\"blog-teaser-title\"><a href=\"https:\/\/ruegg.ping-ag.ch\/fr\/blog-posts\/fahrradreifen_wechseln\/\">Changer les pneus de son v\u00e9lo - des conseils de pro pour la maison.<\/a><\/h3><p class=\"blog-teaser-text\">Un pneu crev\u00e9 arrive souvent au moment o\u00f9 l'on en a le moins besoin. En suivant les \u00e9tapes suivantes, tu peux t'assurer de remettre ton v\u00e9lo en \u00e9tat rapidement et proprement.<\/p><a class=\"blog-teaser-link\" href=\"https:\/\/ruegg.ping-ag.ch\/fr\/blog-posts\/fahrradreifen_wechseln\/\">Lire la suite<\/a><\/div><\/article><\/div><\/div>\n\n\n\n<p><\/p>","protected":false},"excerpt":{"rendered":"<p>Zweiradreifenwelt. Alles was du \u00fcber Zweiradreifen wissen solltest. Du hast Fragen zu den Reifen deines Fahrrads oder Motorrads? Oder m\u00f6chtest du dein Wissen rund um Zweiradreifen vertiefen? Dann bist du bei uns genau richtig! In unserem Wissensportal erwarten dich regelm\u00e4ssig spannende Beitr\u00e4ge und aktuelle Informationen aus der Welt der Zweiradreifen.<\/p>","protected":false},"author":12325,"featured_media":0,"parent":0,"menu_order":0,"comment_status":"closed","ping_status":"closed","template":"","meta":{"_acf_changed":false,"ep_exclude_from_search":false,"footnotes":""},"class_list":["post-48137","page","type-page","status-publish","hentry"],"acf":[],"_links":{"self":[{"href":"https:\/\/ruegg.ping-ag.ch\/fr\/wp-json\/wp\/v2\/pages\/48137","targetHints":{"allow":["GET"]}}],"collection":[{"href":"https:\/\/ruegg.ping-ag.ch\/fr\/wp-json\/wp\/v2\/pages"}],"about":[{"href":"https:\/\/ruegg.ping-ag.ch\/fr\/wp-json\/wp\/v2\/types\/page"}],"author":[{"embeddable":true,"href":"https:\/\/ruegg.ping-ag.ch\/fr\/wp-json\/wp\/v2\/users\/12325"}],"replies":[{"embeddable":true,"href":"https:\/\/ruegg.ping-ag.ch\/fr\/wp-json\/wp\/v2\/comments?post=48137"}],"version-history":[{"count":27,"href":"https:\/\/ruegg.ping-ag.ch\/fr\/wp-json\/wp\/v2\/pages\/48137\/revisions"}],"predecessor-version":[{"id":107700,"href":"https:\/\/ruegg.ping-ag.ch\/fr\/wp-json\/wp\/v2\/pages\/48137\/revisions\/107700"}],"wp:attachment":[{"href":"https:\/\/ruegg.ping-ag.ch\/fr\/wp-json\/wp\/v2\/media?parent=48137"}],"curies":[{"name":"wp","href":"https:\/\/api.w.org\/{rel}","templated":true}]}}