{"id":48130,"date":"2025-10-20T12:18:23","date_gmt":"2025-10-20T12:18:23","guid":{"rendered":"https:\/\/ruegg.ping-ag.ch\/?page_id=48130"},"modified":"2026-03-10T08:32:47","modified_gmt":"2026-03-10T08:32:47","slug":"vision_mission","status":"publish","type":"page","link":"https:\/\/ruegg.ping-ag.ch\/fr\/vision_mission\/","title":{"rendered":"Ta vision - notre mission"},"content":{"rendered":"<div class=\"wp-block-group headerbild\"><div class=\"wp-block-group__inner-container is-layout-constrained wp-block-group-is-layout-constrained\">\n<figure class=\"wp-block-image size-full\"><img loading=\"lazy\" decoding=\"async\" width=\"1640\" height=\"600\" src=\"https:\/\/ruegg.ping-ag.ch\/wp-content\/uploads\/2025\/11\/vision_mission-1.jpg\" alt=\"\" class=\"wp-image-96598\"\/><figcaption class=\"wp-element-caption\">Schwalbe eMTB par Daniel Geiger<\/figcaption><\/figure>\n\n\n\n<p>Ta vision <strong>-<\/strong><br>notre mission.<\/p>\n<\/div><\/div>\n\n\n\n<h2 class=\"wp-block-heading\"><strong>Des pneus deux roues pour toutes les aventures.<\/strong><\/h2>\n\n\n\n<p class=\"has-medium-font-size\">Nous nous engageons avec une v\u00e9ritable passion pour que l'aventure sur deux roues soit \u00e0 la port\u00e9e de tous. En tant que partenaire fiable, nous livrons des pneus deux-roues de haute qualit\u00e9 rapidement et dans les d\u00e9lais impartis. Nous accompagnons nos partenaires commerciaux ainsi que les motocyclistes et les passionn\u00e9s de deux-roues avec une comp\u00e9tence professionnelle, un engagement et un v\u00e9ritable partenariat.<br><\/p>\n\n\n\n<h2 class=\"wp-block-heading\"><strong>Vision et mission.<\/strong><\/h2>\n\n\n\n<p class=\"has-medium-font-size\">Nous nous effor\u00e7ons d'\u00eatre le num\u00e9ro un des pneus pour deux-roues en Suisse et dans la Principaut\u00e9 du Lichtenstein, afin que les gens puissent vivre et profiter de leurs aventures sur deux roues au moment o\u00f9 ils le souhaitent.<br><\/p>\n\n\n\n<h2 class=\"wp-block-heading\"><strong>Tout tourne rond avec nous. Depuis plus de 61 ans.<\/strong><\/h2>\n\n\n\n<p class=\"has-medium-font-size\">Depuis des d\u00e9cennies, les pneus de v\u00e9lo et de moto constituent le fondement de la soci\u00e9t\u00e9 Arthur R\u00fcegg Fahrzeug-Zubeh\u00f6r AG.<\/p>\n\n\n<div class=\"timeline-wrapper\"><div class=\"d-xs-flex flex-direction-column-reverse\"><div class=\"timeline-slider\"><div class=\"timeline-slide\" data-year=\"1964\"><h2>Mais comment tout a-t-il commenc\u00e9 ?<\/h2><div class=\"timeline-content\"><!--StartFragment -->L'entreprise a \u00e9t\u00e9 fond\u00e9e le 1er novembre 1964 par Arthur R\u00fcegg. D\u00e8s le d\u00e9but, ce fondateur plein d'initiative s'est consacr\u00e9 au secteur des deux-roues et a fourni des pi\u00e8ces d\u00e9tach\u00e9es pour v\u00e9los et cyclomoteurs aux commerces sp\u00e9cialis\u00e9s de Suisse al\u00e9manique.<!--EndFragment --><\/div><\/div><div class=\"timeline-slide\" data-year=\"1975\"><h2>La passion de la r\u00e9ussite.<\/h2><div class=\"timeline-content\"><p>Lorsque la pratique de la moto a connu un regain de popularit\u00e9 dans les ann\u00e9es 1975\/76, Arthur R\u00fcegg a saisi l'occasion. Avec beaucoup d'engagement, il s'est \u00e9tabli dans les ann\u00e9es qui ont suivi comme un interlocuteur comp\u00e9tent pour les pneus de moto.<\/p>\n<\/div><\/div><div class=\"timeline-slide\" data-year=\"1990\"><h2>Entreprise familiale de deuxi\u00e8me g\u00e9n\u00e9ration.<\/h2><div class=\"timeline-content\"><p>La soci\u00e9t\u00e9 Arthur R\u00fcegg Fahrzeug-Zubeh\u00f6r est dirig\u00e9e avec succ\u00e8s par J\u00fcrg R\u00fcegg depuis 1990, dans la deuxi\u00e8me g\u00e9n\u00e9ration. L'entreprise est l'interlocuteur pour les pneus deux roues et fournit ses partenaires commerciaux en tant que grossiste dans toute la Suisse.<\/p>\n<\/div><\/div><div class=\"timeline-slide\" data-year=\"1991\"><h2>Nouvelles voies et structures.<\/h2><div class=\"timeline-content\"><p>En 1991, les activit\u00e9s ont \u00e9t\u00e9 \u00e9tendues aux pneus de bicyclette et quatre ans plus tard, l'entreprise individuelle s'est transform\u00e9e en soci\u00e9t\u00e9 anonyme.<\/p>\n<p>Afin de contourner le redoutable probl\u00e8me du mill\u00e9naire informatique, de g\u00e9n\u00e9reux investissements ont \u00e9t\u00e9 r\u00e9alis\u00e9s dans le domaine de l'AGV et de l'informatique.<\/p>\n<\/div><\/div><div class=\"timeline-slide\" data-year=\"1995\"><h2>D\u00e9m\u00e9nagement.<\/h2><div class=\"timeline-content\"><p>Les bureaux et l'entrep\u00f4t ont \u00e9t\u00e9 transf\u00e9r\u00e9s \u00e0 Dietikon (ZH) en janvier 1995.<\/p>\n<p>Mais tr\u00e8s vite, l'assortiment de pneus s'est \u00e9largi et approfondi, et l'espace disponible s'est r\u00e9duit. En 2005, l'entrep\u00f4t a d\u00e9m\u00e9nag\u00e9 \u00e0 Vogelsang, Gebenstorf (AG), dans un entrep\u00f4t plus grand et plus moderne.<\/p>\n<p>Parall\u00e8lement, les processus de stockage ont \u00e9t\u00e9 optimis\u00e9s et la gestion de la qualit\u00e9 a \u00e9t\u00e9 introduite \u00e0 cet effet.<\/p>\n<p>&nbsp;<\/p>\n<\/div><\/div><div class=\"timeline-slide\" data-year=\"2006\"><h2>A grands pas \u00e0 travers les ann\u00e9es.<\/h2><div class=\"timeline-content\"><p>Avec une force d'innovation constante, Arthur R\u00fcegg Fahrzeug-Zubeh\u00f6r AG avance vers l'avenir avec de nouvelles id\u00e9es et de nouveaux concepts.<\/p>\n<p><strong>2006<\/strong>\u00a0Les prix nets nouvellement introduits pour les pneus de v\u00e9los et de motos servent \u00e0 faciliter la comparaison sur le march\u00e9.<\/p>\n<p><strong>2009<\/strong>\u00a0La boutique en ligne R\u00fcegg, lanc\u00e9e en 2004, fait peau neuve pour un design moderne.<\/p>\n<p><strong>2011<\/strong>\u00a0Pour les revendeurs sp\u00e9cialis\u00e9s, les options d'exp\u00e9dition propos\u00e9es sont \u00e9tendues avec le service \u201e Swiss-Express Innight \u201c de la Poste Suisse. Cela permet aux commandes d'\u00eatre livr\u00e9es le lendemain matin avant 7h30, si cela est souhait\u00e9.<\/p>\n<p><strong>2012<\/strong>\u00a0La vente est restructur\u00e9e, avec une \u00e9quipe de conseil interne comp\u00e9tente.<\/p>\n<p><strong>2016<\/strong>\u00a0Nouveaut\u00e9 dans notre gamme : Pneus et chambres \u00e0 air de v\u00e9lo Schwalbe.<\/p>\n<p>&nbsp;<\/p>\n<\/div><\/div><div class=\"timeline-slide\" data-year=\"2020\"><h2>De la chance dans la malchance.<\/h2><div class=\"timeline-content\"><p>La pand\u00e9mie de Corona a contraint Arthur R\u00fcegg Fahrzeug-Zubeh\u00f6r AG \u00e0 introduire le ch\u00f4mage partiel pour la premi\u00e8re fois de son histoire.<\/p>\n<p>Mais cette mesure a rapidement pu \u00eatre lev\u00e9e, car le secteur des deux-roues a connu un v\u00e9ritable boom : de nombreuses personnes ont d\u00e9couvert le v\u00e9lo et la moto pendant la pand\u00e9mie - en raison d'un temps libre plus important et des r\u00e8gles de comportement du Conseil f\u00e9d\u00e9ral.<\/p>\n<\/div><\/div><div class=\"timeline-slide\" data-year=\"2025\"><h2>Comp\u00e9tence en mati\u00e8re de pneus pour le commerce sp\u00e9cialis\u00e9 et les clients finaux.<\/h2><div class=\"timeline-content\"><p>Nous fournissons de mani\u00e8re fiable les magasins sp\u00e9cialis\u00e9s en pneus deux roues et nous nous pr\u00e9parons \u00e0 nous adresser \u00e9galement aux clients finaux avec notre nouvelle boutique en ligne.<\/p>\n<p>En plus de la marque import\u00e9e Continental Motorrad, nous proposons toutes les principales marques de pneus et de chambres \u00e0 air pour les deux-roues - car tout tourne rond avec nous !<\/p>\n<\/div><\/div><div class=\"timeline-slide\" data-year=\"2026\"><h2>Le regard vers l'avant.<\/h2><div class=\"timeline-content\"><p><!--StartFragment --><\/p>\n<p><span class=\"cf0\">Depuis sa cr\u00e9ation, Arthur R\u00fcegg Fahrzeug-Zubeh\u00f6r AG poursuit syst\u00e9matiquement l'objectif d'allier innovation, qualit\u00e9 et proximit\u00e9 avec le client. Au fil des ann\u00e9es, l'entreprise n'a cess\u00e9 de se d\u00e9velopper <\/span><span class=\"cf1\">- technologique, structurelle et strat\u00e9gique.<\/span><\/p>\n<p><span class=\"cf0\">La nouvelle boutique en ligne de R\u00fcegg sera lanc\u00e9e d\u00e9but 2026. Gr\u00e2ce \u00e0 une technologie de pointe, un meilleur guidage de l'utilisateur et un assortiment de produits \u00e9largi, nous donnons ainsi un signal clair pour l'avenir de notre entreprise. La nouvelle plateforme de commerce \u00e9lectronique n'est pas seulement une vitrine num\u00e9rique, mais un \u00e9l\u00e9ment central de notre strat\u00e9gie de croissance et un pas de plus vers la num\u00e9risation et le centrage sur le client.<\/span><!--EndFragment --><\/p>\n<\/div><\/div><\/div><div class=\"timeline-container\"><div class=\"timeline-year\" style=\"left:0%\" title=\"1964\"><\/div><span class=\"act\" style=\"left:0%\">1964<\/span><div class=\"timeline-year\" style=\"left:11.111111111111%\" title=\"1975\"><\/div><span style=\"left:11.111111111111%\">1975<\/span><div class=\"timeline-year\" style=\"left:22.222222222222%\" title=\"1990\"><\/div><span style=\"left:22.222222222222%\">1990<\/span><div class=\"timeline-year\" style=\"left:33.333333333333%\" title=\"1991\"><\/div><span style=\"left:33.333333333333%\">1991<\/span><div class=\"timeline-year\" style=\"left:44.444444444444%\" title=\"1995\"><\/div><span style=\"left:44.444444444444%\">1995<\/span><div class=\"timeline-year\" style=\"left:55.555555555556%\" title=\"2006\"><\/div><span style=\"left:55.555555555556%\">2006<\/span><div class=\"timeline-year\" style=\"left:66.666666666667%\" title=\"2020\"><\/div><span style=\"left:66.666666666667%\">2020<\/span><div class=\"timeline-year\" style=\"left:77.777777777778%\" title=\"2025\"><\/div><span style=\"left:77.777777777778%\">2025<\/span><div class=\"timeline-year\" style=\"left:88.888888888889%\" title=\"2026\"><\/div><span style=\"left:88.888888888889%\">2026<\/span><\/div><\/div><\/div>\n\n\n\n<div class=\"wp-block-media-text has-media-on-the-right is-stacked-on-mobile black\"><div class=\"wp-block-media-text__content\">\n<h2 class=\"wp-block-heading\">Des valeurs qui nous poussent \u00e0 offrir le meilleur service.<\/h2>\n\n\n\n<p>Des d\u00e9cennies d'exp\u00e9rience font de nous des experts en mati\u00e8re de pneus pour deux roues. M\u00eame dans le contexte actuel marqu\u00e9 par le changement, Arthur R\u00fcegg Fahrzeug-Zubeh\u00f6r AG reste fid\u00e8le \u00e0 son concept \u00e9prouv\u00e9 de Best Service et \u00e0 ses valeurs fondamentales que sont la comp\u00e9tence en mati\u00e8re de pneus, l'orientation client, l'innovation et le travail d'\u00e9quipe. <\/p>\n\n\n\n<p>En tant que partenaire de confiance, nous te conseillons de mani\u00e8re professionnelle et comp\u00e9tente. Nous sommes l\u00e0 pour toi !<\/p>\n<\/div><figure class=\"wp-block-media-text__media\"><img loading=\"lazy\" decoding=\"async\" width=\"1024\" height=\"681\" src=\"https:\/\/ruegg.ping-ag.ch\/wp-content\/uploads\/2025\/11\/best_service_fr.jpg\" alt=\"\" class=\"wp-image-103379 size-full\"\/><\/figure><\/div>\n\n\n\n<div style=\"height:100px\" aria-hidden=\"true\" class=\"wp-block-spacer\"><\/div>\n\n\n\n<h2 class=\"wp-block-heading\"><strong>L'\u00e9quipe \u00e0 tes c\u00f4t\u00e9s -<br>Ensemble pour l'aventure sur deux roues.<\/strong><\/h2>\n\n\n\n<p class=\"has-medium-font-size\">Avec une \u00e9quipe bien rod\u00e9e et fiable sur les sites de Dietikon et Vogelsang, nous nous occupons de nos clients avec engagement, comp\u00e9tence professionnelle et efficacit\u00e9.<\/p>\n\n\n\n<p class=\"has-medium-font-size\">Tous nos collaborateurs, qui travaillent souvent depuis de nombreuses ann\u00e9es dans notre entreprise, contribuent de mani\u00e8re essentielle au succ\u00e8s de notre entreprise et re\u00e7oivent de notre part le soutien et la reconnaissance qu'ils m\u00e9ritent.<\/p>\n\n\n<div class=\"team-list\"><div class=\"team-member\"><div class=\"team-image\"><img loading=\"lazy\" decoding=\"async\" width=\"300\" height=\"300\" src=\"https:\/\/ruegg.ping-ag.ch\/wp-content\/uploads\/2026\/02\/Michael-Buff.png\" class=\"nolightbox wp-post-image\" alt=\"\" \/><\/div><div class=\"hovercontent\"><span>Michael Buff<\/span><div class=\"desc\"><p>PM &amp; Direction adjointe<\/p><p><a href=\"mailto:m&#46;&#98;u&#102;&#102;&#64;r&#117;&#101;gga&#103;.&#99;h\">m.buff@rueggag.ch<\/a><\/p><\/div><\/div><\/div><div class=\"team-member\"><div class=\"team-image\"><img loading=\"lazy\" decoding=\"async\" width=\"300\" height=\"300\" src=\"https:\/\/ruegg.ping-ag.ch\/wp-content\/uploads\/2025\/10\/Evelin-Roos-1.png\" class=\"nolightbox wp-post-image\" alt=\"\" \/><\/div><div class=\"hovercontent\"><span>Evelin Roos<\/span><div class=\"desc\"><p>Conseil et vente<\/p><p><a href=\"mailto:e&#46;&#114;oos&#64;r&#117;&#101;&#103;g&#97;g.&#99;h\">e.roos@rueggag.ch<\/a><\/p><\/div><\/div><\/div><div class=\"team-member\"><div class=\"team-image\"><img loading=\"lazy\" decoding=\"async\" width=\"300\" height=\"300\" src=\"https:\/\/ruegg.ping-ag.ch\/wp-content\/uploads\/2025\/09\/Laura-Sferrazza-1.png\" class=\"nolightbox wp-post-image\" alt=\"\" \/><\/div><div class=\"hovercontent\"><span>Laura Sferrazza<\/span><div class=\"desc\"><p>Conseil et vente<\/p><p><a href=\"mailto:&#108;.s&#102;&#101;&#114;r&#97;&#122;&#122;&#97;&#64;r&#117;e&#103;&#103;&#97;g.&#99;&#104;\">l.sferrazza@rueggag.ch<\/a><\/p><\/div><\/div><\/div><div class=\"team-member\"><div class=\"team-image\"><img loading=\"lazy\" decoding=\"async\" width=\"300\" height=\"300\" src=\"https:\/\/ruegg.ping-ag.ch\/wp-content\/uploads\/2025\/09\/Sandra.png\" class=\"nolightbox wp-post-image\" alt=\"\" \/><\/div><div class=\"hovercontent\"><span>Sandra Gehriger<\/span><div class=\"desc\"><p>MarCom<\/p><p><a href=\"mailto:&#115;.&#103;&#101;&#104;&#114;ig&#101;&#114;&#64;ru&#101;&#103;g&#97;&#103;.&#99;&#104;\">s.gehriger@rueggag.ch<\/a><\/p><\/div><\/div><\/div><div class=\"team-member\"><div class=\"team-image\"><img loading=\"lazy\" decoding=\"async\" width=\"300\" height=\"300\" src=\"https:\/\/ruegg.ping-ag.ch\/wp-content\/uploads\/2025\/10\/Dani.png\" class=\"nolightbox wp-post-image\" alt=\"\" \/><\/div><div class=\"hovercontent\"><span>Daniel Moser<\/span><div class=\"desc\"><p>Responsable logistique<\/p><p><a href=\"mailto:d.moser&#64;&#114;uegg&#97;g.c&#104;\">d.moser@rueggag.ch<\/a><\/p><\/div><\/div><\/div><div class=\"team-member\"><div class=\"team-image\"><img loading=\"lazy\" decoding=\"async\" width=\"300\" height=\"300\" src=\"https:\/\/ruegg.ping-ag.ch\/wp-content\/uploads\/2026\/02\/Deby.png\" class=\"nolightbox wp-post-image\" alt=\"\" \/><\/div><div class=\"hovercontent\"><span>Deborah Marullo<\/span><div class=\"desc\"><p>Logistique<\/p><p>&nbsp;<\/p><\/div><\/div><\/div><div class=\"team-member\"><div class=\"team-image\"><img loading=\"lazy\" decoding=\"async\" width=\"300\" height=\"300\" src=\"https:\/\/ruegg.ping-ag.ch\/wp-content\/uploads\/2026\/02\/Alexandros.png\" class=\"nolightbox wp-post-image\" alt=\"\" \/><\/div><div class=\"hovercontent\"><span>Alexandros Stathakis<\/span><div class=\"desc\"><p>Logistique<\/p><p>&nbsp;<\/p><\/div><\/div><\/div><div class=\"team-member\"><div class=\"team-image\"><img loading=\"lazy\" decoding=\"async\" width=\"300\" height=\"300\" src=\"https:\/\/ruegg.ping-ag.ch\/wp-content\/uploads\/2026\/02\/Andy_neu.png\" class=\"nolightbox wp-post-image\" alt=\"\" \/><\/div><div class=\"hovercontent\"><span>Andreas Baschnagel<\/span><div class=\"desc\"><p>Logistique<\/p><p>&nbsp;<\/p><\/div><\/div><\/div><div class=\"team-member\"><div class=\"team-image\"><img loading=\"lazy\" decoding=\"async\" width=\"300\" height=\"300\" src=\"https:\/\/ruegg.ping-ag.ch\/wp-content\/uploads\/2025\/10\/Cevat.png\" class=\"nolightbox wp-post-image\" alt=\"\" \/><\/div><div class=\"hovercontent\"><span>Cevat Yurtsever<\/span><div class=\"desc\"><p>Logistique<\/p><p>&nbsp;<\/p><\/div><\/div><\/div><div class=\"team-member\"><div class=\"hovercontent\"><span>Vacant<\/span><div class=\"desc\"><p>Conseil et vente<\/p><p>&nbsp;<\/p><\/div><\/div><\/div><div class=\"team-member\"><div class=\"team-image\"><img loading=\"lazy\" decoding=\"async\" width=\"300\" height=\"300\" src=\"https:\/\/ruegg.ping-ag.ch\/wp-content\/uploads\/2025\/09\/Julia.png\" class=\"nolightbox wp-post-image\" alt=\"\" \/><\/div><div class=\"hovercontent\"><span>Julia R\u00fcegg<\/span><div class=\"desc\"><p>Personnel &amp; comptabilit\u00e9<\/p><p><a href=\"mailto:j&#117;li&#97;.ru&#101;gg&#64;ruegg&#97;g&#46;&#99;&#104;\">julia.ruegg@rueggag.ch<\/a><\/p><\/div><\/div><\/div><div class=\"team-member\"><div class=\"team-image\"><img loading=\"lazy\" decoding=\"async\" width=\"300\" height=\"300\" src=\"https:\/\/ruegg.ping-ag.ch\/wp-content\/uploads\/2025\/09\/Juerg.png\" class=\"nolightbox wp-post-image\" alt=\"\" \/><\/div><div class=\"hovercontent\"><span>J\u00fcrg R\u00fcegg<\/span><div class=\"desc\"><p>Direction<\/p><p><a href=\"mailto:j.&#114;&#117;&#101;&#103;g&#64;&#114;ueg&#103;&#97;g&#46;c&#104;\">j.ruegg@rueggag.ch<\/a><\/p><\/div><\/div><\/div><\/div>\n\n\n\n<p class=\"has-medium-font-size\">Nous encourageons une culture du respect, de la diversit\u00e9 et de l'inclusion et cr\u00e9ons d\u00e9lib\u00e9r\u00e9ment un climat de travail dans lequel le travail d'\u00e9quipe a la plus haute importance. Ainsi, nous donnons chaque jour le meilleur de nous-m\u00eames pour garantir le meilleur service dans notre environnement. Nous livrons \u00e0 nos clients leurs \u201epneus deux roues pour toutes les aventures\u201c dans les meilleurs d\u00e9lais, afin que les gens puissent vivre leurs aventures sur deux roues au moment o\u00f9 ils le souhaitent !<\/p>\n\n\n\n<div style=\"height:100px\" aria-hidden=\"true\" class=\"wp-block-spacer\"><\/div>\n\n\n\n<div class=\"wp-block-media-text is-stacked-on-mobile has-background\" style=\"background-color:#eeefef\"><figure class=\"wp-block-media-text__media\"><img loading=\"lazy\" decoding=\"async\" width=\"1024\" height=\"681\" src=\"https:\/\/ruegg.ping-ag.ch\/wp-content\/uploads\/2025\/11\/nachhaltigkeit_fr.jpg\" alt=\"\" class=\"wp-image-103389 size-full\"\/><\/figure><div class=\"wp-block-media-text__content\">\n<h2 class=\"wp-block-heading\">contribution \u00e0 la soci\u00e9t\u00e9 et \u00e0 l'environnement.<\/h2>\n\n\n\n<p>Nous consid\u00e9rons le d\u00e9veloppement durable comme un processus d'am\u00e9lioration continue marqu\u00e9 par le long terme et la viabilit\u00e9, qui assume une responsabilit\u00e9 et un engagement centraux vis-\u00e0-vis de notre environnement, de nos clients et de nos collaborateurs ainsi que des g\u00e9n\u00e9rations futures.<\/p>\n\n\n\n<p>Notre objectif est d'apporter une contribution positive \u00e0 la soci\u00e9t\u00e9 et \u00e0 la plan\u00e8te par le biais de pratiques et d'innovations durables.<\/p>\n<\/div><\/div>","protected":false},"excerpt":{"rendered":"<p>Deine Vision \u2013unsere Mission. Zweiradreifen f\u00fcr alle Abenteuer. Wir setzen uns mit echter Leidenschaft daf\u00fcr ein, dass das Abenteuer auf zwei R\u00e4dern f\u00fcr alle erlebbar wird. Als zuverl\u00e4ssiger Partner liefern wir hochwertige Zweiradreifen schnell und termingerecht. Wir begleiten unsere Handelspartner sowie Motorradfahrer und Zweirad-Enthusiasten mit Fachkompetenz, Engagement und echter Partnerschaft. Vision und Mission. Wir streben [&hellip;]<\/p>\n","protected":false},"author":12325,"featured_media":0,"parent":0,"menu_order":0,"comment_status":"closed","ping_status":"closed","template":"","meta":{"_acf_changed":false,"ep_exclude_from_search":false,"footnotes":""},"class_list":["post-48130","page","type-page","status-publish","hentry"],"acf":[],"_links":{"self":[{"href":"https:\/\/ruegg.ping-ag.ch\/fr\/wp-json\/wp\/v2\/pages\/48130","targetHints":{"allow":["GET"]}}],"collection":[{"href":"https:\/\/ruegg.ping-ag.ch\/fr\/wp-json\/wp\/v2\/pages"}],"about":[{"href":"https:\/\/ruegg.ping-ag.ch\/fr\/wp-json\/wp\/v2\/types\/page"}],"author":[{"embeddable":true,"href":"https:\/\/ruegg.ping-ag.ch\/fr\/wp-json\/wp\/v2\/users\/12325"}],"replies":[{"embeddable":true,"href":"https:\/\/ruegg.ping-ag.ch\/fr\/wp-json\/wp\/v2\/comments?post=48130"}],"version-history":[{"count":444,"href":"https:\/\/ruegg.ping-ag.ch\/fr\/wp-json\/wp\/v2\/pages\/48130\/revisions"}],"predecessor-version":[{"id":107696,"href":"https:\/\/ruegg.ping-ag.ch\/fr\/wp-json\/wp\/v2\/pages\/48130\/revisions\/107696"}],"wp:attachment":[{"href":"https:\/\/ruegg.ping-ag.ch\/fr\/wp-json\/wp\/v2\/media?parent=48130"}],"curies":[{"name":"wp","href":"https:\/\/api.w.org\/{rel}","templated":true}]}}