{"id":97039,"date":"2025-11-11T08:35:16","date_gmt":"2025-11-11T08:35:16","guid":{"rendered":"https:\/\/ruegg.ping-ag.ch\/?page_id=97039"},"modified":"2026-03-16T08:38:08","modified_gmt":"2026-03-16T08:38:08","slug":"agb","status":"publish","type":"page","link":"https:\/\/ruegg.ping-ag.ch\/en\/agb\/","title":{"rendered":"GTC"},"content":{"rendered":"<div class=\"wp-block-group headerbild\"><div class=\"wp-block-group__inner-container is-layout-constrained wp-block-group-is-layout-constrained\">\n<figure class=\"wp-block-image size-full\"><img loading=\"lazy\" decoding=\"async\" width=\"1640\" height=\"600\" src=\"https:\/\/ruegg.ping-ag.ch\/wp-content\/uploads\/2026\/02\/Continental_shift.jpg\" alt=\"\" class=\"wp-image-106864\"\/><\/figure>\n\n\n\n<p>General <br>Terms and Conditions (AGB).<\/p>\n<\/div><\/div>\n\n\n\n<h5 class=\"wp-block-heading\"><strong>1. Scope of application<\/strong><\/h5>\n\n\n\n<p class=\"has-normal-font-size\">The General Terms and Conditions (hereinafter <strong>GTC <\/strong>shall apply to all legal transactions conducted via the Internet ordering platform www.rueggag.ch (hereinafter referred to as <strong>R\u00fcegg-Webshop<\/strong> called), by telephone or e-mail with Arthur R\u00fcegg Fahrzeug-Zubeh\u00f6r AG (hereinafter referred to as <strong>R\u00fcegg AG<\/strong> called) can be concluded. Deviating and other conditions require a special written agreement and take precedence over these GTC.<br>R\u00fcegg AG reserves the right to amend these GTC at any time. The version of these GTC applicable at the time of the order shall apply, which cannot be changed unilaterally for this order.<br>The products offered by R\u00fcegg AG are aimed exclusively at customers whose place of residence or registered office is in Switzerland or Liechtenstein. Deliveries are made exclusively to addresses in Switzerland or Liechtenstein.<br><\/p>\n\n\n\n<p class=\"has-normal-font-size\"><\/p>\n\n\n\n<h5 class=\"wp-block-heading\"><strong>2. Information<\/strong><\/h5>\n\n\n\n<h5 class=\"wp-block-heading\"><strong>2.1 Product and price<\/strong><\/h5>\n\n\n\n<p class=\"has-normal-font-size\">Images of products in advertising, brochures, the R\u00fcegg webshop etc. are for illustrative purposes only and are non-binding.<br>All prices published in the R\u00fcegg webshop are stated in CHF including or excluding VAT. The published gross prices (RRP) are recommended retail prices and are not binding for retailers. R\u00fcegg AG reserves the right to change the prices of the products offered at any time. The price in the R\u00fcegg webshop at the time of the order is decisive for the conclusion of the purchase contract. Pricing for backorder deliveries is based on the terms and conditions valid on the day of dispatch or collection.<\/p>\n\n\n\n<h5 class=\"wp-block-heading\"><strong>2.2 Availability and delivery time<\/strong><\/h5>\n\n\n\n<p class=\"has-normal-font-size\">R\u00fcegg AG attaches great importance to providing up-to-date and accurate information on availability and delivery times in the R\u00fcegg webshop. However, delivery delays may occur, particularly due to production or delivery bottlenecks. All information on availability and delivery times is therefore without guarantee and may change at any time.<br><\/p>\n\n\n\n<h5 class=\"wp-block-heading\"><strong>3. Conclusion of contract<\/strong><\/h5>\n\n\n\n<p class=\"has-normal-font-size\">The products and prices in the R\u00fcegg webshop are deemed to be an offer. However, this offer is always subject to the condition that the contract cannot be delivered.<br>The purchase contract for R\u00fcegg AG products is concluded with R\u00fcegg AG as soon as the customer places their order in the R\u00fcegg webshop, by telephone or e-mail (hereinafter referred to as the purchase contract).<br>The arrival of a R\u00fcegg webshop order is indicated to the customer by means of an automatically generated order confirmation sent by R\u00fcegg AG to the e-mail address provided by the customer. Receipt of the automatically generated order confirmation does not constitute a promise that the product can actually be delivered. It merely indicates to the customer that the order placed has been received by the R\u00fcegg webshop and that the purchase contract with R\u00fcegg AG has therefore been concluded subject to the possibility of delivery.<br><\/p>\n\n\n\n<h5 class=\"wp-block-heading\"><strong>4. Delivery date<\/strong><\/h5>\n\n\n\n<p class=\"has-normal-font-size\">A provisional delivery date is communicated to the customer with the order confirmation or the customer is contacted and an individual delivery date is agreed.<br>If R\u00fcegg AG is in default of delivery, the customer has the right to withdraw from the contract from the 10th working day after the originally announced delivery date (except in the case of special orders). In this case, R\u00fcegg AG shall reimburse the customer for any amounts already paid in advance. There are no further claims against R\u00fcegg AG.<br><\/p>\n\n\n\n<h5 class=\"wp-block-heading\"><strong>5. Delivery<\/strong><\/h5>\n\n\n\n<p class=\"has-normal-font-size\">All R\u00fcegg AG products are delivered from the R\u00fcegg logistics center in Switzerland.<br>All delivery and collection options are available to customers and are displayed in the R\u00fcegg webshop during the ordering process.<br>The customer's delivery address must be in Switzerland or Liechtenstein.<br>If the customer does not accept the ordered products on the agreed or indicated delivery date, R\u00fcegg AG may terminate (cancel) the contract and invoice the customer for the delivery costs incurred and any loss in value.<\/p>\n\n\n\n<h5 class=\"wp-block-heading\"><strong>6. Shipping costs and surcharges<\/strong><\/h5>\n\n\n\n<p><strong>End consumer<\/strong><\/p>\n\n\n\n<figure class=\"wp-block-table is-style-stripes\"><table style=\"border-style:none;border-width:0px\"><tbody><tr><td>Orders from CHF 50.00 (incl. VAT)&nbsp;&nbsp;&nbsp;&nbsp;&nbsp;<\/td><td>Free shipping<\/td><td><\/td><\/tr><tr><td>Orders under CHF 50.00 (incl. VAT)<\/td><td>Shipping costs<\/td><td>CHF 4.90<\/td><\/tr><tr><td>Orders 90 minutes before order deadline with same-day shipping<\/td><td>Late order surcharge<\/td><td>CHF 2.00<\/td><\/tr><\/tbody><\/table><\/figure>\n\n\n\n<p><strong>Specialized trade<\/strong><\/p>\n\n\n\n<figure class=\"wp-block-table is-style-stripes\"><table style=\"border-style:none;border-width:0px\"><tbody><tr><td>Orders from CHF 300.00 (excl. VAT)&nbsp;&nbsp;&nbsp;&nbsp;&nbsp;<\/td><td>Free shipping<\/td><td><\/td><\/tr><tr><td>Orders under CHF 300.00 (excl. VAT)<\/td><td>Shipping costs<\/td><td>CHF 9.90<\/td><\/tr><tr><td>Orders 90 minutes before order deadline with same-day shipping<\/td><td>Late order surcharge<\/td><td>CHF 2.00<\/td><\/tr><tr><td>Orders under CHF 50.00 (excl. VAT)&nbsp;&nbsp;<\/td><td>Small quantity surcharge<\/td><td>CHF 5.00<\/td><\/tr><tr><td>Orders with overnight delivery&nbsp;&nbsp;&nbsp;&nbsp;&nbsp;&nbsp;&nbsp;&nbsp;&nbsp;&nbsp;<\/td><td>Swiss Express Innight<\/td><td>CHF 5.00<\/td><\/tr><\/tbody><\/table><\/figure>\n\n\n\n<p><strong>Wholesale<\/strong><\/p>\n\n\n\n<figure class=\"wp-block-table is-style-stripes\"><table style=\"border-style:none;border-width:0px\"><tbody><tr><td>Orders from CHF 1\u2019000.00 (excl. VAT)&nbsp;&nbsp;&nbsp;&nbsp;&nbsp;<\/td><td>Free shipping<\/td><td><\/td><\/tr><tr><td>Orders under CHF 1\u2019000.00 (excl. VAT)<\/td><td>Shipping costs<\/td><td>CHF 9.90<\/td><\/tr><tr><td>Orders 90 minutes before order deadline with same-day shipping<\/td><td>Late order surcharge<\/td><td>CHF 2.00<\/td><\/tr><tr><td>Orders under CHF 100.00 (excl. VAT)\u00a0\u00a0<\/td><td>Small quantity surcharge<\/td><td>CHF 5.00<\/td><\/tr><tr><td>Orders with overnight delivery&nbsp;&nbsp;&nbsp;&nbsp;&nbsp;&nbsp;&nbsp;&nbsp;&nbsp;&nbsp;<\/td><td>Swiss Express Innight<\/td><td>CHF 5.00<\/td><\/tr><\/tbody><\/table><\/figure>\n\n\n\n<h5 class=\"wp-block-heading\"><strong>7. Inspection obligation<\/strong><\/h5>\n\n\n\n<p>The customer is obliged to check delivered or collected products immediately upon receipt for correctness, completeness and any delivery damage. Any discrepancies must be reported within 5 working days of receipt.<br><\/p>\n\n\n\n<h5 class=\"wp-block-heading\"><strong>8. Warranty<\/strong><\/h5>\n\n\n\n<p>R\u00fcegg AG guarantees that the ordered product is free of defects and functional for 24 months after delivery or collection.<br>When making a claim, the customer must register the product and the corresponding invoice as a warranty claim via the personal customer account in the R\u00fcegg webshop and return it in accordance with the instructions described there. R\u00fcegg AG will inform the customer in writing about the further course of the warranty claim.<br>If the warranty request is granted, R\u00fcegg AG can provide the warranty either by crediting the current price (maximum the sales price at the time of the order) or by providing a new product.<br><\/p>\n\n\n\n<h5 class=\"wp-block-heading\"><strong>9. Liability and exclusion of liability<\/strong><\/h5>\n\n\n\n<h5 class=\"wp-block-heading\"><strong>9.1 Liability<\/strong><\/h5>\n\n\n\n<p class=\"has-normal-font-size\">Liability shall be governed by the applicable statutory provisions. However, R\u00fcegg AG shall in no event be liable for slight negligence, indirect and consequential damages and loss of profit, unrealized savings, damages resulting from delay in delivery and any acts and omissions of auxiliary persons of R\u00fcegg AG, whether contractual or non-contractual.<br>Furthermore, R\u00fcegg AG accepts no liability in the following cases:<br>- improper, non-contractual or unlawful storage, adjustment or use of the products<br>- Use of incompatible spare parts or accessories<br>- failure to maintain and\/or improper modification or repair of the products by the customer or a third party<br>- force majeure, in particular damage caused by the elements, moisture, falling and impact, etc., for which R\u00fcegg AG is not responsible<br>- and official orders<\/p>\n\n\n\n<h5 class=\"wp-block-heading\"><strong>9.2 No guarantee for completeness and correctness<\/strong><\/h5>\n\n\n\n<p>The information published on the R\u00fcegg webshop is provided by R\u00fcegg AG exclusively for personal use and for information purposes. It is subject to change at any time and without prior notice. R\u00fcegg AG makes no warranty (express or implied) that the information published on the R\u00fcegg webshop is accurate, complete or up-to-date, even if due care has been taken in collecting it from sources believed to be reliable.<\/p>\n\n\n\n<h5 class=\"wp-block-heading\"><strong>9.3 Limitations of liability<\/strong><\/h5>\n\n\n\n<p>R\u00fcegg AG disclaims without limitation all liability for any loss or damage of any kind, whether direct, indirect or consequential, which might be incurred through the use of or access to the R\u00fcegg webshop or through links to third-party websites. R\u00fcegg AG does not guarantee that the individual parts of the R\u00fcegg webshop will function without error. Furthermore, R\u00fcegg AG accepts no liability for manipulation of the Internet user's computer system by unauthorized persons.<\/p>\n\n\n\n<h5 class=\"wp-block-heading\"><strong>9.4 Use of the R\u00fcegg webshop<\/strong><\/h5>\n\n\n\n<p>The entire content (design, text, graphics, ...) of the R\u00fcegg webshop is protected by copyright. The individual elements of the website belong exclusively to the website operator R\u00fcegg AG. The saving or printing of individual pages and\/or sections of the R\u00fcegg webshop is only permitted with full acknowledgement of the source. By saving or otherwise reproducing software or other data on the R\u00fcegg webshop, the respective terms of use are deemed to have been accepted. All property rights remain with R\u00fcegg AG. The complete or partial reproduction, transmission (electronically or by other means), modification, linking or use of the R\u00fcegg Webshop is only permitted with the express written consent of R\u00fcegg AG. In particular, the use of tools that systematically and automatically retrieve, index and\/or transmit content from the R\u00fcegg web store (e.g. so-called spiders, crawlers and other automated tools) is also prohibited. R\u00fcegg AG expressly reserves the right to take action against the perpetrators, in particular to claim damages.<\/p>\n\n\n\n<h5 class=\"wp-block-heading\"><strong>9.5 Linked websites (links)<\/strong><\/h5>\n\n\n\n<p>Certain links on the R\u00fcegg webshop lead to third-party websites. These are completely beyond the control of R\u00fcegg AG, which is why R\u00fcegg AG accepts no responsibility whatsoever for the accuracy, completeness and legality of the content of such websites or for any offers contained therein.<\/p>\n\n\n\n<h5 class=\"wp-block-heading\"><strong>9.6 Obligations and liability of the customer<\/strong><\/h5>\n\n\n\n<p>By registering, the customer undertakes to provide all the information required to open a personal customer account in the R\u00fcegg webshop truthfully and completely.<br>There is no entitlement to open a personal customer account in the R\u00fcegg Webshop. R\u00fcegg AG may at any time and without giving reasons refuse to open a personal customer account in the R\u00fcegg Webshop or revoke a personal customer account once granted in the R\u00fcegg Webshop at any time and without prior notice and without giving reasons.<br>The customer is obliged to keep the login data for the customer account strictly confidential and shall take appropriate measures to protect their account from unauthorized access, in particular by using a secure password and up-to-date browser versions and anti-virus software.<br>All actions, in particular orders, which are processed via the customer's customer account shall be attributed to the customer. In particular, customers are liable for orders placed via their customer account.<br><\/p>\n\n\n\n<h5 class=\"wp-block-heading\"><strong>10. Payment<\/strong><\/h5>\n\n\n\n<h5 class=\"wp-block-heading\"><strong>10.1 Payment options<\/strong><\/h5>\n\n\n\n<p class=\"has-normal-font-size\">Customers can use the payment methods offered in the R\u00fcegg webshop under payment options.<br>Payments must be made in Swiss francs.<br>If you pay by credit card or other instant payment methods, you will be charged when you place your order.<br>In the case of purchase on account, the customer is obliged to pay the invoice amount within the payment period without any deductions. In the event of a partial return, the amount of the returned items will be credited less any return costs or discounts.<\/p>\n\n\n\n<h5 class=\"wp-block-heading\"><strong>10.2 Default of payment<\/strong><\/h5>\n\n\n\n<p>If the customer fails to meet its payment obligations in whole or in part, all outstanding amounts owed by the customer to R\u00fcegg AG under any title shall become due immediately and R\u00fcegg AG may demand immediate payment and suspend further deliveries of products to the customer.<br>R\u00fcegg AG charges a collection fee of CHF 10 for the first reminder, CHF 15 for the second reminder and CHF 20 for the third reminder.<br>Unpaid claims will be collected by legal action after unsuccessful reminders. In addition to settling the invoice amount, the customer shall also be obliged to reimburse all costs incurred in connection with the delay in payment (in particular default interest in accordance with the Swiss Code of Obligations, reminder fees, collection costs and lawyers' fees). The collection costs in the amount of this information shall be deemed to have been accepted by the customer irrespective of any proof of loss.<\/p>\n\n\n\n<h5 class=\"wp-block-heading\"><strong>10.3 Retention of title<\/strong><\/h5>\n\n\n\n<p>Ordered products remain the property of R\u00fcegg AG until full payment has been made to R\u00fcegg AG. R\u00fcegg AG is entitled to make a corresponding entry in the retention of title register.<br><\/p>\n\n\n\n<h5 class=\"wp-block-heading\"><strong>11. Modification of the order or cancellation<\/strong><\/h5>\n\n\n\n<p class=\"has-normal-font-size\">Orders oblige the customer to accept the products. R\u00fcegg AG may, at its own discretion, accept subsequent changes or cancellations of orders placed by the customer and charge a handling fee of 20% of the canceled order value, but at least CHF 50.<br>If a partial or delivery impossibility occurs after an order or the conclusion of a contract in accordance with section 3, the customer will be informed immediately by e-mail. If the customer has already paid, this amount will be refunded. If no payment has yet been made, the customer shall be released from the obligation to pay. Further claims for late delivery or non-delivery are excluded.<br><\/p>\n\n\n\n<h5 class=\"wp-block-heading\"><strong>12. Return of faultless goods<\/strong><\/h5>\n\n\n\n<p>R\u00fcegg AG grants the right to return the ordered products within a period of 10 working days from the date of delivery. Products that were specially procured at the customer's request are excluded from the right of return.<br>Customers must register the return of the products via their personal customer account in the R\u00fcegg webshop and return them in accordance with the instructions described there. The products must be in as-new condition and properly packed in their original packaging. Damaged products will not be taken back or will be charged to the customer in full.<br>If the customer exercises their right of return, R\u00fcegg AG will refund the entire purchase price less any minimum quantity surcharge paid and the return costs.<br>The customer assures R\u00fcegg AG that the details and list of returned products are complete and correct according to the return slip generated by the customer in the return process, and that the return shipment actually contains the products specified in the return slip.<br><\/p>\n\n\n\n<h5 class=\"wp-block-heading\"><strong>13. Further provisions<\/strong><\/h5>\n\n\n\n<h5 class=\"wp-block-heading\"><strong>13.1 Non-assignable returns<\/strong><\/h5>\n\n\n\n<p>Returns that cannot be assigned to a customer or cannot be returned to the customer will be kept by R\u00fcegg AG for six months and then disposed of.<\/p>\n\n\n\n<h5 class=\"wp-block-heading\"><strong>13.2 Data protection<\/strong><\/h5>\n\n\n\n<p>Data protection is a matter of trust and your trust is important to us. In the R\u00fcegg webshop, personal and\/or company data is collected when a customer account is created or orders are placed. R\u00fcegg AG uses this data to communicate with customers and to process and deliver orders. In doing so, R\u00fcegg AG complies with the applicable provisions of Swiss data protection legislation.<\/p>\n\n\n\n<h5 class=\"wp-block-heading\"><strong>13.3 Divisional validity<\/strong><\/h5>\n\n\n\n<p>Should individual provisions of these GTC be invalid or ineffective, this shall not affect the validity of the remaining provisions and these GTC as a whole.<\/p>\n\n\n\n<h5 class=\"wp-block-heading\"><strong>13.4 Place of jurisdiction and applicable law<\/strong><\/h5>\n\n\n\n<p>All legal relationships between R\u00fcegg AG and the customer are subject to substantive Swiss law. The Vienna Sales Convention is not applicable.<br>The place of jurisdiction for actions brought by consumers is their place of residence or Zurich.<br>In all other cases, Zurich shall be the exclusive place of jurisdiction.<\/p>\n\n\n\n<p><br>January 2026<\/p>","protected":false},"excerpt":{"rendered":"<p>Allgemeine Gesch\u00e4ftsbedingungen (AGB). 1. Geltungsbereich Die Allgemeinen Gesch\u00e4ftsbedingungen (nachfolgend AGB genannt) gelten f\u00fcr s\u00e4mtliche Rechtsgesch\u00e4fte, die \u00fcber die Internet-Bestellplattform www.rueggag.ch (nachfolgend R\u00fcegg-Webshop genannt), per Telefon oder E-Mail mit der Arthur R\u00fcegg Fahrzeug-Zubeh\u00f6r AG (nachfolgend R\u00fcegg AG genannt) abgeschlossen werden. Abweichende und anderslautende Konditionen bed\u00fcrfen einer speziellen schriftlichen Vereinbarung und gehen diesen AGB vor.R\u00fcegg AG beh\u00e4lt [&hellip;]<\/p>\n","protected":false},"author":12325,"featured_media":0,"parent":0,"menu_order":0,"comment_status":"closed","ping_status":"closed","template":"","meta":{"_acf_changed":false,"ep_exclude_from_search":false,"footnotes":""},"class_list":["post-97039","page","type-page","status-publish","hentry"],"acf":[],"_links":{"self":[{"href":"https:\/\/ruegg.ping-ag.ch\/en\/wp-json\/wp\/v2\/pages\/97039","targetHints":{"allow":["GET"]}}],"collection":[{"href":"https:\/\/ruegg.ping-ag.ch\/en\/wp-json\/wp\/v2\/pages"}],"about":[{"href":"https:\/\/ruegg.ping-ag.ch\/en\/wp-json\/wp\/v2\/types\/page"}],"author":[{"embeddable":true,"href":"https:\/\/ruegg.ping-ag.ch\/en\/wp-json\/wp\/v2\/users\/12325"}],"replies":[{"embeddable":true,"href":"https:\/\/ruegg.ping-ag.ch\/en\/wp-json\/wp\/v2\/comments?post=97039"}],"version-history":[{"count":128,"href":"https:\/\/ruegg.ping-ag.ch\/en\/wp-json\/wp\/v2\/pages\/97039\/revisions"}],"predecessor-version":[{"id":107843,"href":"https:\/\/ruegg.ping-ag.ch\/en\/wp-json\/wp\/v2\/pages\/97039\/revisions\/107843"}],"wp:attachment":[{"href":"https:\/\/ruegg.ping-ag.ch\/en\/wp-json\/wp\/v2\/media?parent=97039"}],"curies":[{"name":"wp","href":"https:\/\/api.w.org\/{rel}","templated":true}]}}