{"id":96717,"date":"2025-11-06T12:45:40","date_gmt":"2025-11-06T12:45:40","guid":{"rendered":"https:\/\/ruegg.ping-ag.ch\/?page_id=96717"},"modified":"2026-03-19T08:08:58","modified_gmt":"2026-03-19T08:08:58","slug":"delivery_b2c","status":"publish","type":"page","link":"https:\/\/ruegg.ping-ag.ch\/en\/lieferung_b2c\/","title":{"rendered":"Lieferung_b2c"},"content":{"rendered":"<div class=\"wp-block-group headerbild\"><div class=\"wp-block-group__inner-container is-layout-constrained wp-block-group-is-layout-constrained\">\n<figure class=\"wp-block-image size-full\"><img loading=\"lazy\" decoding=\"async\" width=\"1640\" height=\"600\" src=\"https:\/\/ruegg.ping-ag.ch\/wp-content\/uploads\/2025\/11\/Lieferung_und_Abholung.jpg\" alt=\"\" class=\"wp-image-97308\"\/><\/figure>\n\n\n\n<p>Delivery.<br><\/p>\n<\/div><\/div>\n\n\n\n<h5 class=\"wp-block-heading\"><strong>Product range and scope of delivery. <\/strong><\/h5>\n\n\n\n<p class=\"has-normal-font-size\">Our offer is aimed exclusively at customers with their place of residence or company headquarters in Switzerland or the Principality of Liechtenstein. All products are delivered from the R\u00fcegg Logistics Center Switzerland to addresses in Switzerland and the Principality of Liechtenstein by the transport company DHL Logistics Schweiz AG.<\/p>\n\n\n\n<p class=\"has-normal-font-size\">We are not liable for delays in delivery caused by manufacturers or other third parties.<\/p>\n\n\n\n<h5 class=\"wp-block-heading\"><strong>Shipping costs and surcharges.<\/strong><\/h5>\n\n\n\n<figure class=\"wp-block-table is-style-stripes\"><table style=\"border-style:none;border-width:0px\"><tbody><tr><td>Free shipping<\/td><td>CHF 0.00<\/td><td>Orders from CHF 50.00 (excl. VAT)<\/td><\/tr><tr><td>Shipping costs <\/td><td>CHF 4.90<\/td><td>Orders under CHF 50.00 (excl. VAT)<\/td><\/tr><tr><td>Late order surcharge<\/td><td>CHF 2.00<\/td><td>Orders 90 minutes before order deadline with same-day shipping<\/td><\/tr><\/tbody><\/table><\/figure>\n\n\n\n<p class=\"has-normal-font-size\">All orders received by 17:30 on working days are dispatched on the same day and usually arrive at the delivery address on the next working day (\u224898 %).<\/p>\n\n\n\n<h5 class=\"wp-block-heading\"><strong>DHL delivery agreement.<\/strong><\/h5>\n\n\n\n<p class=\"has-normal-font-size\">Receive parcels even if you are not on site: simply specify a desired location on your property. If the delivery person does not meet you there, the parcels will be left in a safe and dry place that you define and, if necessary, collected from there.<\/p>\n\n\n\n<p class=\"has-normal-font-size\">All you need is a delivery agreement with DHL.<br>Download: <a href=\"https:\/\/ruegg.ping-ag.ch\/wp-content\/uploads\/2025\/11\/DHL_Auslieferungs-Vereinbarung_D.docx\">German<\/a>, <a href=\"https:\/\/ruegg.ping-ag.ch\/wp-content\/uploads\/2025\/11\/DHL_Auslieferungs-Vereinbarung_F.docx\">French<\/a>, <a href=\"https:\/\/ruegg.ping-ag.ch\/wp-content\/uploads\/2025\/11\/DHL_Auslieferungs-Vereinbarung_I.docx\">Italian<\/a>. Or register with <a href=\"https:\/\/ondemand.dhl.com\/prg\/on-demand-delivery.xhtml?ctrycode=CH\">DHL On Demand Delivery<\/a>.<\/p>\n\n\n\n<h5 class=\"wp-block-heading\"><strong>Obligation to check.<\/strong><\/h5>\n\n\n\n<p class=\"has-normal-font-size\">You are obliged to check the products immediately upon receipt for correctness, completeness and any delivery damage. Any discrepancies must be reported within 5 working days of receipt.<\/p>\n\n\n\n<div class=\"wp-block-buttons is-content-justification-right is-layout-flex wp-container-core-buttons-is-layout-d445cf74 wp-block-buttons-is-layout-flex\">\n<div class=\"wp-block-button\"><a class=\"wp-block-button__link wp-element-button\" href=\"https:\/\/ruegg.ping-ag.ch\/en\/agb\/\" target=\"_blank\" rel=\"noreferrer noopener\">GTC<\/a><\/div>\n<\/div>\n\n\n\n<div style=\"height:75px\" aria-hidden=\"true\" class=\"wp-block-spacer\"><\/div>","protected":false},"excerpt":{"rendered":"<p>Lieferung. Sortiments- und Lieferumfang. Unser Angebot richtet sich ausschliesslich an eine Kundschaft mit Wohn- oder Firmensitz in der Schweiz oder im F\u00fcrstentum Liechtenstein. Alle Produkte werden ab dem R\u00fcegg-Logistikcenter Schweiz mit dem Transportunternehmen DHL Logistics Schweiz AG an Adressen in der Schweiz und in das F\u00fcrstentum Liechtenstein geliefert. Wir haften nicht f\u00fcr Lieferverz\u00f6gerungen, die von [&hellip;]<\/p>\n","protected":false},"author":12325,"featured_media":0,"parent":0,"menu_order":0,"comment_status":"closed","ping_status":"closed","template":"","meta":{"_acf_changed":false,"ep_exclude_from_search":false,"footnotes":""},"class_list":["post-96717","page","type-page","status-publish","hentry"],"acf":[],"_links":{"self":[{"href":"https:\/\/ruegg.ping-ag.ch\/en\/wp-json\/wp\/v2\/pages\/96717","targetHints":{"allow":["GET"]}}],"collection":[{"href":"https:\/\/ruegg.ping-ag.ch\/en\/wp-json\/wp\/v2\/pages"}],"about":[{"href":"https:\/\/ruegg.ping-ag.ch\/en\/wp-json\/wp\/v2\/types\/page"}],"author":[{"embeddable":true,"href":"https:\/\/ruegg.ping-ag.ch\/en\/wp-json\/wp\/v2\/users\/12325"}],"replies":[{"embeddable":true,"href":"https:\/\/ruegg.ping-ag.ch\/en\/wp-json\/wp\/v2\/comments?post=96717"}],"version-history":[{"count":226,"href":"https:\/\/ruegg.ping-ag.ch\/en\/wp-json\/wp\/v2\/pages\/96717\/revisions"}],"predecessor-version":[{"id":107850,"href":"https:\/\/ruegg.ping-ag.ch\/en\/wp-json\/wp\/v2\/pages\/96717\/revisions\/107850"}],"wp:attachment":[{"href":"https:\/\/ruegg.ping-ag.ch\/en\/wp-json\/wp\/v2\/media?parent=96717"}],"curies":[{"name":"wp","href":"https:\/\/api.w.org\/{rel}","templated":true}]}}