{"id":55468,"date":"2025-11-10T15:24:30","date_gmt":"2025-11-10T15:24:30","guid":{"rendered":"https:\/\/ruegg.ping-ag.ch\/?page_id=55468"},"modified":"2026-03-10T07:55:44","modified_gmt":"2026-03-10T07:55:44","slug":"imprint","status":"publish","type":"page","link":"https:\/\/ruegg.ping-ag.ch\/en\/impressum\/","title":{"rendered":"Imprint"},"content":{"rendered":"<div class=\"wp-block-group headerbild\"><div class=\"wp-block-group__inner-container is-layout-constrained wp-block-group-is-layout-constrained\">\n<figure class=\"wp-block-image size-full\"><img loading=\"lazy\" decoding=\"async\" width=\"1640\" height=\"600\" src=\"https:\/\/ruegg.ping-ag.ch\/wp-content\/uploads\/2025\/11\/retourengarantien.jpg\" alt=\"\" class=\"wp-image-96981\"\/><\/figure>\n\n\n\n<p>Imprint.<\/p>\n<\/div><\/div>\n\n\n\n<h5 class=\"wp-block-heading\"><strong>Responsible authority.<\/strong><\/h5>\n\n\n\n<p class=\"has-normal-font-size\">Arthur R\u00fcegg Fahrzeug-Zubeh\u00f6r AG<br>Lerzenstrasse 21<br>CH-8953 Dietikon<\/p>\n\n\n\n<p class=\"has-normal-font-size\">Phone: +41 43 322 43 43<br>Email: info@rueggag.ch<\/p>\n\n\n\n<p class=\"has-normal-font-size\">Authorized representative: J\u00fcrg R\u00fcegg<\/p>\n\n\n\n<p class=\"has-normal-font-size\">VAT number: CHE-107.822.446 VAT<\/p>\n\n\n\n<p class=\"has-normal-font-size\">Commercial register entry: CH-020.3.005.516-5, Commercial Register Office of the Canton of Zurich<\/p>\n\n\n\n<h5 class=\"wp-block-heading\"><strong>Disclaimer \/ exclusion of liability.<\/strong><\/h5>\n\n\n\n<p class=\"has-normal-font-size\">The author accepts no liability whatsoever for the correctness, accuracy, up-to-dateness, reliability and completeness of the information. Liability claims against the author for damages of a material or immaterial nature arising from access to or use or non-use of the published information, misuse of the connection or technical faults are excluded.<\/p>\n\n\n\n<p class=\"has-normal-font-size\">All offers are non-binding. The author expressly reserves the right to change, supplement or delete parts of the pages or the entire offer without prior notice or to cease publication temporarily or permanently.<\/p>\n\n\n\n<h5 class=\"wp-block-heading\"><strong>Disclaimer for content and links.<\/strong><\/h5>\n\n\n\n<p class=\"has-normal-font-size\">References and links to third-party websites are outside our area of responsibility. Any responsibility for such websites is rejected. Access to and use of such websites is at the user's own risk.<\/p>\n\n\n\n<h5 class=\"wp-block-heading\"><strong>Copyright declaration.<\/strong><\/h5>\n\n\n\n<p class=\"has-normal-font-size\">The copyright and all other rights to content, images, photos or other files on the website belong exclusively to Arthur R\u00fcegg Fahrzeug-Zubeh\u00f6r AG or the specifically named rights holders. The written consent of the copyright holders must be obtained in advance for the reproduction of any elements.<\/p>\n\n\n\n<div style=\"height:75px\" aria-hidden=\"true\" class=\"wp-block-spacer\"><\/div>","protected":false},"excerpt":{"rendered":"<p>Impressum. Verantwortliche Instanz. Arthur R\u00fcegg Fahrzeug-Zubeh\u00f6r AGLerzenstrasse 21CH-8953 Dietikon Telefon: +41 43 322 43 43Email: info@rueggag.ch Vertretungsberechtigte Person: J\u00fcrg R\u00fcegg MWST-Nummer: CHE-107.822.446 MWST Handelsregistereintrag: CH-020.3.005.516-5, Handelsregisteramt des Kanton Z\u00fcrich Disclaimer \/ Haftungsausschluss. Der Autor \u00fcbernimmt keinerlei Gew\u00e4hr hinsichtlich der inhaltlichen Richtigkeit, Genauigkeit, Aktualit\u00e4t, Zuverl\u00e4ssigkeit und Vollst\u00e4ndigkeit der Informationen. Haftungsanspr\u00fcche gegen den Autor wegen Sch\u00e4den materieller [&hellip;]<\/p>\n","protected":false},"author":12325,"featured_media":0,"parent":0,"menu_order":0,"comment_status":"closed","ping_status":"closed","template":"","meta":{"_acf_changed":false,"ep_exclude_from_search":false,"footnotes":""},"class_list":["post-55468","page","type-page","status-publish","hentry"],"acf":[],"_links":{"self":[{"href":"https:\/\/ruegg.ping-ag.ch\/en\/wp-json\/wp\/v2\/pages\/55468","targetHints":{"allow":["GET"]}}],"collection":[{"href":"https:\/\/ruegg.ping-ag.ch\/en\/wp-json\/wp\/v2\/pages"}],"about":[{"href":"https:\/\/ruegg.ping-ag.ch\/en\/wp-json\/wp\/v2\/types\/page"}],"author":[{"embeddable":true,"href":"https:\/\/ruegg.ping-ag.ch\/en\/wp-json\/wp\/v2\/users\/12325"}],"replies":[{"embeddable":true,"href":"https:\/\/ruegg.ping-ag.ch\/en\/wp-json\/wp\/v2\/comments?post=55468"}],"version-history":[{"count":62,"href":"https:\/\/ruegg.ping-ag.ch\/en\/wp-json\/wp\/v2\/pages\/55468\/revisions"}],"predecessor-version":[{"id":107655,"href":"https:\/\/ruegg.ping-ag.ch\/en\/wp-json\/wp\/v2\/pages\/55468\/revisions\/107655"}],"wp:attachment":[{"href":"https:\/\/ruegg.ping-ag.ch\/en\/wp-json\/wp\/v2\/media?parent=55468"}],"curies":[{"name":"wp","href":"https:\/\/api.w.org\/{rel}","templated":true}]}}