{"id":48142,"date":"2024-12-06T12:21:20","date_gmt":"2024-12-06T12:21:20","guid":{"rendered":"https:\/\/ruegg.ping-ag.ch\/?page_id=48142"},"modified":"2026-03-10T08:34:57","modified_gmt":"2026-03-10T08:34:57","slug":"become-a-dealer","status":"publish","type":"page","link":"https:\/\/ruegg.ping-ag.ch\/en\/haendler-werden\/","title":{"rendered":"Become a dealer"},"content":{"rendered":"<div class=\"wp-block-group headerbild\"><div class=\"wp-block-group__inner-container is-layout-constrained wp-block-group-is-layout-constrained\">\n<figure class=\"wp-block-image size-full\"><img loading=\"lazy\" decoding=\"async\" width=\"1640\" height=\"600\" src=\"https:\/\/ruegg.ping-ag.ch\/wp-content\/uploads\/2025\/11\/AdobeStock_1174907991.jpeg\" alt=\"\" class=\"wp-image-96635\"\/><\/figure>\n\n\n\n<p>Let's work together.<br>Let's get started!<\/p>\n<\/div><\/div>\n\n\n\n<h2 class=\"wp-block-heading\"><strong>Would you like to become an authorized partner of ours?<\/strong><\/h2>\n\n\n\n<p class=\"has-medium-font-size\">Do you run a two-wheeler store and are you looking for a reliable partner for tires? Then you've come to the right place. We offer the most extensive and fastest available range of two-wheeler tires and inner tubes with unbeatable delivery times.<\/p>\n\n\n\n<p class=\"has-medium-font-size\">The way to your new tire partner is very simple - only a few steps separate you from our all-round service.<\/p>\n\n\n\n<div class=\"wpcf7 no-js\" id=\"wpcf7-f96555-o1\" lang=\"en-US\" dir=\"ltr\" data-wpcf7-id=\"96555\">\n<div class=\"screen-reader-response\"><p role=\"status\" aria-live=\"polite\" aria-atomic=\"true\"><\/p> <ul><\/ul><\/div>\n<form action=\"\/en\/wp-json\/wp\/v2\/pages\/48142#wpcf7-f96555-o1\" method=\"post\" class=\"wpcf7-form init\" aria-label=\"Contact form\" enctype=\"multipart\/form-data\" novalidate=\"novalidate\" data-status=\"init\" data-trp-original-action=\"\/en\/wp-json\/wp\/v2\/pages\/48142#wpcf7-f96555-o1\">\n<fieldset class=\"hidden-fields-container\"><input type=\"hidden\" name=\"_wpcf7\" value=\"96555\" \/><input type=\"hidden\" name=\"_wpcf7_version\" value=\"6.1.5\" \/><input type=\"hidden\" name=\"_wpcf7_locale\" value=\"en_US\" \/><input type=\"hidden\" name=\"_wpcf7_unit_tag\" value=\"wpcf7-f96555-o1\" \/><input type=\"hidden\" name=\"_wpcf7_container_post\" value=\"0\" \/><input type=\"hidden\" name=\"_wpcf7_posted_data_hash\" value=\"\" \/>\n<\/fieldset>\n<div class=\"wpcf7-turnstile cf-turnstile\" data-sitekey=\"0x4AAAAAACd3GJ2Nu8mGtFgD\" data-response-field-name=\"_wpcf7_turnstile_response\"><\/div>\n\n<h2>Application form\n<\/h2>\n<p class=\"infotxt\">Please upload your current extract from the commercial register or confirm that none is available. Complete all mandatory fields marked with an asterisk (*) so that we can process your request quickly and reliably.\n<\/p>\n<div class=\"col2\">\n\t<div>\n\t\t<p><label>First name*<\/label><br \/>\n<span class=\"wpcf7-form-control-wrap\" data-name=\"vorname\"><input size=\"40\" maxlength=\"400\" class=\"wpcf7-form-control wpcf7-text wpcf7-validates-as-required\" aria-required=\"true\" aria-invalid=\"false\" value=\"\" type=\"text\" name=\"vorname\" \/><\/span>\n\t\t<\/p>\n\t<\/div>\n\t<div>\n\t\t<p><label>Name*<\/label><br \/>\n<span class=\"wpcf7-form-control-wrap\" data-name=\"nachname\"><input size=\"40\" maxlength=\"400\" class=\"wpcf7-form-control wpcf7-text wpcf7-validates-as-required\" aria-required=\"true\" aria-invalid=\"false\" value=\"\" type=\"text\" name=\"nachname\" \/><\/span>\n\t\t<\/p>\n\t<\/div>\n<\/div>\n<div class=\"col2\">\n\t<div>\n\t\t<p><label>Company*<\/label><br \/>\n<span class=\"wpcf7-form-control-wrap\" data-name=\"unternehmen\"><input size=\"40\" maxlength=\"400\" class=\"wpcf7-form-control wpcf7-text wpcf7-validates-as-required\" aria-required=\"true\" aria-invalid=\"false\" value=\"\" type=\"text\" name=\"unternehmen\" \/><\/span>\n\t\t<\/p>\n\t<\/div>\n\t<div>\n\t\t<p><label>Addition<\/label><br \/>\n<span class=\"wpcf7-form-control-wrap\" data-name=\"zusatz\"><input size=\"40\" maxlength=\"400\" class=\"wpcf7-form-control wpcf7-text\" aria-invalid=\"false\" value=\"\" type=\"text\" name=\"zusatz\" \/><\/span>\n\t\t<\/p>\n\t<\/div>\n<\/div>\n<div class=\"col2\">\n\t<div>\n\t\t<p><label>Street*<\/label><br \/>\n<span class=\"wpcf7-form-control-wrap\" data-name=\"strasse\"><input size=\"40\" maxlength=\"400\" class=\"wpcf7-form-control wpcf7-text wpcf7-validates-as-required\" id=\"billing_address_1\" aria-required=\"true\" aria-invalid=\"false\" value=\"\" type=\"text\" name=\"strasse\" \/><\/span>\n\t\t<\/p>\n\t<\/div>\n\t<div>\n\t\t<p><label>Number*<\/label><br \/>\n<span class=\"wpcf7-form-control-wrap\" data-name=\"nummer\"><input size=\"40\" maxlength=\"400\" class=\"wpcf7-form-control wpcf7-text wpcf7-validates-as-required\" id=\"billing_address_2\" aria-required=\"true\" aria-invalid=\"false\" value=\"\" type=\"text\" name=\"nummer\" \/><\/span>\n\t\t<\/p>\n\t<\/div>\n<\/div>\n<div class=\"col2\">\n\t<div>\n\t\t<p><label>Postcode*<\/label><br \/>\n<span class=\"wpcf7-form-control-wrap\" data-name=\"postleitzahl\"><input size=\"40\" maxlength=\"400\" class=\"wpcf7-form-control wpcf7-text wpcf7-validates-as-required\" id=\"billing_postcode\" aria-required=\"true\" aria-invalid=\"false\" value=\"\" type=\"text\" name=\"postleitzahl\" \/><\/span>\n\t\t<\/p>\n\t<\/div>\n\t<div>\n\t\t<p><label>Place*<\/label><br \/>\n<span class=\"wpcf7-form-control-wrap\" data-name=\"ort\"><input size=\"40\" maxlength=\"400\" class=\"wpcf7-form-control wpcf7-text wpcf7-validates-as-required\" id=\"billing_city\" aria-required=\"true\" aria-invalid=\"false\" value=\"\" type=\"text\" name=\"ort\" \/><\/span>\n\t\t<\/p>\n\t<\/div>\n<\/div>\n<div class=\"col2\">\n\t<div>\n\t\t<p><label>e-mail*<\/label><br \/>\n<span class=\"wpcf7-form-control-wrap\" data-name=\"your-email\"><input size=\"40\" maxlength=\"400\" class=\"wpcf7-form-control wpcf7-email wpcf7-validates-as-required wpcf7-text wpcf7-validates-as-email\" aria-required=\"true\" aria-invalid=\"false\" value=\"\" type=\"email\" name=\"your-email\" \/><\/span>\n\t\t<\/p>\n\t<\/div>\n\t<div>\n\t\t<p><label>Website<\/label><br \/>\n<span class=\"wpcf7-form-control-wrap\" data-name=\"webseite\"><input size=\"40\" maxlength=\"400\" class=\"wpcf7-form-control wpcf7-text\" aria-invalid=\"false\" value=\"\" type=\"text\" name=\"webseite\" \/><\/span>\n\t\t<\/p>\n\t<\/div>\n<\/div>\n<div class=\"col2\">\n\t<div>\n\t\t<p><label>Phone*<\/label><br \/>\n<span class=\"wpcf7-form-control-wrap\" data-name=\"telefon\"><input size=\"40\" maxlength=\"400\" class=\"wpcf7-form-control wpcf7-tel wpcf7-validates-as-required wpcf7-text wpcf7-validates-as-tel\" aria-required=\"true\" aria-invalid=\"false\" value=\"\" type=\"tel\" name=\"telefon\" \/><\/span>\n\t\t<\/p>\n\t<\/div>\n\t<div class=\"upload-section\">\n\t\t<p><label>Extract from the commercial register*<\/label><br \/>\n<label for=\"handelsregisterauszug\" class=\"custom-file-label\">Upload commercial register excerpt<\/label><br \/>\n<span class=\"wpcf7-form-control-wrap\" data-name=\"handelsregisterauszug\"><input size=\"40\" class=\"wpcf7-form-control wpcf7-file wpcf7-validates-as-required custom-file-input\" id=\"handelsregisterauszug\" accept=\".pdf,.jpg,.jpeg,.png\" aria-required=\"true\" aria-invalid=\"false\" type=\"file\" name=\"handelsregisterauszug\" \/><\/span>\n\t\t<\/p>\n\t\t<p><span class=\"file-name\"><\/span>\n\t\t<\/p>\n\t\t<div class=\"checkbox-field\">\n\t\t\t<p><span class=\"wpcf7-form-control-wrap\" data-name=\"kein_handelsregisterauszug\"><span class=\"wpcf7-form-control wpcf7-checkbox\"><span class=\"wpcf7-list-item first last\"><label><input type=\"checkbox\" name=\"kein_handelsregisterauszug[]\" value=\"nicht vorhanden\" \/><span class=\"wpcf7-list-item-label\">not available<\/span><\/label><\/span><\/span><\/span>\n\t\t\t<\/p>\n\t\t<\/div>\n\t<\/div>\n<\/div>\n<p><label>Communication<\/label><br \/>\n<span class=\"wpcf7-form-control-wrap\" data-name=\"mitteilung\"><textarea cols=\"40\" rows=\"10\" maxlength=\"2000\" class=\"wpcf7-form-control wpcf7-textarea\" aria-invalid=\"false\" name=\"mitteilung\"><\/textarea><\/span>\n<\/p>\n<p><input class=\"wpcf7-form-control wpcf7-submit has-spinner\" type=\"submit\" value=\"Send request\" \/>\n<\/p><div class=\"wpcf7-response-output\" aria-hidden=\"true\"><\/div>\n<input type=\"hidden\" name=\"trp-form-language\" value=\"en\"\/><\/form>\n<\/div>","protected":false},"excerpt":{"rendered":"<p>Lass uns gemeinsamdurchstarten! M\u00f6chtest du ein autorisierter Partner von uns werden? Du f\u00fchrst ein Zweiradgesch\u00e4ft und suchst einen zuverl\u00e4ssigen Partner f\u00fcr Reifen? Dann bist du bei uns genau richtig. Wir bieten das umfangreichste und am schnellsten verf\u00fcgbare Sortiment an Zweiradreifen und -schl\u00e4uchen zu unschlagbaren Lieferzeiten. Der Weg zu deinem neuen Reifenpartner ist ganz einfach \u2013 [&hellip;]<\/p>\n","protected":false},"author":12325,"featured_media":0,"parent":0,"menu_order":0,"comment_status":"closed","ping_status":"closed","template":"","meta":{"_acf_changed":false,"ep_exclude_from_search":false,"footnotes":""},"class_list":["post-48142","page","type-page","status-publish","hentry"],"acf":[],"_links":{"self":[{"href":"https:\/\/ruegg.ping-ag.ch\/en\/wp-json\/wp\/v2\/pages\/48142","targetHints":{"allow":["GET"]}}],"collection":[{"href":"https:\/\/ruegg.ping-ag.ch\/en\/wp-json\/wp\/v2\/pages"}],"about":[{"href":"https:\/\/ruegg.ping-ag.ch\/en\/wp-json\/wp\/v2\/types\/page"}],"author":[{"embeddable":true,"href":"https:\/\/ruegg.ping-ag.ch\/en\/wp-json\/wp\/v2\/users\/12325"}],"replies":[{"embeddable":true,"href":"https:\/\/ruegg.ping-ag.ch\/en\/wp-json\/wp\/v2\/comments?post=48142"}],"version-history":[{"count":12,"href":"https:\/\/ruegg.ping-ag.ch\/en\/wp-json\/wp\/v2\/pages\/48142\/revisions"}],"predecessor-version":[{"id":107698,"href":"https:\/\/ruegg.ping-ag.ch\/en\/wp-json\/wp\/v2\/pages\/48142\/revisions\/107698"}],"wp:attachment":[{"href":"https:\/\/ruegg.ping-ag.ch\/en\/wp-json\/wp\/v2\/media?parent=48142"}],"curies":[{"name":"wp","href":"https:\/\/api.w.org\/{rel}","templated":true}]}}